{"id":45,"date":"2015-03-26T16:54:30","date_gmt":"2015-03-26T16:54:30","guid":{"rendered":"http:\/\/actisa.net\/estructuras\/?page_id=45"},"modified":"2015-10-27T11:02:40","modified_gmt":"2015-10-27T11:02:40","slug":"descargas","status":"publish","type":"page","link":"https:\/\/actisa.net\/estructuras\/descargas\/","title":{"rendered":"DESCARGAS"},"content":{"rendered":"<span class=\"but-link\"><a href=\"http:\/\/actisa.net\/estructuras\/downloads\" target=\"_blank\"><span>TRANSLATE THIS PAGE TO ENGLISH<\/span><\/a><\/span>\n<span class=\"but-link\"><a href=\"http:\/\/actisa.net\/estructuras\/telechargements\" target=\"_blank\"><span>TRADUIRE CETTE PAGE EN FRAN\u00c7AIS<\/span><\/a><\/span>\n<ul>\n<li>\n<h4><a href=\"http:\/\/www.actisa.net\/descargas\/ficha_cajon_2x1x05.pdf\" target=\"_blank\">Ficha Caj\u00f3n 2x1x0,5m<\/a>.<\/h4>\n<\/li>\n<li>\n<h4><a href=\"http:\/\/www.actisa.net\/descargas\/guia-epd-sp.pdf\" target=\"_blank\">E.P.D Gu\u00eda tecnol\u00f3gica de aplicaci\u00f3n PDF (30mb.)<\/a><\/h4>\n<\/li>\n<li><strong><a href=\"http:\/\/www.actisa.net\/descargas\/Folletos%20espa%C3%B1ol\/folleto%20estructuras%20y%20pavimentos%20discontinuos.pdf\" target=\"_blank\">Folleto Estructuras y Pavimentos Discontinuos<\/a><\/strong><\/li>\n<\/ul>\n","protected":false},"excerpt":{"rendered":"<p>Ficha Caj\u00f3n 2x1x0,5m. E.P.D Gu\u00eda tecnol\u00f3gica de aplicaci\u00f3n PDF (30mb.) Folleto Estructuras y Pavimentos Discontinuos<\/p>\n","protected":false},"author":1,"featured_media":0,"parent":0,"menu_order":0,"comment_status":"open","ping_status":"open","template":"","meta":[],"_links":{"self":[{"href":"https:\/\/actisa.net\/estructuras\/wp-json\/wp\/v2\/pages\/45"}],"collection":[{"href":"https:\/\/actisa.net\/estructuras\/wp-json\/wp\/v2\/pages"}],"about":[{"href":"https:\/\/actisa.net\/estructuras\/wp-json\/wp\/v2\/types\/page"}],"author":[{"embeddable":true,"href":"https:\/\/actisa.net\/estructuras\/wp-json\/wp\/v2\/users\/1"}],"replies":[{"embeddable":true,"href":"https:\/\/actisa.net\/estructuras\/wp-json\/wp\/v2\/comments?post=45"}],"version-history":[{"count":4,"href":"https:\/\/actisa.net\/estructuras\/wp-json\/wp\/v2\/pages\/45\/revisions"}],"predecessor-version":[{"id":70,"href":"https:\/\/actisa.net\/estructuras\/wp-json\/wp\/v2\/pages\/45\/revisions\/70"}],"wp:attachment":[{"href":"https:\/\/actisa.net\/estructuras\/wp-json\/wp\/v2\/media?parent=45"}],"curies":[{"name":"wp","href":"https:\/\/api.w.org\/{rel}","templated":true}]}}