{"id":1706,"date":"2023-07-18T08:56:19","date_gmt":"2023-07-18T06:56:19","guid":{"rendered":"https:\/\/actisa.net\/web\/?page_id=1706"},"modified":"2023-07-20T08:44:00","modified_gmt":"2023-07-20T06:44:00","slug":"energia","status":"publish","type":"page","link":"https:\/\/actisa.net\/web\/servicio-consultoria-obra-civil\/energia\/","title":{"rendered":"Energ\u00eda"},"content":{"rendered":"\t\t<div data-elementor-type=\"wp-page\" data-elementor-id=\"1706\" class=\"elementor elementor-1706\" data-elementor-post-type=\"page\">\n\t\t\t\t<div class=\"elementor-element elementor-element-44c5ef2 e-flex e-con-boxed e-con e-parent\" data-id=\"44c5ef2\" data-element_type=\"container\" data-settings=\"{&quot;background_background&quot;:&quot;classic&quot;}\">\n\t\t\t\t\t<div class=\"e-con-inner\">\n\t\t\t\t<div class=\"elementor-element elementor-element-62064c4 elementor-widget elementor-widget-heading\" data-id=\"62064c4\" data-element_type=\"widget\" data-widget_type=\"heading.default\">\n\t\t\t\t<div class=\"elementor-widget-container\">\n\t\t\t\t\t<h1 class=\"elementor-heading-title elementor-size-default\">Energ\u00eda<\/h1>\t\t\t\t<\/div>\n\t\t\t\t<\/div>\n\t\t\t\t\t<\/div>\n\t\t\t\t<\/div>\n\t\t<div class=\"elementor-element elementor-element-342c155 e-flex e-con-boxed e-con e-parent\" data-id=\"342c155\" data-element_type=\"container\">\n\t\t\t\t\t<div class=\"e-con-inner\">\n\t\t\t\t<div class=\"elementor-element elementor-element-48ca69d elementor-widget elementor-widget-html\" data-id=\"48ca69d\" data-element_type=\"widget\" data-widget_type=\"html.default\">\n\t\t\t\t<div class=\"elementor-widget-container\">\n\t\t\t\t\t<a href=\"javascript:history.back()\"> < Volver atr\u00e1s<\/a>\t\t\t\t<\/div>\n\t\t\t\t<\/div>\n\t\t\t\t\t<\/div>\n\t\t\t\t<\/div>\n\t\t<div class=\"elementor-element elementor-element-9f30af1 e-flex e-con-boxed e-con e-parent\" data-id=\"9f30af1\" data-element_type=\"container\">\n\t\t\t\t\t<div class=\"e-con-inner\">\n\t\t\t\t<div class=\"elementor-element elementor-element-a882480 elementor-position-left elementor-mobile-position-left elementor-widget__width-inherit elementor-widget-laptop__width-inherit elementor-widget-tablet__width-inherit elementor-view-default elementor-widget elementor-widget-icon-box\" data-id=\"a882480\" data-element_type=\"widget\" data-widget_type=\"icon-box.default\">\n\t\t\t\t<div class=\"elementor-widget-container\">\n\t\t\t\t\t\t\t<div class=\"elementor-icon-box-wrapper\">\n\n\t\t\t\t\t\t<div class=\"elementor-icon-box-icon\">\n\t\t\t\t<span  class=\"elementor-icon\">\n\t\t\t\t<svg xmlns=\"http:\/\/www.w3.org\/2000\/svg\" width=\"14.349\" height=\"29.44\" viewBox=\"0 0 14.349 29.44\"><path id=\"Trazado_8\" data-name=\"Trazado 8\" d=\"M1754.88,640.144c.062-.875.114-1.689.178-2.5.072-.924.151-1.847.229-2.77.1-1.177.211-2.351.3-3.529.1-1.251.164-2.5.264-3.753.115-1.431.259-2.859.383-4.29.062-.724.1-1.451.156-2.176q.218-2.827.44-5.654.167-2.147.336-4.294a4.3,4.3,0,0,1,.086-.447h9.583q.607,7.347,1.21,14.665c.4,4.888.791,9.776,1.182,14.633a.512.512,0,0,1-.043.08c-.012.013-.03.029-.045.029q-6.913.018-13.824.033C1755.192,640.168,1755.068,640.155,1754.88,640.144Z\" transform=\"translate(-1754.88 -610.73)\" fill=\"#e52321\"><\/path><\/svg>\t\t\t\t<\/span>\n\t\t\t<\/div>\n\t\t\t\n\t\t\t\t\t\t<div class=\"elementor-icon-box-content\">\n\n\t\t\t\t\t\t\t\t\t<h2 class=\"elementor-icon-box-title\">\n\t\t\t\t\t\t<span  >\n\t\t\t\t\t\t\tAlumbrado p\u00fablico, eficiencia energ\u00e9tica y renovables\t\t\t\t\t\t<\/span>\n\t\t\t\t\t<\/h2>\n\t\t\t\t\n\t\t\t\t\n\t\t\t<\/div>\n\t\t\t\n\t\t<\/div>\n\t\t\t\t\t\t<\/div>\n\t\t\t\t<\/div>\n\t\t\t\t<div class=\"elementor-element elementor-element-95f7374 elementor-widget__width-initial elementor-hidden-desktop elementor-hidden-laptop elementor-widget elementor-widget-image\" data-id=\"95f7374\" data-element_type=\"widget\" data-widget_type=\"image.default\">\n\t\t\t\t<div class=\"elementor-widget-container\">\n\t\t\t\t\t\t\t\t\t\t\t\t\t\t\t<img fetchpriority=\"high\" decoding=\"async\" width=\"458\" height=\"309\" src=\"https:\/\/actisa.net\/web\/wp-content\/uploads\/2023\/07\/alumbrado.webp\" class=\"attachment-full size-full wp-image-1776\" alt=\"alumbrado\" \/>\t\t\t\t\t\t\t\t\t\t\t\t\t\t\t<\/div>\n\t\t\t\t<\/div>\n\t\t\t\t<div class=\"elementor-element elementor-element-e2d693b elementor-widget__width-initial elementor-widget elementor-widget-text-editor\" data-id=\"e2d693b\" data-element_type=\"widget\" data-widget_type=\"text-editor.default\">\n\t\t\t\t<div class=\"elementor-widget-container\">\n\t\t\t\t\t\t\t\t\t<p>Por lo general la mayor\u00eda de proyectos de urbanizaci\u00f3n, as\u00ed como en otros como traves\u00edas de carreteras, estaciones intermodales, etc\u2026 se incluye la instalaci\u00f3n de alumbrado. Por este motivo ACTISA ha acumulado una experiencia muy importante en el proyecto y c\u00e1lculo de instalaciones de alumbrado y su eficiencia energ\u00e9tica.<\/p><p>De la misma forma la empresa atesora una gran experiencia en proyectos de renovables. De hecho es la primera empresa a nivel mundial\u00a0 en tener los derechos de patente de la baldosa solar y la baldosa solar inteligente.<\/p><p>De la misma forma la empresa ha vinculado instalaciones renovables a proyectos de alumbrado p\u00fablico, fuentes ornamentales, etc\u2026 consiguiendo soluciones no s\u00f3lo autosuficientes sino con capacidad de verter a red.<\/p><p>ACTISA cuenta con personal t\u00e9cnico experimentado y habilitado para la tramitaci\u00f3n de este tipo de proyectos.<\/p>\t\t\t\t\t\t\t\t<\/div>\n\t\t\t\t<\/div>\n\t\t\t\t<div class=\"elementor-element elementor-element-745c200 elementor-widget__width-initial elementor-hidden-tablet elementor-hidden-mobile elementor-widget elementor-widget-image\" data-id=\"745c200\" data-element_type=\"widget\" data-widget_type=\"image.default\">\n\t\t\t\t<div class=\"elementor-widget-container\">\n\t\t\t\t\t\t\t\t\t\t\t\t\t\t\t<img fetchpriority=\"high\" decoding=\"async\" width=\"458\" height=\"309\" src=\"https:\/\/actisa.net\/web\/wp-content\/uploads\/2023\/07\/alumbrado.webp\" class=\"attachment-full size-full wp-image-1776\" alt=\"alumbrado\" \/>\t\t\t\t\t\t\t\t\t\t\t\t\t\t\t<\/div>\n\t\t\t\t<\/div>\n\t\t\t\t<div class=\"elementor-element elementor-element-79a636f elementor-widget__width-inherit elementor-widget elementor-widget-accordion\" data-id=\"79a636f\" data-element_type=\"widget\" data-widget_type=\"accordion.default\">\n\t\t\t\t<div class=\"elementor-widget-container\">\n\t\t\t\t\t\t\t<div class=\"elementor-accordion\">\n\t\t\t\t\t\t\t<div class=\"elementor-accordion-item\">\n\t\t\t\t\t<div id=\"elementor-tab-title-1271\" class=\"elementor-tab-title\" data-tab=\"1\" role=\"button\" aria-controls=\"elementor-tab-content-1271\" aria-expanded=\"false\">\n\t\t\t\t\t\t\t\t\t\t\t\t\t<span class=\"elementor-accordion-icon elementor-accordion-icon-right\" aria-hidden=\"true\">\n\t\t\t\t\t\t\t\t\t\t\t\t\t\t\t<span class=\"elementor-accordion-icon-closed\"><i class=\"fas fa-chevron-right\"><\/i><\/span>\n\t\t\t\t\t\t\t\t<span class=\"elementor-accordion-icon-opened\"><i class=\"fas fa-chevron-down\"><\/i><\/span>\n\t\t\t\t\t\t\t\t\t\t\t\t\t\t<\/span>\n\t\t\t\t\t\t\t\t\t\t\t\t<a class=\"elementor-accordion-title\" tabindex=\"0\">Consultor\u00eda<\/a>\n\t\t\t\t\t<\/div>\n\t\t\t\t\t<div id=\"elementor-tab-content-1271\" class=\"elementor-tab-content elementor-clearfix\" data-tab=\"1\" role=\"region\" aria-labelledby=\"elementor-tab-title-1271\"><ul><li>Proyectos de instalaciones de alumbrado.<\/li><li>Proyectos de instalaciones fotovoltaicas y e\u00f3licas.<\/li><li>C\u00e1lculos lum\u00ednicos.<\/li><li>Estudios de mejora de la eficiencia energ\u00e9tica.<\/li><\/ul><\/div>\n\t\t\t\t<\/div>\n\t\t\t\t\t\t\t<div class=\"elementor-accordion-item\">\n\t\t\t\t\t<div id=\"elementor-tab-title-1272\" class=\"elementor-tab-title\" data-tab=\"2\" role=\"button\" aria-controls=\"elementor-tab-content-1272\" aria-expanded=\"false\">\n\t\t\t\t\t\t\t\t\t\t\t\t\t<span class=\"elementor-accordion-icon elementor-accordion-icon-right\" aria-hidden=\"true\">\n\t\t\t\t\t\t\t\t\t\t\t\t\t\t\t<span class=\"elementor-accordion-icon-closed\"><i class=\"fas fa-chevron-right\"><\/i><\/span>\n\t\t\t\t\t\t\t\t<span class=\"elementor-accordion-icon-opened\"><i class=\"fas fa-chevron-down\"><\/i><\/span>\n\t\t\t\t\t\t\t\t\t\t\t\t\t\t<\/span>\n\t\t\t\t\t\t\t\t\t\t\t\t<a class=\"elementor-accordion-title\" tabindex=\"0\">Ingenier\u00eda de Dise\u00f1o<\/a>\n\t\t\t\t\t<\/div>\n\t\t\t\t\t<div id=\"elementor-tab-content-1272\" class=\"elementor-tab-content elementor-clearfix\" data-tab=\"2\" role=\"region\" aria-labelledby=\"elementor-tab-title-1272\"><ul><li>Dise\u00f1o de alumbrado p\u00fablico.<\/li><li>Dise\u00f1o de instalaciones fotovoltaicas y e\u00f3licas.<\/li><li>Proyectos de marquesina fotovoltaicas.<\/li><li>Tramitaci\u00f3n administrativa de proyectos.<\/li><li>Estaciones de recarga vinculadas a renovables.<\/li><\/ul><\/div>\n\t\t\t\t<\/div>\n\t\t\t\t\t\t\t<div class=\"elementor-accordion-item\">\n\t\t\t\t\t<div id=\"elementor-tab-title-1273\" class=\"elementor-tab-title\" data-tab=\"3\" role=\"button\" aria-controls=\"elementor-tab-content-1273\" aria-expanded=\"false\">\n\t\t\t\t\t\t\t\t\t\t\t\t\t<span class=\"elementor-accordion-icon elementor-accordion-icon-right\" aria-hidden=\"true\">\n\t\t\t\t\t\t\t\t\t\t\t\t\t\t\t<span class=\"elementor-accordion-icon-closed\"><i class=\"fas fa-chevron-right\"><\/i><\/span>\n\t\t\t\t\t\t\t\t<span class=\"elementor-accordion-icon-opened\"><i class=\"fas fa-chevron-down\"><\/i><\/span>\n\t\t\t\t\t\t\t\t\t\t\t\t\t\t<\/span>\n\t\t\t\t\t\t\t\t\t\t\t\t<a class=\"elementor-accordion-title\" tabindex=\"0\">Gesti\u00f3n de la construcci\u00f3n<\/a>\n\t\t\t\t\t<\/div>\n\t\t\t\t\t<div id=\"elementor-tab-content-1273\" class=\"elementor-tab-content elementor-clearfix\" data-tab=\"3\" role=\"region\" aria-labelledby=\"elementor-tab-title-1273\"><ul><li>Asistencia T\u00e9cnica.<\/li><li>Control y vigilancia de obras.<\/li><li>Direcci\u00f3n de obra.<\/li><li>Tramitaci\u00f3n de expedientes de obra.<\/li><li>Apoyo, seguimiento y coordinaci\u00f3n de expropiaciones.<\/li><li>Apoyo y seguimiento de la reposici\u00f3n de servicios afectados.<\/li><li>Gesti\u00f3n integral de la obra.<\/li><\/ul><\/div>\n\t\t\t\t<\/div>\n\t\t\t\t\t\t\t<div class=\"elementor-accordion-item\">\n\t\t\t\t\t<div id=\"elementor-tab-title-1274\" class=\"elementor-tab-title\" data-tab=\"4\" role=\"button\" aria-controls=\"elementor-tab-content-1274\" aria-expanded=\"false\">\n\t\t\t\t\t\t\t\t\t\t\t\t\t<span class=\"elementor-accordion-icon elementor-accordion-icon-right\" aria-hidden=\"true\">\n\t\t\t\t\t\t\t\t\t\t\t\t\t\t\t<span class=\"elementor-accordion-icon-closed\"><i class=\"fas fa-chevron-right\"><\/i><\/span>\n\t\t\t\t\t\t\t\t<span class=\"elementor-accordion-icon-opened\"><i class=\"fas fa-chevron-down\"><\/i><\/span>\n\t\t\t\t\t\t\t\t\t\t\t\t\t\t<\/span>\n\t\t\t\t\t\t\t\t\t\t\t\t<a class=\"elementor-accordion-title\" tabindex=\"0\">Estudios de Seguridad y Salud<\/a>\n\t\t\t\t\t<\/div>\n\t\t\t\t\t<div id=\"elementor-tab-content-1274\" class=\"elementor-tab-content elementor-clearfix\" data-tab=\"4\" role=\"region\" aria-labelledby=\"elementor-tab-title-1274\"><ul><li>Estudios de Seguridad y Salud.<\/li><li>Elaboraci\u00f3n y asesoramiento en planes de seguridad.<\/li><li>Coordinaci\u00f3n de Seguridad y Salud en fase de proyecto y ejecuci\u00f3n de obra.<\/li><li>Planes de emergencia (Manual de Autoprotecci\u00f3n RD393\/2007).<\/li><li>Control y gesti\u00f3n de la informaci\u00f3n preventiva.<\/li><li>Coordinaci\u00f3n de Actividad Empresarial (RD 171\/04).<\/li><li>Informes espec\u00edficos en prevenci\u00f3n de riesgos laborales y seguridad y salud.<\/li><\/ul><\/div>\n\t\t\t\t<\/div>\n\t\t\t\t\t\t\t<div class=\"elementor-accordion-item\">\n\t\t\t\t\t<div id=\"elementor-tab-title-1275\" class=\"elementor-tab-title\" data-tab=\"5\" role=\"button\" aria-controls=\"elementor-tab-content-1275\" aria-expanded=\"false\">\n\t\t\t\t\t\t\t\t\t\t\t\t\t<span class=\"elementor-accordion-icon elementor-accordion-icon-right\" aria-hidden=\"true\">\n\t\t\t\t\t\t\t\t\t\t\t\t\t\t\t<span class=\"elementor-accordion-icon-closed\"><i class=\"fas fa-chevron-right\"><\/i><\/span>\n\t\t\t\t\t\t\t\t<span class=\"elementor-accordion-icon-opened\"><i class=\"fas fa-chevron-down\"><\/i><\/span>\n\t\t\t\t\t\t\t\t\t\t\t\t\t\t<\/span>\n\t\t\t\t\t\t\t\t\t\t\t\t<a class=\"elementor-accordion-title\" tabindex=\"0\">Control de Calidad<\/a>\n\t\t\t\t\t<\/div>\n\t\t\t\t\t<div id=\"elementor-tab-content-1275\" class=\"elementor-tab-content elementor-clearfix\" data-tab=\"5\" role=\"region\" aria-labelledby=\"elementor-tab-title-1275\"><ul><li>Control calidad de obra seg\u00fan ISO 9001<\/li><li>Gesti\u00f3n digital de la calidad.<\/li><li>Gesti\u00f3n BIM de la calidad.<\/li><\/ul><\/div>\n\t\t\t\t<\/div>\n\t\t\t\t\t\t\t<div class=\"elementor-accordion-item\">\n\t\t\t\t\t<div id=\"elementor-tab-title-1276\" class=\"elementor-tab-title\" data-tab=\"6\" role=\"button\" aria-controls=\"elementor-tab-content-1276\" aria-expanded=\"false\">\n\t\t\t\t\t\t\t\t\t\t\t\t\t<span class=\"elementor-accordion-icon elementor-accordion-icon-right\" aria-hidden=\"true\">\n\t\t\t\t\t\t\t\t\t\t\t\t\t\t\t<span class=\"elementor-accordion-icon-closed\"><i class=\"fas fa-chevron-right\"><\/i><\/span>\n\t\t\t\t\t\t\t\t<span class=\"elementor-accordion-icon-opened\"><i class=\"fas fa-chevron-down\"><\/i><\/span>\n\t\t\t\t\t\t\t\t\t\t\t\t\t\t<\/span>\n\t\t\t\t\t\t\t\t\t\t\t\t<a class=\"elementor-accordion-title\" tabindex=\"0\">Servicios Medioambientales<\/a>\n\t\t\t\t\t<\/div>\n\t\t\t\t\t<div id=\"elementor-tab-content-1276\" class=\"elementor-tab-content elementor-clearfix\" data-tab=\"6\" role=\"region\" aria-labelledby=\"elementor-tab-title-1276\"><ul><li>Estudios de impacto ambiental.<\/li><li>Plan de gesti\u00f3n de residuos.<\/li><li>Seguimiento medioambiental de obras seg\u00fan ISO 14.001<\/li><li>Direcci\u00f3n ambiental.<\/li><\/ul><\/div>\n\t\t\t\t<\/div>\n\t\t\t\t\t\t\t\t<\/div>\n\t\t\t\t\t\t<\/div>\n\t\t\t\t<\/div>\n\t\t\t\t\t<\/div>\n\t\t\t\t<\/div>\n\t\t\t\t<\/div>\n\t\t","protected":false},"excerpt":{"rendered":"<p>Energ\u00eda < Volver atr\u00e1s Alumbrado p\u00fablico, eficiencia energ\u00e9tica y renovables Por lo general la mayor\u00eda de proyectos de urbanizaci\u00f3n, as\u00ed como en otros como traves\u00edas de carreteras, estaciones intermodales, etc\u2026 se incluye la instalaci\u00f3n de alumbrado. Por este motivo ACTISA ha acumulado una experiencia muy importante en el proyecto y c\u00e1lculo de instalaciones de alumbrado [&hellip;]\n<\/p>\n","protected":false},"author":1,"featured_media":0,"parent":348,"menu_order":0,"comment_status":"closed","ping_status":"closed","template":"elementor_header_footer","meta":{"footnotes":""},"class_list":["post-1706","page","type-page","status-publish","hentry"],"acf":[],"yoast_head":"<!-- This site is optimized with the Yoast SEO plugin v26.2 - https:\/\/yoast.com\/wordpress\/plugins\/seo\/ -->\n<title>Energ\u00eda - Actisa<\/title>\n<meta name=\"description\" content=\"Los proyectos de urbanizaci\u00f3n, carreteras, estaciones intermodales requieren de instalaciones de alumbrado y su eficiencia energ\u00e9tica.\" \/>\n<meta name=\"robots\" content=\"index, follow, max-snippet:-1, max-image-preview:large, max-video-preview:-1\" \/>\n<link rel=\"canonical\" href=\"https:\/\/actisa.net\/web\/servicio-consultoria-obra-civil\/energia\/\" \/>\n<meta property=\"og:locale\" content=\"es_ES\" \/>\n<meta property=\"og:type\" content=\"article\" \/>\n<meta property=\"og:title\" content=\"Energ\u00eda - Actisa\" \/>\n<meta property=\"og:description\" content=\"Los proyectos de urbanizaci\u00f3n, carreteras, estaciones intermodales requieren de instalaciones de alumbrado y su eficiencia energ\u00e9tica.\" \/>\n<meta property=\"og:url\" content=\"https:\/\/actisa.net\/web\/servicio-consultoria-obra-civil\/energia\/\" \/>\n<meta property=\"og:site_name\" content=\"Actisa\" \/>\n<meta property=\"article:modified_time\" content=\"2023-07-20T06:44:00+00:00\" \/>\n<meta property=\"og:image\" content=\"https:\/\/actisa.net\/web\/wp-content\/uploads\/2023\/07\/alumbrado.webp\" \/>\n<meta name=\"twitter:card\" content=\"summary_large_image\" \/>\n<meta name=\"twitter:label1\" content=\"Tiempo de lectura\" \/>\n\t<meta name=\"twitter:data1\" content=\"2 minutos\" \/>\n<script type=\"application\/ld+json\" class=\"yoast-schema-graph\">{\"@context\":\"https:\/\/schema.org\",\"@graph\":[{\"@type\":\"WebPage\",\"@id\":\"https:\/\/actisa.net\/web\/servicio-consultoria-obra-civil\/energia\/\",\"url\":\"https:\/\/actisa.net\/web\/servicio-consultoria-obra-civil\/energia\/\",\"name\":\"Energ\u00eda - Actisa\",\"isPartOf\":{\"@id\":\"https:\/\/actisa.net\/web\/#website\"},\"primaryImageOfPage\":{\"@id\":\"https:\/\/actisa.net\/web\/servicio-consultoria-obra-civil\/energia\/#primaryimage\"},\"image\":{\"@id\":\"https:\/\/actisa.net\/web\/servicio-consultoria-obra-civil\/energia\/#primaryimage\"},\"thumbnailUrl\":\"https:\/\/actisa.net\/web\/wp-content\/uploads\/2023\/07\/alumbrado.webp\",\"datePublished\":\"2023-07-18T06:56:19+00:00\",\"dateModified\":\"2023-07-20T06:44:00+00:00\",\"description\":\"Los proyectos de urbanizaci\u00f3n, carreteras, estaciones intermodales requieren de instalaciones de alumbrado y su eficiencia energ\u00e9tica.\",\"breadcrumb\":{\"@id\":\"https:\/\/actisa.net\/web\/servicio-consultoria-obra-civil\/energia\/#breadcrumb\"},\"inLanguage\":\"es\",\"potentialAction\":[{\"@type\":\"ReadAction\",\"target\":[\"https:\/\/actisa.net\/web\/servicio-consultoria-obra-civil\/energia\/\"]}]},{\"@type\":\"ImageObject\",\"inLanguage\":\"es\",\"@id\":\"https:\/\/actisa.net\/web\/servicio-consultoria-obra-civil\/energia\/#primaryimage\",\"url\":\"https:\/\/actisa.net\/web\/wp-content\/uploads\/2023\/07\/alumbrado.webp\",\"contentUrl\":\"https:\/\/actisa.net\/web\/wp-content\/uploads\/2023\/07\/alumbrado.webp\",\"width\":458,\"height\":309,\"caption\":\"alumbrado\"},{\"@type\":\"BreadcrumbList\",\"@id\":\"https:\/\/actisa.net\/web\/servicio-consultoria-obra-civil\/energia\/#breadcrumb\",\"itemListElement\":[{\"@type\":\"ListItem\",\"position\":1,\"name\":\"Portada\",\"item\":\"https:\/\/actisa.net\/web\/\"},{\"@type\":\"ListItem\",\"position\":2,\"name\":\"Servicio consultor\u00eda obra civil, Transporte y Arquitectura\",\"item\":\"https:\/\/actisa.net\/web\/servicio-consultoria-obra-civil\/\"},{\"@type\":\"ListItem\",\"position\":3,\"name\":\"Energ\u00eda\"}]},{\"@type\":\"WebSite\",\"@id\":\"https:\/\/actisa.net\/web\/#website\",\"url\":\"https:\/\/actisa.net\/web\/\",\"name\":\"Actisa\",\"description\":\"Actividades de consultor\u00eda t\u00e9cnica, investigaci\u00f3n y servicios avanzados\",\"publisher\":{\"@id\":\"https:\/\/actisa.net\/web\/#organization\"},\"potentialAction\":[{\"@type\":\"SearchAction\",\"target\":{\"@type\":\"EntryPoint\",\"urlTemplate\":\"https:\/\/actisa.net\/web\/?s={search_term_string}\"},\"query-input\":{\"@type\":\"PropertyValueSpecification\",\"valueRequired\":true,\"valueName\":\"search_term_string\"}}],\"inLanguage\":\"es\"},{\"@type\":\"Organization\",\"@id\":\"https:\/\/actisa.net\/web\/#organization\",\"name\":\"Actisa\",\"url\":\"https:\/\/actisa.net\/web\/\",\"logo\":{\"@type\":\"ImageObject\",\"inLanguage\":\"es\",\"@id\":\"https:\/\/actisa.net\/web\/#\/schema\/logo\/image\/\",\"url\":\"https:\/\/actisa.net\/web\/wp-content\/uploads\/2023\/06\/actisaLogoFooter.png\",\"contentUrl\":\"https:\/\/actisa.net\/web\/wp-content\/uploads\/2023\/06\/actisaLogoFooter.png\",\"width\":254,\"height\":75,\"caption\":\"Actisa\"},\"image\":{\"@id\":\"https:\/\/actisa.net\/web\/#\/schema\/logo\/image\/\"}}]}<\/script>\n<!-- \/ Yoast SEO plugin. -->","yoast_head_json":{"title":"Energ\u00eda - Actisa","description":"Los proyectos de urbanizaci\u00f3n, carreteras, estaciones intermodales requieren de instalaciones de alumbrado y su eficiencia energ\u00e9tica.","robots":{"index":"index","follow":"follow","max-snippet":"max-snippet:-1","max-image-preview":"max-image-preview:large","max-video-preview":"max-video-preview:-1"},"canonical":"https:\/\/actisa.net\/web\/servicio-consultoria-obra-civil\/energia\/","og_locale":"es_ES","og_type":"article","og_title":"Energ\u00eda - Actisa","og_description":"Los proyectos de urbanizaci\u00f3n, carreteras, estaciones intermodales requieren de instalaciones de alumbrado y su eficiencia energ\u00e9tica.","og_url":"https:\/\/actisa.net\/web\/servicio-consultoria-obra-civil\/energia\/","og_site_name":"Actisa","article_modified_time":"2023-07-20T06:44:00+00:00","og_image":[{"url":"https:\/\/actisa.net\/web\/wp-content\/uploads\/2023\/07\/alumbrado.webp","type":"","width":"","height":""}],"twitter_card":"summary_large_image","twitter_misc":{"Tiempo de lectura":"2 minutos"},"schema":{"@context":"https:\/\/schema.org","@graph":[{"@type":"WebPage","@id":"https:\/\/actisa.net\/web\/servicio-consultoria-obra-civil\/energia\/","url":"https:\/\/actisa.net\/web\/servicio-consultoria-obra-civil\/energia\/","name":"Energ\u00eda - Actisa","isPartOf":{"@id":"https:\/\/actisa.net\/web\/#website"},"primaryImageOfPage":{"@id":"https:\/\/actisa.net\/web\/servicio-consultoria-obra-civil\/energia\/#primaryimage"},"image":{"@id":"https:\/\/actisa.net\/web\/servicio-consultoria-obra-civil\/energia\/#primaryimage"},"thumbnailUrl":"https:\/\/actisa.net\/web\/wp-content\/uploads\/2023\/07\/alumbrado.webp","datePublished":"2023-07-18T06:56:19+00:00","dateModified":"2023-07-20T06:44:00+00:00","description":"Los proyectos de urbanizaci\u00f3n, carreteras, estaciones intermodales requieren de instalaciones de alumbrado y su eficiencia energ\u00e9tica.","breadcrumb":{"@id":"https:\/\/actisa.net\/web\/servicio-consultoria-obra-civil\/energia\/#breadcrumb"},"inLanguage":"es","potentialAction":[{"@type":"ReadAction","target":["https:\/\/actisa.net\/web\/servicio-consultoria-obra-civil\/energia\/"]}]},{"@type":"ImageObject","inLanguage":"es","@id":"https:\/\/actisa.net\/web\/servicio-consultoria-obra-civil\/energia\/#primaryimage","url":"https:\/\/actisa.net\/web\/wp-content\/uploads\/2023\/07\/alumbrado.webp","contentUrl":"https:\/\/actisa.net\/web\/wp-content\/uploads\/2023\/07\/alumbrado.webp","width":458,"height":309,"caption":"alumbrado"},{"@type":"BreadcrumbList","@id":"https:\/\/actisa.net\/web\/servicio-consultoria-obra-civil\/energia\/#breadcrumb","itemListElement":[{"@type":"ListItem","position":1,"name":"Portada","item":"https:\/\/actisa.net\/web\/"},{"@type":"ListItem","position":2,"name":"Servicio consultor\u00eda obra civil, Transporte y Arquitectura","item":"https:\/\/actisa.net\/web\/servicio-consultoria-obra-civil\/"},{"@type":"ListItem","position":3,"name":"Energ\u00eda"}]},{"@type":"WebSite","@id":"https:\/\/actisa.net\/web\/#website","url":"https:\/\/actisa.net\/web\/","name":"Actisa","description":"Actividades de consultor\u00eda t\u00e9cnica, investigaci\u00f3n y servicios avanzados","publisher":{"@id":"https:\/\/actisa.net\/web\/#organization"},"potentialAction":[{"@type":"SearchAction","target":{"@type":"EntryPoint","urlTemplate":"https:\/\/actisa.net\/web\/?s={search_term_string}"},"query-input":{"@type":"PropertyValueSpecification","valueRequired":true,"valueName":"search_term_string"}}],"inLanguage":"es"},{"@type":"Organization","@id":"https:\/\/actisa.net\/web\/#organization","name":"Actisa","url":"https:\/\/actisa.net\/web\/","logo":{"@type":"ImageObject","inLanguage":"es","@id":"https:\/\/actisa.net\/web\/#\/schema\/logo\/image\/","url":"https:\/\/actisa.net\/web\/wp-content\/uploads\/2023\/06\/actisaLogoFooter.png","contentUrl":"https:\/\/actisa.net\/web\/wp-content\/uploads\/2023\/06\/actisaLogoFooter.png","width":254,"height":75,"caption":"Actisa"},"image":{"@id":"https:\/\/actisa.net\/web\/#\/schema\/logo\/image\/"}}]}},"lang":"es","translations":{"es":1706,"en":1940},"pll_sync_post":[],"_links":{"self":[{"href":"https:\/\/actisa.net\/web\/wp-json\/wp\/v2\/pages\/1706","targetHints":{"allow":["GET"]}}],"collection":[{"href":"https:\/\/actisa.net\/web\/wp-json\/wp\/v2\/pages"}],"about":[{"href":"https:\/\/actisa.net\/web\/wp-json\/wp\/v2\/types\/page"}],"author":[{"embeddable":true,"href":"https:\/\/actisa.net\/web\/wp-json\/wp\/v2\/users\/1"}],"replies":[{"embeddable":true,"href":"https:\/\/actisa.net\/web\/wp-json\/wp\/v2\/comments?post=1706"}],"version-history":[{"count":11,"href":"https:\/\/actisa.net\/web\/wp-json\/wp\/v2\/pages\/1706\/revisions"}],"predecessor-version":[{"id":1815,"href":"https:\/\/actisa.net\/web\/wp-json\/wp\/v2\/pages\/1706\/revisions\/1815"}],"up":[{"embeddable":true,"href":"https:\/\/actisa.net\/web\/wp-json\/wp\/v2\/pages\/348"}],"wp:attachment":[{"href":"https:\/\/actisa.net\/web\/wp-json\/wp\/v2\/media?parent=1706"}],"curies":[{"name":"wp","href":"https:\/\/api.w.org\/{rel}","templated":true}]}}