{"id":1708,"date":"2023-07-18T08:56:41","date_gmt":"2023-07-18T06:56:41","guid":{"rendered":"https:\/\/actisa.net\/web\/?page_id=1708"},"modified":"2023-07-20T08:44:35","modified_gmt":"2023-07-20T06:44:35","slug":"edificacion","status":"publish","type":"page","link":"https:\/\/actisa.net\/web\/servicio-consultoria-obra-civil\/edificacion\/","title":{"rendered":"Edificaci\u00f3n"},"content":{"rendered":"\t\t<div data-elementor-type=\"wp-page\" data-elementor-id=\"1708\" class=\"elementor elementor-1708\" data-elementor-post-type=\"page\">\n\t\t\t\t<div class=\"elementor-element elementor-element-c3d2b95 e-flex e-con-boxed e-con e-parent\" data-id=\"c3d2b95\" data-element_type=\"container\" data-settings=\"{&quot;background_background&quot;:&quot;classic&quot;}\">\n\t\t\t\t\t<div class=\"e-con-inner\">\n\t\t\t\t<div class=\"elementor-element elementor-element-dd91dbf elementor-widget elementor-widget-heading\" data-id=\"dd91dbf\" data-element_type=\"widget\" data-widget_type=\"heading.default\">\n\t\t\t\t<div class=\"elementor-widget-container\">\n\t\t\t\t\t<h1 class=\"elementor-heading-title elementor-size-default\">Edificaci\u00f3n<\/h1>\t\t\t\t<\/div>\n\t\t\t\t<\/div>\n\t\t\t\t\t<\/div>\n\t\t\t\t<\/div>\n\t\t<div class=\"elementor-element elementor-element-b8b1986 e-flex e-con-boxed e-con e-parent\" data-id=\"b8b1986\" data-element_type=\"container\">\n\t\t\t\t\t<div class=\"e-con-inner\">\n\t\t\t\t<div class=\"elementor-element elementor-element-4c1674d elementor-widget elementor-widget-html\" data-id=\"4c1674d\" data-element_type=\"widget\" data-widget_type=\"html.default\">\n\t\t\t\t<div class=\"elementor-widget-container\">\n\t\t\t\t\t<a href=\"javascript:history.back()\"> < Volver atr\u00e1s<\/a>\t\t\t\t<\/div>\n\t\t\t\t<\/div>\n\t\t\t\t\t<\/div>\n\t\t\t\t<\/div>\n\t\t<div class=\"elementor-element elementor-element-be45fae e-flex e-con-boxed e-con e-parent\" data-id=\"be45fae\" data-element_type=\"container\">\n\t\t\t\t\t<div class=\"e-con-inner\">\n\t\t\t\t<div class=\"elementor-element elementor-element-3bf30b5 elementor-position-left elementor-mobile-position-left elementor-widget__width-inherit elementor-widget-laptop__width-inherit elementor-widget-tablet__width-inherit elementor-view-default elementor-widget elementor-widget-icon-box\" data-id=\"3bf30b5\" data-element_type=\"widget\" data-widget_type=\"icon-box.default\">\n\t\t\t\t<div class=\"elementor-widget-container\">\n\t\t\t\t\t\t\t<div class=\"elementor-icon-box-wrapper\">\n\n\t\t\t\t\t\t<div class=\"elementor-icon-box-icon\">\n\t\t\t\t<span  class=\"elementor-icon\">\n\t\t\t\t<svg xmlns=\"http:\/\/www.w3.org\/2000\/svg\" width=\"14.349\" height=\"29.44\" viewBox=\"0 0 14.349 29.44\"><path id=\"Trazado_8\" data-name=\"Trazado 8\" d=\"M1754.88,640.144c.062-.875.114-1.689.178-2.5.072-.924.151-1.847.229-2.77.1-1.177.211-2.351.3-3.529.1-1.251.164-2.5.264-3.753.115-1.431.259-2.859.383-4.29.062-.724.1-1.451.156-2.176q.218-2.827.44-5.654.167-2.147.336-4.294a4.3,4.3,0,0,1,.086-.447h9.583q.607,7.347,1.21,14.665c.4,4.888.791,9.776,1.182,14.633a.512.512,0,0,1-.043.08c-.012.013-.03.029-.045.029q-6.913.018-13.824.033C1755.192,640.168,1755.068,640.155,1754.88,640.144Z\" transform=\"translate(-1754.88 -610.73)\" fill=\"#e52321\"><\/path><\/svg>\t\t\t\t<\/span>\n\t\t\t<\/div>\n\t\t\t\n\t\t\t\t\t\t<div class=\"elementor-icon-box-content\">\n\n\t\t\t\t\t\t\t\t\t<h2 class=\"elementor-icon-box-title\">\n\t\t\t\t\t\t<span  >\n\t\t\t\t\t\t\tEdificaci\u00f3n\t\t\t\t\t\t<\/span>\n\t\t\t\t\t<\/h2>\n\t\t\t\t\n\t\t\t\t\n\t\t\t<\/div>\n\t\t\t\n\t\t<\/div>\n\t\t\t\t\t\t<\/div>\n\t\t\t\t<\/div>\n\t\t\t\t<div class=\"elementor-element elementor-element-cdb3049 elementor-widget__width-initial elementor-hidden-desktop elementor-hidden-laptop elementor-widget elementor-widget-image\" data-id=\"cdb3049\" data-element_type=\"widget\" data-widget_type=\"image.default\">\n\t\t\t\t<div class=\"elementor-widget-container\">\n\t\t\t\t\t\t\t\t\t\t\t\t\t\t\t<img fetchpriority=\"high\" decoding=\"async\" width=\"469\" height=\"370\" src=\"https:\/\/actisa.net\/web\/wp-content\/uploads\/2023\/07\/edificacion-actisa.webp\" class=\"attachment-full size-full wp-image-1778\" alt=\"edificacion actisa\" \/>\t\t\t\t\t\t\t\t\t\t\t\t\t\t\t<\/div>\n\t\t\t\t<\/div>\n\t\t\t\t<div class=\"elementor-element elementor-element-15b6b3c elementor-widget__width-initial elementor-widget elementor-widget-text-editor\" data-id=\"15b6b3c\" data-element_type=\"widget\" data-widget_type=\"text-editor.default\">\n\t\t\t\t<div class=\"elementor-widget-container\">\n\t\t\t\t\t\t\t\t\t<p>Contamos con experiencia tanto en el proyecto y dise\u00f1o de edificaciones para diferentes usos, como en la gesti\u00f3n integral de la construcci\u00f3n o Project Management.<\/p><p>Hemos participado en el proyecto de edificios de viviendas, edificios industriales, edificios de oficinas, edificios para usos terciarios, etc\u2026 as\u00ed como en la construcci\u00f3n de los mismos o en la gesti\u00f3n integral desde la concepci\u00f3n inicial hasta la obtenci\u00f3n de la licencia de ocupaci\u00f3n o uso.<\/p><p>ACTISA cuenta con profesionales con experiencia en el dise\u00f1o arquitect\u00f3nico, as\u00ed como en la justificaci\u00f3n y cumplimiento de normativa de obligado cumplimiento.<\/p><p>ACTISA cuenta con una contrastada experiencia en el seguimiento y control de obras de edificaci\u00f3n, tanto desde la\u00a0Asistencia T\u00e9cnica\u00a0como desde la\u00a0Direcci\u00f3n de Obra o direcci\u00f3n de ejecuci\u00f3n, trabajos en los cuales\u00a0aplicamos las \u00faltimas tecnolog\u00edas de digitalizaci\u00f3n, aplicando tecnolog\u00eda BIM y de seguimiento instant\u00e1neo de las obras.<\/p>\t\t\t\t\t\t\t\t<\/div>\n\t\t\t\t<\/div>\n\t\t\t\t<div class=\"elementor-element elementor-element-328aa9d elementor-widget__width-initial elementor-hidden-tablet elementor-hidden-mobile elementor-widget elementor-widget-image\" data-id=\"328aa9d\" data-element_type=\"widget\" data-widget_type=\"image.default\">\n\t\t\t\t<div class=\"elementor-widget-container\">\n\t\t\t\t\t\t\t\t\t\t\t\t\t\t\t<img fetchpriority=\"high\" decoding=\"async\" width=\"469\" height=\"370\" src=\"https:\/\/actisa.net\/web\/wp-content\/uploads\/2023\/07\/edificacion-actisa.webp\" class=\"attachment-full size-full wp-image-1778\" alt=\"edificacion actisa\" \/>\t\t\t\t\t\t\t\t\t\t\t\t\t\t\t<\/div>\n\t\t\t\t<\/div>\n\t\t\t\t<div class=\"elementor-element elementor-element-53cf95f elementor-widget__width-inherit elementor-widget elementor-widget-accordion\" data-id=\"53cf95f\" data-element_type=\"widget\" data-widget_type=\"accordion.default\">\n\t\t\t\t<div class=\"elementor-widget-container\">\n\t\t\t\t\t\t\t<div class=\"elementor-accordion\">\n\t\t\t\t\t\t\t<div class=\"elementor-accordion-item\">\n\t\t\t\t\t<div id=\"elementor-tab-title-8781\" class=\"elementor-tab-title\" data-tab=\"1\" role=\"button\" aria-controls=\"elementor-tab-content-8781\" aria-expanded=\"false\">\n\t\t\t\t\t\t\t\t\t\t\t\t\t<span class=\"elementor-accordion-icon elementor-accordion-icon-right\" aria-hidden=\"true\">\n\t\t\t\t\t\t\t\t\t\t\t\t\t\t\t<span class=\"elementor-accordion-icon-closed\"><i class=\"fas fa-chevron-right\"><\/i><\/span>\n\t\t\t\t\t\t\t\t<span class=\"elementor-accordion-icon-opened\"><i class=\"fas fa-chevron-down\"><\/i><\/span>\n\t\t\t\t\t\t\t\t\t\t\t\t\t\t<\/span>\n\t\t\t\t\t\t\t\t\t\t\t\t<a class=\"elementor-accordion-title\" tabindex=\"0\">Consultor\u00eda<\/a>\n\t\t\t\t\t<\/div>\n\t\t\t\t\t<div id=\"elementor-tab-content-8781\" class=\"elementor-tab-content elementor-clearfix\" data-tab=\"1\" role=\"region\" aria-labelledby=\"elementor-tab-title-8781\"><ul><li>Proyectos b\u00e1sicos<\/li><li>C\u00e1lculo de estructuras.<\/li><li>Proyecto de construcci\u00f3n completo.<\/li><li>Tramitaci\u00f3n de licencias<\/li><li>Seguridad y salud<\/li><li>Direcci\u00f3n de obras.<\/li><li>Direcci\u00f3n de ejecuci\u00f3n.<\/li><\/ul><\/div>\n\t\t\t\t<\/div>\n\t\t\t\t\t\t\t<div class=\"elementor-accordion-item\">\n\t\t\t\t\t<div id=\"elementor-tab-title-8782\" class=\"elementor-tab-title\" data-tab=\"2\" role=\"button\" aria-controls=\"elementor-tab-content-8782\" aria-expanded=\"false\">\n\t\t\t\t\t\t\t\t\t\t\t\t\t<span class=\"elementor-accordion-icon elementor-accordion-icon-right\" aria-hidden=\"true\">\n\t\t\t\t\t\t\t\t\t\t\t\t\t\t\t<span class=\"elementor-accordion-icon-closed\"><i class=\"fas fa-chevron-right\"><\/i><\/span>\n\t\t\t\t\t\t\t\t<span class=\"elementor-accordion-icon-opened\"><i class=\"fas fa-chevron-down\"><\/i><\/span>\n\t\t\t\t\t\t\t\t\t\t\t\t\t\t<\/span>\n\t\t\t\t\t\t\t\t\t\t\t\t<a class=\"elementor-accordion-title\" tabindex=\"0\">Ingenier\u00eda de Dise\u00f1o<\/a>\n\t\t\t\t\t<\/div>\n\t\t\t\t\t<div id=\"elementor-tab-content-8782\" class=\"elementor-tab-content elementor-clearfix\" data-tab=\"2\" role=\"region\" aria-labelledby=\"elementor-tab-title-8782\"><ul><li>Dise\u00f1o arquitect\u00f3nico.<\/li><li>Dise\u00f1o de estructuras de edificaci\u00f3n.<\/li><li>Dise\u00f1o de naves industriales.<\/li><li>Dise\u00f1o de edificios multiusos.<\/li><li>Dise\u00f1o de estaciones intermodales.<\/li><li>Dise\u00f1o de viviendas.<\/li><li>Dise\u00f1o de instalaciones.<\/li><\/ul><\/div>\n\t\t\t\t<\/div>\n\t\t\t\t\t\t\t<div class=\"elementor-accordion-item\">\n\t\t\t\t\t<div id=\"elementor-tab-title-8783\" class=\"elementor-tab-title\" data-tab=\"3\" role=\"button\" aria-controls=\"elementor-tab-content-8783\" aria-expanded=\"false\">\n\t\t\t\t\t\t\t\t\t\t\t\t\t<span class=\"elementor-accordion-icon elementor-accordion-icon-right\" aria-hidden=\"true\">\n\t\t\t\t\t\t\t\t\t\t\t\t\t\t\t<span class=\"elementor-accordion-icon-closed\"><i class=\"fas fa-chevron-right\"><\/i><\/span>\n\t\t\t\t\t\t\t\t<span class=\"elementor-accordion-icon-opened\"><i class=\"fas fa-chevron-down\"><\/i><\/span>\n\t\t\t\t\t\t\t\t\t\t\t\t\t\t<\/span>\n\t\t\t\t\t\t\t\t\t\t\t\t<a class=\"elementor-accordion-title\" tabindex=\"0\">Gesti\u00f3n de la construcci\u00f3n<\/a>\n\t\t\t\t\t<\/div>\n\t\t\t\t\t<div id=\"elementor-tab-content-8783\" class=\"elementor-tab-content elementor-clearfix\" data-tab=\"3\" role=\"region\" aria-labelledby=\"elementor-tab-title-8783\"><ul><li>Asistencia T\u00e9cnica.<\/li><li>Control y vigilancia de obras.<\/li><li>Direcci\u00f3n de obra.<\/li><li>Tramitaci\u00f3n de expedientes de obra.<\/li><li>Apoyo, seguimiento y coordinaci\u00f3n de expropiaciones.<\/li><li>Apoyo y seguimiento de la reposici\u00f3n de servicios afectados.<\/li><li>Gesti\u00f3n integral de la obra.<\/li><\/ul><\/div>\n\t\t\t\t<\/div>\n\t\t\t\t\t\t\t<div class=\"elementor-accordion-item\">\n\t\t\t\t\t<div id=\"elementor-tab-title-8784\" class=\"elementor-tab-title\" data-tab=\"4\" role=\"button\" aria-controls=\"elementor-tab-content-8784\" aria-expanded=\"false\">\n\t\t\t\t\t\t\t\t\t\t\t\t\t<span class=\"elementor-accordion-icon elementor-accordion-icon-right\" aria-hidden=\"true\">\n\t\t\t\t\t\t\t\t\t\t\t\t\t\t\t<span class=\"elementor-accordion-icon-closed\"><i class=\"fas fa-chevron-right\"><\/i><\/span>\n\t\t\t\t\t\t\t\t<span class=\"elementor-accordion-icon-opened\"><i class=\"fas fa-chevron-down\"><\/i><\/span>\n\t\t\t\t\t\t\t\t\t\t\t\t\t\t<\/span>\n\t\t\t\t\t\t\t\t\t\t\t\t<a class=\"elementor-accordion-title\" tabindex=\"0\">Estudios de Seguridad y Salud<\/a>\n\t\t\t\t\t<\/div>\n\t\t\t\t\t<div id=\"elementor-tab-content-8784\" class=\"elementor-tab-content elementor-clearfix\" data-tab=\"4\" role=\"region\" aria-labelledby=\"elementor-tab-title-8784\"><ul><li>Estudios de Seguridad y Salud.<\/li><li>Elaboraci\u00f3n y asesoramiento en planes de seguridad.<\/li><li>Coordinaci\u00f3n de Seguridad y Salud en fase de proyecto y ejecuci\u00f3n de obra.<\/li><li>Planes de emergencia (Manual de Autoprotecci\u00f3n RD393\/2007).<\/li><li>Control y gesti\u00f3n de la informaci\u00f3n preventiva.<\/li><li>Coordinaci\u00f3n de Actividad Empresarial (RD 171\/04).<\/li><li>Informes espec\u00edficos en prevenci\u00f3n de riesgos laborales y seguridad y salud.<\/li><\/ul><\/div>\n\t\t\t\t<\/div>\n\t\t\t\t\t\t\t<div class=\"elementor-accordion-item\">\n\t\t\t\t\t<div id=\"elementor-tab-title-8785\" class=\"elementor-tab-title\" data-tab=\"5\" role=\"button\" aria-controls=\"elementor-tab-content-8785\" aria-expanded=\"false\">\n\t\t\t\t\t\t\t\t\t\t\t\t\t<span class=\"elementor-accordion-icon elementor-accordion-icon-right\" aria-hidden=\"true\">\n\t\t\t\t\t\t\t\t\t\t\t\t\t\t\t<span class=\"elementor-accordion-icon-closed\"><i class=\"fas fa-chevron-right\"><\/i><\/span>\n\t\t\t\t\t\t\t\t<span class=\"elementor-accordion-icon-opened\"><i class=\"fas fa-chevron-down\"><\/i><\/span>\n\t\t\t\t\t\t\t\t\t\t\t\t\t\t<\/span>\n\t\t\t\t\t\t\t\t\t\t\t\t<a class=\"elementor-accordion-title\" tabindex=\"0\">Control de Calidad<\/a>\n\t\t\t\t\t<\/div>\n\t\t\t\t\t<div id=\"elementor-tab-content-8785\" class=\"elementor-tab-content elementor-clearfix\" data-tab=\"5\" role=\"region\" aria-labelledby=\"elementor-tab-title-8785\"><ul><li>Control calidad de obra seg\u00fan ISO 9001<\/li><li>Gesti\u00f3n digital de la calidad.<\/li><li>Gesti\u00f3n BIM de la calidad.<\/li><\/ul><\/div>\n\t\t\t\t<\/div>\n\t\t\t\t\t\t\t<div class=\"elementor-accordion-item\">\n\t\t\t\t\t<div id=\"elementor-tab-title-8786\" class=\"elementor-tab-title\" data-tab=\"6\" role=\"button\" aria-controls=\"elementor-tab-content-8786\" aria-expanded=\"false\">\n\t\t\t\t\t\t\t\t\t\t\t\t\t<span class=\"elementor-accordion-icon elementor-accordion-icon-right\" aria-hidden=\"true\">\n\t\t\t\t\t\t\t\t\t\t\t\t\t\t\t<span class=\"elementor-accordion-icon-closed\"><i class=\"fas fa-chevron-right\"><\/i><\/span>\n\t\t\t\t\t\t\t\t<span class=\"elementor-accordion-icon-opened\"><i class=\"fas fa-chevron-down\"><\/i><\/span>\n\t\t\t\t\t\t\t\t\t\t\t\t\t\t<\/span>\n\t\t\t\t\t\t\t\t\t\t\t\t<a class=\"elementor-accordion-title\" tabindex=\"0\">Servicios Medioambientales<\/a>\n\t\t\t\t\t<\/div>\n\t\t\t\t\t<div id=\"elementor-tab-content-8786\" class=\"elementor-tab-content elementor-clearfix\" data-tab=\"6\" role=\"region\" aria-labelledby=\"elementor-tab-title-8786\"><ul><li>Plan de gesti\u00f3n de residuos.<\/li><li>Seguimiento medioambiental de obras seg\u00fan ISO 14.001<\/li><li>Direcci\u00f3n ambiental.<\/li><\/ul><\/div>\n\t\t\t\t<\/div>\n\t\t\t\t\t\t\t\t<\/div>\n\t\t\t\t\t\t<\/div>\n\t\t\t\t<\/div>\n\t\t\t\t\t<\/div>\n\t\t\t\t<\/div>\n\t\t\t\t<\/div>\n\t\t","protected":false},"excerpt":{"rendered":"<p>Edificaci\u00f3n < Volver atr\u00e1s Edificaci\u00f3n Contamos con experiencia tanto en el proyecto y dise\u00f1o de edificaciones para diferentes usos, como en la gesti\u00f3n integral de la construcci\u00f3n o Project Management. Hemos participado en el proyecto de edificios de viviendas, edificios industriales, edificios de oficinas, edificios para usos terciarios, etc\u2026 as\u00ed como en la construcci\u00f3n de [&hellip;]\n<\/p>\n","protected":false},"author":1,"featured_media":0,"parent":348,"menu_order":0,"comment_status":"closed","ping_status":"closed","template":"elementor_header_footer","meta":{"footnotes":""},"class_list":["post-1708","page","type-page","status-publish","hentry"],"acf":[],"yoast_head":"<!-- This site is optimized with the Yoast SEO plugin v26.2 - https:\/\/yoast.com\/wordpress\/plugins\/seo\/ -->\n<title>Edificaci\u00f3n - Actisa<\/title>\n<meta name=\"description\" content=\"Dise\u00f1o de edificaciones para diferentes usos, como en la gesti\u00f3n integral de la construcci\u00f3n o Project Management.\" \/>\n<meta name=\"robots\" content=\"index, follow, max-snippet:-1, max-image-preview:large, max-video-preview:-1\" \/>\n<link rel=\"canonical\" href=\"https:\/\/actisa.net\/web\/servicio-consultoria-obra-civil\/edificacion\/\" \/>\n<meta property=\"og:locale\" content=\"es_ES\" \/>\n<meta property=\"og:type\" content=\"article\" \/>\n<meta property=\"og:title\" content=\"Edificaci\u00f3n - Actisa\" \/>\n<meta property=\"og:description\" content=\"Dise\u00f1o de edificaciones para diferentes usos, como en la gesti\u00f3n integral de la construcci\u00f3n o Project Management.\" \/>\n<meta property=\"og:url\" content=\"https:\/\/actisa.net\/web\/servicio-consultoria-obra-civil\/edificacion\/\" \/>\n<meta property=\"og:site_name\" content=\"Actisa\" \/>\n<meta property=\"article:modified_time\" content=\"2023-07-20T06:44:35+00:00\" \/>\n<meta property=\"og:image\" content=\"https:\/\/actisa.net\/web\/wp-content\/uploads\/2023\/07\/edificacion-actisa.webp\" \/>\n<meta name=\"twitter:card\" content=\"summary_large_image\" \/>\n<meta name=\"twitter:label1\" content=\"Tiempo de lectura\" \/>\n\t<meta name=\"twitter:data1\" content=\"2 minutos\" \/>\n<script type=\"application\/ld+json\" class=\"yoast-schema-graph\">{\"@context\":\"https:\/\/schema.org\",\"@graph\":[{\"@type\":\"WebPage\",\"@id\":\"https:\/\/actisa.net\/web\/servicio-consultoria-obra-civil\/edificacion\/\",\"url\":\"https:\/\/actisa.net\/web\/servicio-consultoria-obra-civil\/edificacion\/\",\"name\":\"Edificaci\u00f3n - Actisa\",\"isPartOf\":{\"@id\":\"https:\/\/actisa.net\/web\/#website\"},\"primaryImageOfPage\":{\"@id\":\"https:\/\/actisa.net\/web\/servicio-consultoria-obra-civil\/edificacion\/#primaryimage\"},\"image\":{\"@id\":\"https:\/\/actisa.net\/web\/servicio-consultoria-obra-civil\/edificacion\/#primaryimage\"},\"thumbnailUrl\":\"https:\/\/actisa.net\/web\/wp-content\/uploads\/2023\/07\/edificacion-actisa.webp\",\"datePublished\":\"2023-07-18T06:56:41+00:00\",\"dateModified\":\"2023-07-20T06:44:35+00:00\",\"description\":\"Dise\u00f1o de edificaciones para diferentes usos, como en la gesti\u00f3n integral de la construcci\u00f3n o Project Management.\",\"breadcrumb\":{\"@id\":\"https:\/\/actisa.net\/web\/servicio-consultoria-obra-civil\/edificacion\/#breadcrumb\"},\"inLanguage\":\"es\",\"potentialAction\":[{\"@type\":\"ReadAction\",\"target\":[\"https:\/\/actisa.net\/web\/servicio-consultoria-obra-civil\/edificacion\/\"]}]},{\"@type\":\"ImageObject\",\"inLanguage\":\"es\",\"@id\":\"https:\/\/actisa.net\/web\/servicio-consultoria-obra-civil\/edificacion\/#primaryimage\",\"url\":\"https:\/\/actisa.net\/web\/wp-content\/uploads\/2023\/07\/edificacion-actisa.webp\",\"contentUrl\":\"https:\/\/actisa.net\/web\/wp-content\/uploads\/2023\/07\/edificacion-actisa.webp\",\"width\":469,\"height\":370,\"caption\":\"edificacion actisa\"},{\"@type\":\"BreadcrumbList\",\"@id\":\"https:\/\/actisa.net\/web\/servicio-consultoria-obra-civil\/edificacion\/#breadcrumb\",\"itemListElement\":[{\"@type\":\"ListItem\",\"position\":1,\"name\":\"Portada\",\"item\":\"https:\/\/actisa.net\/web\/\"},{\"@type\":\"ListItem\",\"position\":2,\"name\":\"Servicio consultor\u00eda obra civil, Transporte y Arquitectura\",\"item\":\"https:\/\/actisa.net\/web\/servicio-consultoria-obra-civil\/\"},{\"@type\":\"ListItem\",\"position\":3,\"name\":\"Edificaci\u00f3n\"}]},{\"@type\":\"WebSite\",\"@id\":\"https:\/\/actisa.net\/web\/#website\",\"url\":\"https:\/\/actisa.net\/web\/\",\"name\":\"Actisa\",\"description\":\"Actividades de consultor\u00eda t\u00e9cnica, investigaci\u00f3n y servicios avanzados\",\"publisher\":{\"@id\":\"https:\/\/actisa.net\/web\/#organization\"},\"potentialAction\":[{\"@type\":\"SearchAction\",\"target\":{\"@type\":\"EntryPoint\",\"urlTemplate\":\"https:\/\/actisa.net\/web\/?s={search_term_string}\"},\"query-input\":{\"@type\":\"PropertyValueSpecification\",\"valueRequired\":true,\"valueName\":\"search_term_string\"}}],\"inLanguage\":\"es\"},{\"@type\":\"Organization\",\"@id\":\"https:\/\/actisa.net\/web\/#organization\",\"name\":\"Actisa\",\"url\":\"https:\/\/actisa.net\/web\/\",\"logo\":{\"@type\":\"ImageObject\",\"inLanguage\":\"es\",\"@id\":\"https:\/\/actisa.net\/web\/#\/schema\/logo\/image\/\",\"url\":\"https:\/\/actisa.net\/web\/wp-content\/uploads\/2023\/06\/actisaLogoFooter.png\",\"contentUrl\":\"https:\/\/actisa.net\/web\/wp-content\/uploads\/2023\/06\/actisaLogoFooter.png\",\"width\":254,\"height\":75,\"caption\":\"Actisa\"},\"image\":{\"@id\":\"https:\/\/actisa.net\/web\/#\/schema\/logo\/image\/\"}}]}<\/script>\n<!-- \/ Yoast SEO plugin. -->","yoast_head_json":{"title":"Edificaci\u00f3n - Actisa","description":"Dise\u00f1o de edificaciones para diferentes usos, como en la gesti\u00f3n integral de la construcci\u00f3n o Project Management.","robots":{"index":"index","follow":"follow","max-snippet":"max-snippet:-1","max-image-preview":"max-image-preview:large","max-video-preview":"max-video-preview:-1"},"canonical":"https:\/\/actisa.net\/web\/servicio-consultoria-obra-civil\/edificacion\/","og_locale":"es_ES","og_type":"article","og_title":"Edificaci\u00f3n - Actisa","og_description":"Dise\u00f1o de edificaciones para diferentes usos, como en la gesti\u00f3n integral de la construcci\u00f3n o Project Management.","og_url":"https:\/\/actisa.net\/web\/servicio-consultoria-obra-civil\/edificacion\/","og_site_name":"Actisa","article_modified_time":"2023-07-20T06:44:35+00:00","og_image":[{"url":"https:\/\/actisa.net\/web\/wp-content\/uploads\/2023\/07\/edificacion-actisa.webp","type":"","width":"","height":""}],"twitter_card":"summary_large_image","twitter_misc":{"Tiempo de lectura":"2 minutos"},"schema":{"@context":"https:\/\/schema.org","@graph":[{"@type":"WebPage","@id":"https:\/\/actisa.net\/web\/servicio-consultoria-obra-civil\/edificacion\/","url":"https:\/\/actisa.net\/web\/servicio-consultoria-obra-civil\/edificacion\/","name":"Edificaci\u00f3n - Actisa","isPartOf":{"@id":"https:\/\/actisa.net\/web\/#website"},"primaryImageOfPage":{"@id":"https:\/\/actisa.net\/web\/servicio-consultoria-obra-civil\/edificacion\/#primaryimage"},"image":{"@id":"https:\/\/actisa.net\/web\/servicio-consultoria-obra-civil\/edificacion\/#primaryimage"},"thumbnailUrl":"https:\/\/actisa.net\/web\/wp-content\/uploads\/2023\/07\/edificacion-actisa.webp","datePublished":"2023-07-18T06:56:41+00:00","dateModified":"2023-07-20T06:44:35+00:00","description":"Dise\u00f1o de edificaciones para diferentes usos, como en la gesti\u00f3n integral de la construcci\u00f3n o Project Management.","breadcrumb":{"@id":"https:\/\/actisa.net\/web\/servicio-consultoria-obra-civil\/edificacion\/#breadcrumb"},"inLanguage":"es","potentialAction":[{"@type":"ReadAction","target":["https:\/\/actisa.net\/web\/servicio-consultoria-obra-civil\/edificacion\/"]}]},{"@type":"ImageObject","inLanguage":"es","@id":"https:\/\/actisa.net\/web\/servicio-consultoria-obra-civil\/edificacion\/#primaryimage","url":"https:\/\/actisa.net\/web\/wp-content\/uploads\/2023\/07\/edificacion-actisa.webp","contentUrl":"https:\/\/actisa.net\/web\/wp-content\/uploads\/2023\/07\/edificacion-actisa.webp","width":469,"height":370,"caption":"edificacion actisa"},{"@type":"BreadcrumbList","@id":"https:\/\/actisa.net\/web\/servicio-consultoria-obra-civil\/edificacion\/#breadcrumb","itemListElement":[{"@type":"ListItem","position":1,"name":"Portada","item":"https:\/\/actisa.net\/web\/"},{"@type":"ListItem","position":2,"name":"Servicio consultor\u00eda obra civil, Transporte y Arquitectura","item":"https:\/\/actisa.net\/web\/servicio-consultoria-obra-civil\/"},{"@type":"ListItem","position":3,"name":"Edificaci\u00f3n"}]},{"@type":"WebSite","@id":"https:\/\/actisa.net\/web\/#website","url":"https:\/\/actisa.net\/web\/","name":"Actisa","description":"Actividades de consultor\u00eda t\u00e9cnica, investigaci\u00f3n y servicios avanzados","publisher":{"@id":"https:\/\/actisa.net\/web\/#organization"},"potentialAction":[{"@type":"SearchAction","target":{"@type":"EntryPoint","urlTemplate":"https:\/\/actisa.net\/web\/?s={search_term_string}"},"query-input":{"@type":"PropertyValueSpecification","valueRequired":true,"valueName":"search_term_string"}}],"inLanguage":"es"},{"@type":"Organization","@id":"https:\/\/actisa.net\/web\/#organization","name":"Actisa","url":"https:\/\/actisa.net\/web\/","logo":{"@type":"ImageObject","inLanguage":"es","@id":"https:\/\/actisa.net\/web\/#\/schema\/logo\/image\/","url":"https:\/\/actisa.net\/web\/wp-content\/uploads\/2023\/06\/actisaLogoFooter.png","contentUrl":"https:\/\/actisa.net\/web\/wp-content\/uploads\/2023\/06\/actisaLogoFooter.png","width":254,"height":75,"caption":"Actisa"},"image":{"@id":"https:\/\/actisa.net\/web\/#\/schema\/logo\/image\/"}}]}},"lang":"es","translations":{"es":1708,"en":1953},"pll_sync_post":[],"_links":{"self":[{"href":"https:\/\/actisa.net\/web\/wp-json\/wp\/v2\/pages\/1708","targetHints":{"allow":["GET"]}}],"collection":[{"href":"https:\/\/actisa.net\/web\/wp-json\/wp\/v2\/pages"}],"about":[{"href":"https:\/\/actisa.net\/web\/wp-json\/wp\/v2\/types\/page"}],"author":[{"embeddable":true,"href":"https:\/\/actisa.net\/web\/wp-json\/wp\/v2\/users\/1"}],"replies":[{"embeddable":true,"href":"https:\/\/actisa.net\/web\/wp-json\/wp\/v2\/comments?post=1708"}],"version-history":[{"count":11,"href":"https:\/\/actisa.net\/web\/wp-json\/wp\/v2\/pages\/1708\/revisions"}],"predecessor-version":[{"id":1818,"href":"https:\/\/actisa.net\/web\/wp-json\/wp\/v2\/pages\/1708\/revisions\/1818"}],"up":[{"embeddable":true,"href":"https:\/\/actisa.net\/web\/wp-json\/wp\/v2\/pages\/348"}],"wp:attachment":[{"href":"https:\/\/actisa.net\/web\/wp-json\/wp\/v2\/media?parent=1708"}],"curies":[{"name":"wp","href":"https:\/\/api.w.org\/{rel}","templated":true}]}}