{"id":1953,"date":"2023-07-21T13:50:11","date_gmt":"2023-07-21T11:50:11","guid":{"rendered":"https:\/\/actisa.net\/web\/?page_id=1953"},"modified":"2023-07-24T09:16:36","modified_gmt":"2023-07-24T07:16:36","slug":"building","status":"publish","type":"page","link":"https:\/\/actisa.net\/web\/civil-works-transport-and-architecture-consulting-services\/building\/","title":{"rendered":"Building"},"content":{"rendered":"\t\t<div data-elementor-type=\"wp-page\" data-elementor-id=\"1953\" class=\"elementor elementor-1953\" data-elementor-post-type=\"page\">\n\t\t\t\t<div class=\"elementor-element elementor-element-c3d2b95 e-flex e-con-boxed e-con e-parent\" data-id=\"c3d2b95\" data-element_type=\"container\" data-settings=\"{&quot;background_background&quot;:&quot;classic&quot;}\">\n\t\t\t\t\t<div class=\"e-con-inner\">\n\t\t\t\t<div class=\"elementor-element elementor-element-dd91dbf elementor-widget elementor-widget-heading\" data-id=\"dd91dbf\" data-element_type=\"widget\" data-widget_type=\"heading.default\">\n\t\t\t\t<div class=\"elementor-widget-container\">\n\t\t\t\t\t<h1 class=\"elementor-heading-title elementor-size-default\">Building<\/h1>\t\t\t\t<\/div>\n\t\t\t\t<\/div>\n\t\t\t\t\t<\/div>\n\t\t\t\t<\/div>\n\t\t<div class=\"elementor-element elementor-element-b8b1986 e-flex e-con-boxed e-con e-parent\" data-id=\"b8b1986\" data-element_type=\"container\">\n\t\t\t\t\t<div class=\"e-con-inner\">\n\t\t\t\t<div class=\"elementor-element elementor-element-4c1674d elementor-widget elementor-widget-html\" data-id=\"4c1674d\" data-element_type=\"widget\" data-widget_type=\"html.default\">\n\t\t\t\t<div class=\"elementor-widget-container\">\n\t\t\t\t\t<a href=\"javascript:history.back()\"> < Go back<\/a>\t\t\t\t<\/div>\n\t\t\t\t<\/div>\n\t\t\t\t\t<\/div>\n\t\t\t\t<\/div>\n\t\t<div class=\"elementor-element elementor-element-be45fae e-flex e-con-boxed e-con e-parent\" data-id=\"be45fae\" data-element_type=\"container\">\n\t\t\t\t\t<div class=\"e-con-inner\">\n\t\t\t\t<div class=\"elementor-element elementor-element-3bf30b5 elementor-position-left elementor-mobile-position-left elementor-widget__width-inherit elementor-widget-laptop__width-inherit elementor-widget-tablet__width-inherit elementor-view-default elementor-widget elementor-widget-icon-box\" data-id=\"3bf30b5\" data-element_type=\"widget\" data-widget_type=\"icon-box.default\">\n\t\t\t\t<div class=\"elementor-widget-container\">\n\t\t\t\t\t\t\t<div class=\"elementor-icon-box-wrapper\">\n\n\t\t\t\t\t\t<div class=\"elementor-icon-box-icon\">\n\t\t\t\t<span  class=\"elementor-icon\">\n\t\t\t\t<svg xmlns=\"http:\/\/www.w3.org\/2000\/svg\" width=\"14.349\" height=\"29.44\" viewBox=\"0 0 14.349 29.44\"><path id=\"Trazado_8\" data-name=\"Trazado 8\" d=\"M1754.88,640.144c.062-.875.114-1.689.178-2.5.072-.924.151-1.847.229-2.77.1-1.177.211-2.351.3-3.529.1-1.251.164-2.5.264-3.753.115-1.431.259-2.859.383-4.29.062-.724.1-1.451.156-2.176q.218-2.827.44-5.654.167-2.147.336-4.294a4.3,4.3,0,0,1,.086-.447h9.583q.607,7.347,1.21,14.665c.4,4.888.791,9.776,1.182,14.633a.512.512,0,0,1-.043.08c-.012.013-.03.029-.045.029q-6.913.018-13.824.033C1755.192,640.168,1755.068,640.155,1754.88,640.144Z\" transform=\"translate(-1754.88 -610.73)\" fill=\"#e52321\"><\/path><\/svg>\t\t\t\t<\/span>\n\t\t\t<\/div>\n\t\t\t\n\t\t\t\t\t\t<div class=\"elementor-icon-box-content\">\n\n\t\t\t\t\t\t\t\t\t<h2 class=\"elementor-icon-box-title\">\n\t\t\t\t\t\t<span  >\n\t\t\t\t\t\t\tBuilding construction.\t\t\t\t\t\t<\/span>\n\t\t\t\t\t<\/h2>\n\t\t\t\t\n\t\t\t\t\n\t\t\t<\/div>\n\t\t\t\n\t\t<\/div>\n\t\t\t\t\t\t<\/div>\n\t\t\t\t<\/div>\n\t\t\t\t<div class=\"elementor-element elementor-element-cdb3049 elementor-widget__width-initial elementor-hidden-desktop elementor-hidden-laptop elementor-widget elementor-widget-image\" data-id=\"cdb3049\" data-element_type=\"widget\" data-widget_type=\"image.default\">\n\t\t\t\t<div class=\"elementor-widget-container\">\n\t\t\t\t\t\t\t\t\t\t\t\t\t\t\t<img fetchpriority=\"high\" decoding=\"async\" width=\"469\" height=\"370\" src=\"https:\/\/actisa.net\/web\/wp-content\/uploads\/2023\/07\/edificacion-actisa.webp\" class=\"attachment-full size-full wp-image-1778\" alt=\"edificacion actisa\" \/>\t\t\t\t\t\t\t\t\t\t\t\t\t\t\t<\/div>\n\t\t\t\t<\/div>\n\t\t\t\t<div class=\"elementor-element elementor-element-15b6b3c elementor-widget__width-initial elementor-widget elementor-widget-text-editor\" data-id=\"15b6b3c\" data-element_type=\"widget\" data-widget_type=\"text-editor.default\">\n\t\t\t\t<div class=\"elementor-widget-container\">\n\t\t\t\t\t\t\t\t\t<p>We are experienced in the planning and design of buildings for different uses, as well as in the comprehensive construction management or Project Management.<\/p><p>We have worked on the design of residential, industrial and office buildings, buildings for tertiary uses, etc., as well as on their construction and comprehensive management from initial conception to obtaining the occupancy or use licence.<\/p><p>ACTISA has a team of professionals with experience in architectural design, justification and compliance with compulsory regulations.<\/p><p>ACTISA boasts proven experience in monitoring and control of building works, both from Technical Assistance and Site Management or execution management. We apply the latest digitalisation technologies, applying BIM technology and real-time monitoring of the works.<\/p>\t\t\t\t\t\t\t\t<\/div>\n\t\t\t\t<\/div>\n\t\t\t\t<div class=\"elementor-element elementor-element-328aa9d elementor-widget__width-initial elementor-hidden-tablet elementor-hidden-mobile elementor-widget elementor-widget-image\" data-id=\"328aa9d\" data-element_type=\"widget\" data-widget_type=\"image.default\">\n\t\t\t\t<div class=\"elementor-widget-container\">\n\t\t\t\t\t\t\t\t\t\t\t\t\t\t\t<img fetchpriority=\"high\" decoding=\"async\" width=\"469\" height=\"370\" src=\"https:\/\/actisa.net\/web\/wp-content\/uploads\/2023\/07\/edificacion-actisa.webp\" class=\"attachment-full size-full wp-image-1778\" alt=\"edificacion actisa\" \/>\t\t\t\t\t\t\t\t\t\t\t\t\t\t\t<\/div>\n\t\t\t\t<\/div>\n\t\t\t\t<div class=\"elementor-element elementor-element-53cf95f elementor-widget__width-inherit elementor-widget elementor-widget-accordion\" data-id=\"53cf95f\" data-element_type=\"widget\" data-widget_type=\"accordion.default\">\n\t\t\t\t<div class=\"elementor-widget-container\">\n\t\t\t\t\t\t\t<div class=\"elementor-accordion\">\n\t\t\t\t\t\t\t<div class=\"elementor-accordion-item\">\n\t\t\t\t\t<div id=\"elementor-tab-title-8781\" class=\"elementor-tab-title\" data-tab=\"1\" role=\"button\" aria-controls=\"elementor-tab-content-8781\" aria-expanded=\"false\">\n\t\t\t\t\t\t\t\t\t\t\t\t\t<span class=\"elementor-accordion-icon elementor-accordion-icon-right\" aria-hidden=\"true\">\n\t\t\t\t\t\t\t\t\t\t\t\t\t\t\t<span class=\"elementor-accordion-icon-closed\"><i class=\"fas fa-chevron-right\"><\/i><\/span>\n\t\t\t\t\t\t\t\t<span class=\"elementor-accordion-icon-opened\"><i class=\"fas fa-chevron-down\"><\/i><\/span>\n\t\t\t\t\t\t\t\t\t\t\t\t\t\t<\/span>\n\t\t\t\t\t\t\t\t\t\t\t\t<a class=\"elementor-accordion-title\" tabindex=\"0\">Consultancy<\/a>\n\t\t\t\t\t<\/div>\n\t\t\t\t\t<div id=\"elementor-tab-content-8781\" class=\"elementor-tab-content elementor-clearfix\" data-tab=\"1\" role=\"region\" aria-labelledby=\"elementor-tab-title-8781\"><ul><li>Basic projects<\/li><li>Structural calculations.<\/li><li>Complete construction project.<\/li><li>Licence processing<\/li><li>Health and safety<\/li><li>Works management.<\/li><li>Execution management.<\/li><\/ul><\/div>\n\t\t\t\t<\/div>\n\t\t\t\t\t\t\t<div class=\"elementor-accordion-item\">\n\t\t\t\t\t<div id=\"elementor-tab-title-8782\" class=\"elementor-tab-title\" data-tab=\"2\" role=\"button\" aria-controls=\"elementor-tab-content-8782\" aria-expanded=\"false\">\n\t\t\t\t\t\t\t\t\t\t\t\t\t<span class=\"elementor-accordion-icon elementor-accordion-icon-right\" aria-hidden=\"true\">\n\t\t\t\t\t\t\t\t\t\t\t\t\t\t\t<span class=\"elementor-accordion-icon-closed\"><i class=\"fas fa-chevron-right\"><\/i><\/span>\n\t\t\t\t\t\t\t\t<span class=\"elementor-accordion-icon-opened\"><i class=\"fas fa-chevron-down\"><\/i><\/span>\n\t\t\t\t\t\t\t\t\t\t\t\t\t\t<\/span>\n\t\t\t\t\t\t\t\t\t\t\t\t<a class=\"elementor-accordion-title\" tabindex=\"0\">Design engineering<\/a>\n\t\t\t\t\t<\/div>\n\t\t\t\t\t<div id=\"elementor-tab-content-8782\" class=\"elementor-tab-content elementor-clearfix\" data-tab=\"2\" role=\"region\" aria-labelledby=\"elementor-tab-title-8782\"><ul><li>Architectural design.<\/li><li>Building structure design.<\/li><li>Industrial building design.<\/li><li>Multi-purpose building design.<\/li><li>Intermodal station design.<\/li><li>Housing design.<\/li><li>Facilities design.<\/li><\/ul><\/div>\n\t\t\t\t<\/div>\n\t\t\t\t\t\t\t<div class=\"elementor-accordion-item\">\n\t\t\t\t\t<div id=\"elementor-tab-title-8783\" class=\"elementor-tab-title\" data-tab=\"3\" role=\"button\" aria-controls=\"elementor-tab-content-8783\" aria-expanded=\"false\">\n\t\t\t\t\t\t\t\t\t\t\t\t\t<span class=\"elementor-accordion-icon elementor-accordion-icon-right\" aria-hidden=\"true\">\n\t\t\t\t\t\t\t\t\t\t\t\t\t\t\t<span class=\"elementor-accordion-icon-closed\"><i class=\"fas fa-chevron-right\"><\/i><\/span>\n\t\t\t\t\t\t\t\t<span class=\"elementor-accordion-icon-opened\"><i class=\"fas fa-chevron-down\"><\/i><\/span>\n\t\t\t\t\t\t\t\t\t\t\t\t\t\t<\/span>\n\t\t\t\t\t\t\t\t\t\t\t\t<a class=\"elementor-accordion-title\" tabindex=\"0\">Construction management<\/a>\n\t\t\t\t\t<\/div>\n\t\t\t\t\t<div id=\"elementor-tab-content-8783\" class=\"elementor-tab-content elementor-clearfix\" data-tab=\"3\" role=\"region\" aria-labelledby=\"elementor-tab-title-8783\"><ul><li>Technical assistance.<\/li><li>Construction monitoring and supervision.<\/li><li>Site management.<\/li><li>Works dossier processing.<\/li><li>Support, monitoring and coordination of expropriations.<\/li><li>Support and monitoring of affected services replacement.<\/li><li>Comprehensive site management.<\/li><\/ul><\/div>\n\t\t\t\t<\/div>\n\t\t\t\t\t\t\t<div class=\"elementor-accordion-item\">\n\t\t\t\t\t<div id=\"elementor-tab-title-8784\" class=\"elementor-tab-title\" data-tab=\"4\" role=\"button\" aria-controls=\"elementor-tab-content-8784\" aria-expanded=\"false\">\n\t\t\t\t\t\t\t\t\t\t\t\t\t<span class=\"elementor-accordion-icon elementor-accordion-icon-right\" aria-hidden=\"true\">\n\t\t\t\t\t\t\t\t\t\t\t\t\t\t\t<span class=\"elementor-accordion-icon-closed\"><i class=\"fas fa-chevron-right\"><\/i><\/span>\n\t\t\t\t\t\t\t\t<span class=\"elementor-accordion-icon-opened\"><i class=\"fas fa-chevron-down\"><\/i><\/span>\n\t\t\t\t\t\t\t\t\t\t\t\t\t\t<\/span>\n\t\t\t\t\t\t\t\t\t\t\t\t<a class=\"elementor-accordion-title\" tabindex=\"0\">Health and Safety Surveys<\/a>\n\t\t\t\t\t<\/div>\n\t\t\t\t\t<div id=\"elementor-tab-content-8784\" class=\"elementor-tab-content elementor-clearfix\" data-tab=\"4\" role=\"region\" aria-labelledby=\"elementor-tab-title-8784\"><ul><li>Health and Safety Surveys<\/li><li>Drafting and advising on safety plans.<\/li><li>Health and Safety Coordination in the project phase and work execution.<\/li><li>Emergency plans (Self-protection Manual RD393\/2007).<\/li><li>Preventive information control and management.<\/li><li>Business Activity Coordination (RD 171\/04).<\/li><li>Specific reports on occupational risk prevention, health, and safety.<\/li><\/ul><\/div>\n\t\t\t\t<\/div>\n\t\t\t\t\t\t\t<div class=\"elementor-accordion-item\">\n\t\t\t\t\t<div id=\"elementor-tab-title-8785\" class=\"elementor-tab-title\" data-tab=\"5\" role=\"button\" aria-controls=\"elementor-tab-content-8785\" aria-expanded=\"false\">\n\t\t\t\t\t\t\t\t\t\t\t\t\t<span class=\"elementor-accordion-icon elementor-accordion-icon-right\" aria-hidden=\"true\">\n\t\t\t\t\t\t\t\t\t\t\t\t\t\t\t<span class=\"elementor-accordion-icon-closed\"><i class=\"fas fa-chevron-right\"><\/i><\/span>\n\t\t\t\t\t\t\t\t<span class=\"elementor-accordion-icon-opened\"><i class=\"fas fa-chevron-down\"><\/i><\/span>\n\t\t\t\t\t\t\t\t\t\t\t\t\t\t<\/span>\n\t\t\t\t\t\t\t\t\t\t\t\t<a class=\"elementor-accordion-title\" tabindex=\"0\">Quality control<\/a>\n\t\t\t\t\t<\/div>\n\t\t\t\t\t<div id=\"elementor-tab-content-8785\" class=\"elementor-tab-content elementor-clearfix\" data-tab=\"5\" role=\"region\" aria-labelledby=\"elementor-tab-title-8785\"><ul><li>Quality control of works according to ISO 9001<\/li><li>Digital quality management.<\/li><li>BIM quality management.<\/li><\/ul><\/div>\n\t\t\t\t<\/div>\n\t\t\t\t\t\t\t<div class=\"elementor-accordion-item\">\n\t\t\t\t\t<div id=\"elementor-tab-title-8786\" class=\"elementor-tab-title\" data-tab=\"6\" role=\"button\" aria-controls=\"elementor-tab-content-8786\" aria-expanded=\"false\">\n\t\t\t\t\t\t\t\t\t\t\t\t\t<span class=\"elementor-accordion-icon elementor-accordion-icon-right\" aria-hidden=\"true\">\n\t\t\t\t\t\t\t\t\t\t\t\t\t\t\t<span class=\"elementor-accordion-icon-closed\"><i class=\"fas fa-chevron-right\"><\/i><\/span>\n\t\t\t\t\t\t\t\t<span class=\"elementor-accordion-icon-opened\"><i class=\"fas fa-chevron-down\"><\/i><\/span>\n\t\t\t\t\t\t\t\t\t\t\t\t\t\t<\/span>\n\t\t\t\t\t\t\t\t\t\t\t\t<a class=\"elementor-accordion-title\" tabindex=\"0\">Environmental Services<\/a>\n\t\t\t\t\t<\/div>\n\t\t\t\t\t<div id=\"elementor-tab-content-8786\" class=\"elementor-tab-content elementor-clearfix\" data-tab=\"6\" role=\"region\" aria-labelledby=\"elementor-tab-title-8786\"><ul><li>Waste management plan.<\/li><li>Environmental monitoring of works according to ISO 14.001.<\/li><li>Environmental management.<\/li><\/ul><\/div>\n\t\t\t\t<\/div>\n\t\t\t\t\t\t\t\t<\/div>\n\t\t\t\t\t\t<\/div>\n\t\t\t\t<\/div>\n\t\t\t\t\t<\/div>\n\t\t\t\t<\/div>\n\t\t\t\t<\/div>\n\t\t","protected":false},"excerpt":{"rendered":"<p>Building < Go back Building construction. We are experienced in the planning and design of buildings for different uses, as well as in the comprehensive construction management or Project Management. We have worked on the design of residential, industrial and office buildings, buildings for tertiary uses, etc., as well as on their construction and comprehensive [&hellip;]\n<\/p>\n","protected":false},"author":1,"featured_media":0,"parent":1833,"menu_order":0,"comment_status":"closed","ping_status":"closed","template":"elementor_header_footer","meta":{"footnotes":""},"class_list":["post-1953","page","type-page","status-publish","hentry"],"acf":[],"yoast_head":"<!-- This site is optimized with the Yoast SEO plugin v26.2 - https:\/\/yoast.com\/wordpress\/plugins\/seo\/ -->\n<title>Building - Actisa<\/title>\n<meta name=\"description\" content=\"Dise\u00f1o de edificaciones para diferentes usos, como en la gesti\u00f3n integral de la construcci\u00f3n o Project Management.\" \/>\n<meta name=\"robots\" content=\"index, follow, max-snippet:-1, max-image-preview:large, max-video-preview:-1\" \/>\n<link rel=\"canonical\" href=\"https:\/\/actisa.net\/web\/civil-works-transport-and-architecture-consulting-services\/building\/\" \/>\n<meta property=\"og:locale\" content=\"es_ES\" \/>\n<meta property=\"og:type\" content=\"article\" \/>\n<meta property=\"og:title\" content=\"Building - Actisa\" \/>\n<meta property=\"og:description\" content=\"Dise\u00f1o de edificaciones para diferentes usos, como en la gesti\u00f3n integral de la construcci\u00f3n o Project Management.\" \/>\n<meta property=\"og:url\" content=\"https:\/\/actisa.net\/web\/civil-works-transport-and-architecture-consulting-services\/building\/\" \/>\n<meta property=\"og:site_name\" content=\"Actisa\" \/>\n<meta property=\"article:modified_time\" content=\"2023-07-24T07:16:36+00:00\" \/>\n<meta property=\"og:image\" content=\"https:\/\/actisa.net\/web\/wp-content\/uploads\/2023\/07\/edificacion-actisa.webp\" \/>\n<meta name=\"twitter:card\" content=\"summary_large_image\" \/>\n<meta name=\"twitter:label1\" content=\"Tiempo de lectura\" \/>\n\t<meta name=\"twitter:data1\" content=\"2 minutos\" \/>\n<script type=\"application\/ld+json\" class=\"yoast-schema-graph\">{\"@context\":\"https:\/\/schema.org\",\"@graph\":[{\"@type\":\"WebPage\",\"@id\":\"https:\/\/actisa.net\/web\/civil-works-transport-and-architecture-consulting-services\/building\/\",\"url\":\"https:\/\/actisa.net\/web\/civil-works-transport-and-architecture-consulting-services\/building\/\",\"name\":\"Building - Actisa\",\"isPartOf\":{\"@id\":\"https:\/\/actisa.net\/web\/#website\"},\"primaryImageOfPage\":{\"@id\":\"https:\/\/actisa.net\/web\/civil-works-transport-and-architecture-consulting-services\/building\/#primaryimage\"},\"image\":{\"@id\":\"https:\/\/actisa.net\/web\/civil-works-transport-and-architecture-consulting-services\/building\/#primaryimage\"},\"thumbnailUrl\":\"https:\/\/actisa.net\/web\/wp-content\/uploads\/2023\/07\/edificacion-actisa.webp\",\"datePublished\":\"2023-07-21T11:50:11+00:00\",\"dateModified\":\"2023-07-24T07:16:36+00:00\",\"description\":\"Dise\u00f1o de edificaciones para diferentes usos, como en la gesti\u00f3n integral de la construcci\u00f3n o Project Management.\",\"breadcrumb\":{\"@id\":\"https:\/\/actisa.net\/web\/civil-works-transport-and-architecture-consulting-services\/building\/#breadcrumb\"},\"inLanguage\":\"es\",\"potentialAction\":[{\"@type\":\"ReadAction\",\"target\":[\"https:\/\/actisa.net\/web\/civil-works-transport-and-architecture-consulting-services\/building\/\"]}]},{\"@type\":\"ImageObject\",\"inLanguage\":\"es\",\"@id\":\"https:\/\/actisa.net\/web\/civil-works-transport-and-architecture-consulting-services\/building\/#primaryimage\",\"url\":\"https:\/\/actisa.net\/web\/wp-content\/uploads\/2023\/07\/edificacion-actisa.webp\",\"contentUrl\":\"https:\/\/actisa.net\/web\/wp-content\/uploads\/2023\/07\/edificacion-actisa.webp\",\"width\":469,\"height\":370,\"caption\":\"edificacion actisa\"},{\"@type\":\"BreadcrumbList\",\"@id\":\"https:\/\/actisa.net\/web\/civil-works-transport-and-architecture-consulting-services\/building\/#breadcrumb\",\"itemListElement\":[{\"@type\":\"ListItem\",\"position\":1,\"name\":\"Portada\",\"item\":\"https:\/\/actisa.net\/web\/\"},{\"@type\":\"ListItem\",\"position\":2,\"name\":\"Civil Works, Transport and Architecture consulting services\",\"item\":\"https:\/\/actisa.net\/web\/en\/civil-works-transport-and-architecture-consulting-services\/\"},{\"@type\":\"ListItem\",\"position\":3,\"name\":\"Building\"}]},{\"@type\":\"WebSite\",\"@id\":\"https:\/\/actisa.net\/web\/#website\",\"url\":\"https:\/\/actisa.net\/web\/\",\"name\":\"Actisa\",\"description\":\"Actividades de consultor\u00eda t\u00e9cnica, investigaci\u00f3n y servicios avanzados\",\"publisher\":{\"@id\":\"https:\/\/actisa.net\/web\/#organization\"},\"potentialAction\":[{\"@type\":\"SearchAction\",\"target\":{\"@type\":\"EntryPoint\",\"urlTemplate\":\"https:\/\/actisa.net\/web\/?s={search_term_string}\"},\"query-input\":{\"@type\":\"PropertyValueSpecification\",\"valueRequired\":true,\"valueName\":\"search_term_string\"}}],\"inLanguage\":\"es\"},{\"@type\":\"Organization\",\"@id\":\"https:\/\/actisa.net\/web\/#organization\",\"name\":\"Actisa\",\"url\":\"https:\/\/actisa.net\/web\/\",\"logo\":{\"@type\":\"ImageObject\",\"inLanguage\":\"es\",\"@id\":\"https:\/\/actisa.net\/web\/#\/schema\/logo\/image\/\",\"url\":\"https:\/\/actisa.net\/web\/wp-content\/uploads\/2023\/06\/actisaLogoFooter.png\",\"contentUrl\":\"https:\/\/actisa.net\/web\/wp-content\/uploads\/2023\/06\/actisaLogoFooter.png\",\"width\":254,\"height\":75,\"caption\":\"Actisa\"},\"image\":{\"@id\":\"https:\/\/actisa.net\/web\/#\/schema\/logo\/image\/\"}}]}<\/script>\n<!-- \/ Yoast SEO plugin. -->","yoast_head_json":{"title":"Building - Actisa","description":"Dise\u00f1o de edificaciones para diferentes usos, como en la gesti\u00f3n integral de la construcci\u00f3n o Project Management.","robots":{"index":"index","follow":"follow","max-snippet":"max-snippet:-1","max-image-preview":"max-image-preview:large","max-video-preview":"max-video-preview:-1"},"canonical":"https:\/\/actisa.net\/web\/civil-works-transport-and-architecture-consulting-services\/building\/","og_locale":"es_ES","og_type":"article","og_title":"Building - Actisa","og_description":"Dise\u00f1o de edificaciones para diferentes usos, como en la gesti\u00f3n integral de la construcci\u00f3n o Project Management.","og_url":"https:\/\/actisa.net\/web\/civil-works-transport-and-architecture-consulting-services\/building\/","og_site_name":"Actisa","article_modified_time":"2023-07-24T07:16:36+00:00","og_image":[{"url":"https:\/\/actisa.net\/web\/wp-content\/uploads\/2023\/07\/edificacion-actisa.webp","type":"","width":"","height":""}],"twitter_card":"summary_large_image","twitter_misc":{"Tiempo de lectura":"2 minutos"},"schema":{"@context":"https:\/\/schema.org","@graph":[{"@type":"WebPage","@id":"https:\/\/actisa.net\/web\/civil-works-transport-and-architecture-consulting-services\/building\/","url":"https:\/\/actisa.net\/web\/civil-works-transport-and-architecture-consulting-services\/building\/","name":"Building - Actisa","isPartOf":{"@id":"https:\/\/actisa.net\/web\/#website"},"primaryImageOfPage":{"@id":"https:\/\/actisa.net\/web\/civil-works-transport-and-architecture-consulting-services\/building\/#primaryimage"},"image":{"@id":"https:\/\/actisa.net\/web\/civil-works-transport-and-architecture-consulting-services\/building\/#primaryimage"},"thumbnailUrl":"https:\/\/actisa.net\/web\/wp-content\/uploads\/2023\/07\/edificacion-actisa.webp","datePublished":"2023-07-21T11:50:11+00:00","dateModified":"2023-07-24T07:16:36+00:00","description":"Dise\u00f1o de edificaciones para diferentes usos, como en la gesti\u00f3n integral de la construcci\u00f3n o Project Management.","breadcrumb":{"@id":"https:\/\/actisa.net\/web\/civil-works-transport-and-architecture-consulting-services\/building\/#breadcrumb"},"inLanguage":"es","potentialAction":[{"@type":"ReadAction","target":["https:\/\/actisa.net\/web\/civil-works-transport-and-architecture-consulting-services\/building\/"]}]},{"@type":"ImageObject","inLanguage":"es","@id":"https:\/\/actisa.net\/web\/civil-works-transport-and-architecture-consulting-services\/building\/#primaryimage","url":"https:\/\/actisa.net\/web\/wp-content\/uploads\/2023\/07\/edificacion-actisa.webp","contentUrl":"https:\/\/actisa.net\/web\/wp-content\/uploads\/2023\/07\/edificacion-actisa.webp","width":469,"height":370,"caption":"edificacion actisa"},{"@type":"BreadcrumbList","@id":"https:\/\/actisa.net\/web\/civil-works-transport-and-architecture-consulting-services\/building\/#breadcrumb","itemListElement":[{"@type":"ListItem","position":1,"name":"Portada","item":"https:\/\/actisa.net\/web\/"},{"@type":"ListItem","position":2,"name":"Civil Works, Transport and Architecture consulting services","item":"https:\/\/actisa.net\/web\/en\/civil-works-transport-and-architecture-consulting-services\/"},{"@type":"ListItem","position":3,"name":"Building"}]},{"@type":"WebSite","@id":"https:\/\/actisa.net\/web\/#website","url":"https:\/\/actisa.net\/web\/","name":"Actisa","description":"Actividades de consultor\u00eda t\u00e9cnica, investigaci\u00f3n y servicios avanzados","publisher":{"@id":"https:\/\/actisa.net\/web\/#organization"},"potentialAction":[{"@type":"SearchAction","target":{"@type":"EntryPoint","urlTemplate":"https:\/\/actisa.net\/web\/?s={search_term_string}"},"query-input":{"@type":"PropertyValueSpecification","valueRequired":true,"valueName":"search_term_string"}}],"inLanguage":"es"},{"@type":"Organization","@id":"https:\/\/actisa.net\/web\/#organization","name":"Actisa","url":"https:\/\/actisa.net\/web\/","logo":{"@type":"ImageObject","inLanguage":"es","@id":"https:\/\/actisa.net\/web\/#\/schema\/logo\/image\/","url":"https:\/\/actisa.net\/web\/wp-content\/uploads\/2023\/06\/actisaLogoFooter.png","contentUrl":"https:\/\/actisa.net\/web\/wp-content\/uploads\/2023\/06\/actisaLogoFooter.png","width":254,"height":75,"caption":"Actisa"},"image":{"@id":"https:\/\/actisa.net\/web\/#\/schema\/logo\/image\/"}}]}},"lang":"en","translations":{"en":1953,"es":1708},"pll_sync_post":[],"_links":{"self":[{"href":"https:\/\/actisa.net\/web\/wp-json\/wp\/v2\/pages\/1953","targetHints":{"allow":["GET"]}}],"collection":[{"href":"https:\/\/actisa.net\/web\/wp-json\/wp\/v2\/pages"}],"about":[{"href":"https:\/\/actisa.net\/web\/wp-json\/wp\/v2\/types\/page"}],"author":[{"embeddable":true,"href":"https:\/\/actisa.net\/web\/wp-json\/wp\/v2\/users\/1"}],"replies":[{"embeddable":true,"href":"https:\/\/actisa.net\/web\/wp-json\/wp\/v2\/comments?post=1953"}],"version-history":[{"count":10,"href":"https:\/\/actisa.net\/web\/wp-json\/wp\/v2\/pages\/1953\/revisions"}],"predecessor-version":[{"id":1963,"href":"https:\/\/actisa.net\/web\/wp-json\/wp\/v2\/pages\/1953\/revisions\/1963"}],"up":[{"embeddable":true,"href":"https:\/\/actisa.net\/web\/wp-json\/wp\/v2\/pages\/1833"}],"wp:attachment":[{"href":"https:\/\/actisa.net\/web\/wp-json\/wp\/v2\/media?parent=1953"}],"curies":[{"name":"wp","href":"https:\/\/api.w.org\/{rel}","templated":true}]}}