{"id":1983,"date":"2023-07-24T10:19:48","date_gmt":"2023-07-24T08:19:48","guid":{"rendered":"https:\/\/actisa.net\/web\/?page_id=1983"},"modified":"2023-07-24T10:55:31","modified_gmt":"2023-07-24T08:55:31","slug":"communication","status":"publish","type":"page","link":"https:\/\/actisa.net\/web\/communication\/","title":{"rendered":"Communication"},"content":{"rendered":"\t\t<div data-elementor-type=\"wp-page\" data-elementor-id=\"1983\" class=\"elementor elementor-1983\" data-elementor-post-type=\"page\">\n\t\t\t\t<div class=\"elementor-element elementor-element-ea915c0 e-con-full e-flex e-con e-parent\" data-id=\"ea915c0\" data-element_type=\"container\" data-settings=\"{&quot;background_background&quot;:&quot;classic&quot;}\">\n\t\t<div class=\"elementor-element elementor-element-f12f3cb e-con-full e-flex e-con e-parent\" data-id=\"f12f3cb\" data-element_type=\"container\" data-settings=\"{&quot;background_background&quot;:&quot;classic&quot;}\">\n\t\t\t\t<div class=\"elementor-element elementor-element-e06829f elementor-widget__width-initial elementor-widget elementor-widget-heading\" data-id=\"e06829f\" data-element_type=\"widget\" data-widget_type=\"heading.default\">\n\t\t\t\t<div class=\"elementor-widget-container\">\n\t\t\t\t\t<h1 class=\"elementor-heading-title elementor-size-default\">COMMUNICATION<\/h1>\t\t\t\t<\/div>\n\t\t\t\t<\/div>\n\t\t\t\t<\/div>\n\t\t\t\t<\/div>\n\t\t<div class=\"elementor-element elementor-element-ba78d97 e-flex e-con-boxed e-con e-parent\" data-id=\"ba78d97\" data-element_type=\"container\">\n\t\t\t\t\t<div class=\"e-con-inner\">\n\t\t\t\t<div class=\"elementor-element elementor-element-cb786aa elementor-position-left elementor-mobile-position-left elementor-view-default elementor-widget elementor-widget-icon-box\" data-id=\"cb786aa\" data-element_type=\"widget\" data-widget_type=\"icon-box.default\">\n\t\t\t\t<div class=\"elementor-widget-container\">\n\t\t\t\t\t\t\t<div class=\"elementor-icon-box-wrapper\">\n\n\t\t\t\t\t\t<div class=\"elementor-icon-box-icon\">\n\t\t\t\t<span  class=\"elementor-icon\">\n\t\t\t\t<svg xmlns=\"http:\/\/www.w3.org\/2000\/svg\" width=\"14.349\" height=\"29.44\" viewBox=\"0 0 14.349 29.44\"><path id=\"Trazado_8\" data-name=\"Trazado 8\" d=\"M1754.88,640.144c.062-.875.114-1.689.178-2.5.072-.924.151-1.847.229-2.77.1-1.177.211-2.351.3-3.529.1-1.251.164-2.5.264-3.753.115-1.431.259-2.859.383-4.29.062-.724.1-1.451.156-2.176q.218-2.827.44-5.654.167-2.147.336-4.294a4.3,4.3,0,0,1,.086-.447h9.583q.607,7.347,1.21,14.665c.4,4.888.791,9.776,1.182,14.633a.512.512,0,0,1-.043.08c-.012.013-.03.029-.045.029q-6.913.018-13.824.033C1755.192,640.168,1755.068,640.155,1754.88,640.144Z\" transform=\"translate(-1754.88 -610.73)\" fill=\"#e52321\"><\/path><\/svg>\t\t\t\t<\/span>\n\t\t\t<\/div>\n\t\t\t\n\t\t\t\t\t\t<div class=\"elementor-icon-box-content\">\n\n\t\t\t\t\t\t\t\t\t<h2 class=\"elementor-icon-box-title\">\n\t\t\t\t\t\t<span  >\n\t\t\t\t\t\t\tQUALITY AND ENVIRONMENTAL POLICY\t\t\t\t\t\t<\/span>\n\t\t\t\t\t<\/h2>\n\t\t\t\t\n\t\t\t\t\n\t\t\t<\/div>\n\t\t\t\n\t\t<\/div>\n\t\t\t\t\t\t<\/div>\n\t\t\t\t<\/div>\n\t\t\t\t\t<\/div>\n\t\t\t\t<\/div>\n\t\t<div class=\"elementor-element elementor-element-60e8a72 e-flex e-con-boxed e-con e-parent\" data-id=\"60e8a72\" data-element_type=\"container\">\n\t\t\t\t\t<div class=\"e-con-inner\">\n\t\t<div class=\"elementor-element elementor-element-d60712b e-flex e-con-boxed e-con e-parent\" data-id=\"d60712b\" data-element_type=\"container\">\n\t\t\t\t\t<div class=\"e-con-inner\">\n\t\t\t\t<div class=\"elementor-element elementor-element-4f1c3ff elementor-widget__width-inherit elementor-widget elementor-widget-text-editor\" data-id=\"4f1c3ff\" data-element_type=\"widget\" data-widget_type=\"text-editor.default\">\n\t\t\t\t<div class=\"elementor-widget-container\">\n\t\t\t\t\t\t\t\t\t<p>Our environmental policy defines how we are committed to carrying out our activity within the parameters of sustainable development, maintaining control and management of the environmental aspects that we produce, especially those that are most significant.<\/p><p>The quality policy strives to provide quality services and products with constant improvement to satisfy the demand of our clients and to be competitive within the sector to obtain new clients. By doing so, we aim to control our services and try to make them as satisfactory as possible for our clients and the projects we carry out in the consultancy firm.<\/p><p>It also establishes a common framework for the definition of objectives and the implementation of activities that contribute to the continuous improvement of the environmental and quality management system. ACTISA has established the following fundamental principles in order to fulfil these commitments and achieve the established objectives:<\/p><ul><li>To ensure the protection of the environment, working in a respectful way, preventing pollution and minimising the environmental effects produced as a result of the activity we carry out in our company.<\/li><\/ul><ul><li>To ensure compliance with the applicable legal environmental requirements and the requirements voluntarily assumed by the company.<\/li><\/ul><ul><li>To maintain the awareness and sensitisation of all our employees, promoting their environmental and quality training and encouraging their active participation, including suggestions for improvement proposed by them with the subject matter of promoting continuous improvement.<\/li><\/ul><ul><li>To integrate the EMS-Quality into the global management of ACTISA.<\/li><\/ul><ul><li>To define specific and measurable objectives and targets within an environmental and quality programme, which can be reviewed at least once a year according to their achievement.<\/li><li>To promote energy efficiency measures.<\/li><\/ul><ul><li>To carry out a periodic annual evaluation of the environmental aspects derived from our activity, for the purposes of maintenance and continuous improvement of the environmental management system, allowing us to maintain an environmental management based on 3 pillars:<\/li><\/ul><ul><li>Precaution: avoid actions that may involve an environmental risk, regardless of how serious they may be if they materialise.<\/li><li>Prevention: avoiding the environmental consequences associated with a given action.<\/li><li>Correction: to foresee how to counteract the environmental consequences of a risk should it materialise.<\/li><\/ul><p>All of us in the company are committed to these principles, and it is our responsibility to put them into practice. ACTISA promotes environmental and quality improvement and allocates the necessary resources to ensure the successful implementation of these policies.<\/p><p>October 2020<\/p>\t\t\t\t\t\t\t\t<\/div>\n\t\t\t\t<\/div>\n\t\t\t\t\t<\/div>\n\t\t\t\t<\/div>\n\t\t\t\t\t<\/div>\n\t\t\t\t<\/div>\n\t\t<div class=\"elementor-element elementor-element-c97c992 e-flex e-con-boxed e-con e-parent\" data-id=\"c97c992\" data-element_type=\"container\">\n\t\t\t\t\t<div class=\"e-con-inner\">\n\t\t\t\t<div class=\"elementor-element elementor-element-d4404f6 elementor-position-left elementor-mobile-position-left elementor-view-default elementor-widget elementor-widget-icon-box\" data-id=\"d4404f6\" data-element_type=\"widget\" data-widget_type=\"icon-box.default\">\n\t\t\t\t<div class=\"elementor-widget-container\">\n\t\t\t\t\t\t\t<div class=\"elementor-icon-box-wrapper\">\n\n\t\t\t\t\t\t<div class=\"elementor-icon-box-icon\">\n\t\t\t\t<span  class=\"elementor-icon\">\n\t\t\t\t<svg xmlns=\"http:\/\/www.w3.org\/2000\/svg\" width=\"14.349\" height=\"29.44\" viewBox=\"0 0 14.349 29.44\"><path id=\"Trazado_8\" data-name=\"Trazado 8\" d=\"M1754.88,640.144c.062-.875.114-1.689.178-2.5.072-.924.151-1.847.229-2.77.1-1.177.211-2.351.3-3.529.1-1.251.164-2.5.264-3.753.115-1.431.259-2.859.383-4.29.062-.724.1-1.451.156-2.176q.218-2.827.44-5.654.167-2.147.336-4.294a4.3,4.3,0,0,1,.086-.447h9.583q.607,7.347,1.21,14.665c.4,4.888.791,9.776,1.182,14.633a.512.512,0,0,1-.043.08c-.012.013-.03.029-.045.029q-6.913.018-13.824.033C1755.192,640.168,1755.068,640.155,1754.88,640.144Z\" transform=\"translate(-1754.88 -610.73)\" fill=\"#e52321\"><\/path><\/svg>\t\t\t\t<\/span>\n\t\t\t<\/div>\n\t\t\t\n\t\t\t\t\t\t<div class=\"elementor-icon-box-content\">\n\n\t\t\t\t\t\t\t\t\t<h2 class=\"elementor-icon-box-title\">\n\t\t\t\t\t\t<span  >\n\t\t\t\t\t\t\tWE ARE SUPPLIER-ORIENTATED\t\t\t\t\t\t<\/span>\n\t\t\t\t\t<\/h2>\n\t\t\t\t\n\t\t\t\t\n\t\t\t<\/div>\n\t\t\t\n\t\t<\/div>\n\t\t\t\t\t\t<\/div>\n\t\t\t\t<\/div>\n\t\t\t\t<div class=\"elementor-element elementor-element-8ebe59d elementor-widget__width-inherit elementor-widget elementor-widget-text-editor\" data-id=\"8ebe59d\" data-element_type=\"widget\" data-widget_type=\"text-editor.default\">\n\t\t\t\t<div class=\"elementor-widget-container\">\n\t\t\t\t\t\t\t\t\t<p>One of the objectives that Actisa S.L. sets itself as a daily challenge is the continuous improvement of its capacity to provide its customers with a better service and attention, with a faithful commitment to the prevention of pollution and the improvement in environmental management; this is established as a fundamental requirement of our management system. Supplier capability is vital to meeting this requirement; therefore we report the need to evaluate and select suppliers based on their ability to meet our needs and expectations.<\/p><p>Suppliers will be evaluated periodically on the basis of both environmental and occupational health and safety criteria in order to continue to be included as accepted suppliers of Actisa S.L.<\/p><p>\u25cf Quality: Incidents occurred<br \/>\u25cf Environment: information on the environmental management it performs (environmental policy, treatment of environmental aspects, good practices implemented, certifications).<\/p><p>Any future commercial relations will imply that you accept the requirements specified in our orders, or in any special conditions that may be established.<\/p><p><em>Yours sincerely.<\/em><\/p><p><em>Signed. Actisa S.L.\u00a0 Management<\/em><\/p><p><em>21\/10\/25<\/em><\/p><p style=\"text-align: justify; margin: 0cm 0cm 18.0pt 0cm;\">\u00a0<\/p>\t\t\t\t\t\t\t\t<\/div>\n\t\t\t\t<\/div>\n\t\t\t\t\t<\/div>\n\t\t\t\t<\/div>\n\t\t<div class=\"elementor-element elementor-element-38f8d7f e-flex e-con-boxed e-con e-parent\" data-id=\"38f8d7f\" data-element_type=\"container\">\n\t\t\t\t\t<div class=\"e-con-inner\">\n\t\t\t\t<div class=\"elementor-element elementor-element-52988e8 elementor-position-left elementor-mobile-position-left elementor-view-default elementor-widget elementor-widget-icon-box\" data-id=\"52988e8\" data-element_type=\"widget\" data-widget_type=\"icon-box.default\">\n\t\t\t\t<div class=\"elementor-widget-container\">\n\t\t\t\t\t\t\t<div class=\"elementor-icon-box-wrapper\">\n\n\t\t\t\t\t\t<div class=\"elementor-icon-box-icon\">\n\t\t\t\t<span  class=\"elementor-icon\">\n\t\t\t\t<svg xmlns=\"http:\/\/www.w3.org\/2000\/svg\" width=\"14.349\" height=\"29.44\" viewBox=\"0 0 14.349 29.44\"><path id=\"Trazado_8\" data-name=\"Trazado 8\" d=\"M1754.88,640.144c.062-.875.114-1.689.178-2.5.072-.924.151-1.847.229-2.77.1-1.177.211-2.351.3-3.529.1-1.251.164-2.5.264-3.753.115-1.431.259-2.859.383-4.29.062-.724.1-1.451.156-2.176q.218-2.827.44-5.654.167-2.147.336-4.294a4.3,4.3,0,0,1,.086-.447h9.583q.607,7.347,1.21,14.665c.4,4.888.791,9.776,1.182,14.633a.512.512,0,0,1-.043.08c-.012.013-.03.029-.045.029q-6.913.018-13.824.033C1755.192,640.168,1755.068,640.155,1754.88,640.144Z\" transform=\"translate(-1754.88 -610.73)\" fill=\"#e52321\"><\/path><\/svg>\t\t\t\t<\/span>\n\t\t\t<\/div>\n\t\t\t\n\t\t\t\t\t\t<div class=\"elementor-icon-box-content\">\n\n\t\t\t\t\t\t\t\t\t<h2 class=\"elementor-icon-box-title\">\n\t\t\t\t\t\t<span  >\n\t\t\t\t\t\t\tAWARDS\t\t\t\t\t\t<\/span>\n\t\t\t\t\t<\/h2>\n\t\t\t\t\n\t\t\t\t\n\t\t\t<\/div>\n\t\t\t\n\t\t<\/div>\n\t\t\t\t\t\t<\/div>\n\t\t\t\t<\/div>\n\t\t\t\t<div class=\"elementor-element elementor-element-625213c elementor-widget elementor-widget-ucaddon_uc_tiles_columns_image\" data-id=\"625213c\" data-element_type=\"widget\" data-widget_type=\"ucaddon_uc_tiles_columns_image.default\">\n\t\t\t\t<div class=\"elementor-widget-container\">\n\t\t\t\t\t\n<!-- start Masonry Gallery -->\n\t\t<link id='unitegallery-css' href='https:\/\/actisa.net\/web\/wp-content\/plugins\/unlimited-elements-for-elementor-premium\/assets_libraries\/unitegallery\/css\/unite-gallery.css' type='text\/css' rel='stylesheet' >\n\t\t<link id='uc_ac_assets_file_uc_columns_unite_gallery_css_37416-css' href='https:\/\/actisa.net\/web\/wp-content\/uploads\/ac_assets\/uc_tiles_columns_image\/uc-columns-unite-gallery.css' type='text\/css' rel='stylesheet' >\n\n\n<div id=\"uc_uc_tiles_columns_image_elementor_625213c\" style=\"display:none;\" class=\"uc-items-wrapper\" data-custom-sethtml=\"true\" >\n\n\n<img fetchpriority=\"high\" decoding=\"async\" src=\"https:\/\/actisa.net\/web\/wp-content\/uploads\/2023\/07\/Seal-of-Excellence.webp\" alt=\"Seal of Excellence\" title=\"Seal of Excellence\" width=\"1241\" height=\"1754\" \/>\n\n<img decoding=\"async\" src=\"https:\/\/actisa.net\/web\/wp-content\/uploads\/2023\/07\/premio-SACYR-2016-1.webp\" alt=\"SACYR Award 2016\" title=\"SACYR Award 2016\" width=\"320\" height=\"377\" \/>\n\n<img decoding=\"async\" src=\"https:\/\/actisa.net\/web\/wp-content\/uploads\/2023\/07\/premio-progreso-2014-1.webp\" alt=\"Progress Award 2014\" title=\"Progress Award 2014\" width=\"295\" height=\"222\" \/>\n\n<img loading=\"lazy\" decoding=\"async\" src=\"https:\/\/actisa.net\/web\/wp-content\/uploads\/2023\/07\/PREMIO-EUROPEO-A-LA-GESTION-E-INNOVACION-EMPRESARIAL-1.webp\" alt=\"European award for business management and innovation\" title=\"European award for business management and innovation\" width=\"511\" height=\"367\" \/>\n\n<img loading=\"lazy\" decoding=\"async\" src=\"https:\/\/actisa.net\/web\/wp-content\/uploads\/2023\/07\/Premio-Andalucia-Emprende-scaled-1.webp\" alt=\"I Edition Andalucia Emprende Awards\" title=\"I Edition Andalucia Emprende Awards\" width=\"2560\" height=\"1437\" \/>\n\n  \n<\/div>\n<!-- end Masonry Gallery -->\t\t\t\t<\/div>\n\t\t\t\t<\/div>\n\t\t\t\t\t<\/div>\n\t\t\t\t<\/div>\n\t\t\t\t<\/div>\n\t\t","protected":false},"excerpt":{"rendered":"<p>COMMUNICATION QUALITY AND ENVIRONMENTAL POLICY Our environmental policy defines how we are committed to carrying out our activity within the parameters of sustainable development, maintaining control and management of the environmental aspects that we produce, especially those that are most significant. The quality policy strives to provide quality services and products with constant improvement to [&hellip;]<\/p>\n","protected":false},"author":1,"featured_media":0,"parent":0,"menu_order":0,"comment_status":"closed","ping_status":"closed","template":"elementor_header_footer","meta":{"footnotes":""},"class_list":["post-1983","page","type-page","status-publish","hentry"],"acf":[],"yoast_head":"<!-- This site is optimized with the Yoast SEO plugin v26.2 - https:\/\/yoast.com\/wordpress\/plugins\/seo\/ -->\n<title>Communication - Actisa<\/title>\n<meta name=\"robots\" content=\"index, follow, max-snippet:-1, max-image-preview:large, max-video-preview:-1\" \/>\n<link rel=\"canonical\" href=\"https:\/\/actisa.net\/web\/communication\/\" \/>\n<meta property=\"og:locale\" content=\"es_ES\" \/>\n<meta property=\"og:type\" content=\"article\" \/>\n<meta property=\"og:title\" content=\"Communication - Actisa\" \/>\n<meta property=\"og:description\" content=\"COMMUNICATION QUALITY AND ENVIRONMENTAL POLICY Our environmental policy defines how we are committed to carrying out our activity within the parameters of sustainable development, maintaining control and management of the environmental aspects that we produce, especially those that are most significant. The quality policy strives to provide quality services and products with constant improvement to [&hellip;]\" \/>\n<meta property=\"og:url\" content=\"https:\/\/actisa.net\/web\/communication\/\" \/>\n<meta property=\"og:site_name\" content=\"Actisa\" \/>\n<meta property=\"article:modified_time\" content=\"2023-07-24T08:55:31+00:00\" \/>\n<meta property=\"og:image\" content=\"https:\/\/actisa.net\/web\/wp-content\/uploads\/2023\/07\/Seal-of-Excellence.webp\" \/>\n<meta name=\"twitter:card\" content=\"summary_large_image\" \/>\n<meta name=\"twitter:label1\" content=\"Tiempo de lectura\" \/>\n\t<meta name=\"twitter:data1\" content=\"4 minutos\" \/>\n<script type=\"application\/ld+json\" class=\"yoast-schema-graph\">{\"@context\":\"https:\/\/schema.org\",\"@graph\":[{\"@type\":\"WebPage\",\"@id\":\"https:\/\/actisa.net\/web\/communication\/\",\"url\":\"https:\/\/actisa.net\/web\/communication\/\",\"name\":\"Communication - Actisa\",\"isPartOf\":{\"@id\":\"https:\/\/actisa.net\/web\/#website\"},\"primaryImageOfPage\":{\"@id\":\"https:\/\/actisa.net\/web\/communication\/#primaryimage\"},\"image\":{\"@id\":\"https:\/\/actisa.net\/web\/communication\/#primaryimage\"},\"thumbnailUrl\":\"https:\/\/actisa.net\/web\/wp-content\/uploads\/2023\/07\/Seal-of-Excellence.webp\",\"datePublished\":\"2023-07-24T08:19:48+00:00\",\"dateModified\":\"2023-07-24T08:55:31+00:00\",\"breadcrumb\":{\"@id\":\"https:\/\/actisa.net\/web\/communication\/#breadcrumb\"},\"inLanguage\":\"es\",\"potentialAction\":[{\"@type\":\"ReadAction\",\"target\":[\"https:\/\/actisa.net\/web\/communication\/\"]}]},{\"@type\":\"ImageObject\",\"inLanguage\":\"es\",\"@id\":\"https:\/\/actisa.net\/web\/communication\/#primaryimage\",\"url\":\"https:\/\/actisa.net\/web\/wp-content\/uploads\/2023\/07\/Seal-of-Excellence.webp\",\"contentUrl\":\"https:\/\/actisa.net\/web\/wp-content\/uploads\/2023\/07\/Seal-of-Excellence.webp\",\"width\":1241,\"height\":1754,\"caption\":\"Seal of Excellence\"},{\"@type\":\"BreadcrumbList\",\"@id\":\"https:\/\/actisa.net\/web\/communication\/#breadcrumb\",\"itemListElement\":[{\"@type\":\"ListItem\",\"position\":1,\"name\":\"Portada\",\"item\":\"https:\/\/actisa.net\/web\/\"},{\"@type\":\"ListItem\",\"position\":2,\"name\":\"Communication\"}]},{\"@type\":\"WebSite\",\"@id\":\"https:\/\/actisa.net\/web\/#website\",\"url\":\"https:\/\/actisa.net\/web\/\",\"name\":\"Actisa\",\"description\":\"Actividades de consultor\u00eda t\u00e9cnica, investigaci\u00f3n y servicios avanzados\",\"publisher\":{\"@id\":\"https:\/\/actisa.net\/web\/#organization\"},\"potentialAction\":[{\"@type\":\"SearchAction\",\"target\":{\"@type\":\"EntryPoint\",\"urlTemplate\":\"https:\/\/actisa.net\/web\/?s={search_term_string}\"},\"query-input\":{\"@type\":\"PropertyValueSpecification\",\"valueRequired\":true,\"valueName\":\"search_term_string\"}}],\"inLanguage\":\"es\"},{\"@type\":\"Organization\",\"@id\":\"https:\/\/actisa.net\/web\/#organization\",\"name\":\"Actisa\",\"url\":\"https:\/\/actisa.net\/web\/\",\"logo\":{\"@type\":\"ImageObject\",\"inLanguage\":\"es\",\"@id\":\"https:\/\/actisa.net\/web\/#\/schema\/logo\/image\/\",\"url\":\"https:\/\/actisa.net\/web\/wp-content\/uploads\/2023\/06\/actisaLogoFooter.png\",\"contentUrl\":\"https:\/\/actisa.net\/web\/wp-content\/uploads\/2023\/06\/actisaLogoFooter.png\",\"width\":254,\"height\":75,\"caption\":\"Actisa\"},\"image\":{\"@id\":\"https:\/\/actisa.net\/web\/#\/schema\/logo\/image\/\"}}]}<\/script>\n<!-- \/ Yoast SEO plugin. -->","yoast_head_json":{"title":"Communication - Actisa","robots":{"index":"index","follow":"follow","max-snippet":"max-snippet:-1","max-image-preview":"max-image-preview:large","max-video-preview":"max-video-preview:-1"},"canonical":"https:\/\/actisa.net\/web\/communication\/","og_locale":"es_ES","og_type":"article","og_title":"Communication - Actisa","og_description":"COMMUNICATION QUALITY AND ENVIRONMENTAL POLICY Our environmental policy defines how we are committed to carrying out our activity within the parameters of sustainable development, maintaining control and management of the environmental aspects that we produce, especially those that are most significant. The quality policy strives to provide quality services and products with constant improvement to [&hellip;]","og_url":"https:\/\/actisa.net\/web\/communication\/","og_site_name":"Actisa","article_modified_time":"2023-07-24T08:55:31+00:00","og_image":[{"url":"https:\/\/actisa.net\/web\/wp-content\/uploads\/2023\/07\/Seal-of-Excellence.webp","type":"","width":"","height":""}],"twitter_card":"summary_large_image","twitter_misc":{"Tiempo de lectura":"4 minutos"},"schema":{"@context":"https:\/\/schema.org","@graph":[{"@type":"WebPage","@id":"https:\/\/actisa.net\/web\/communication\/","url":"https:\/\/actisa.net\/web\/communication\/","name":"Communication - Actisa","isPartOf":{"@id":"https:\/\/actisa.net\/web\/#website"},"primaryImageOfPage":{"@id":"https:\/\/actisa.net\/web\/communication\/#primaryimage"},"image":{"@id":"https:\/\/actisa.net\/web\/communication\/#primaryimage"},"thumbnailUrl":"https:\/\/actisa.net\/web\/wp-content\/uploads\/2023\/07\/Seal-of-Excellence.webp","datePublished":"2023-07-24T08:19:48+00:00","dateModified":"2023-07-24T08:55:31+00:00","breadcrumb":{"@id":"https:\/\/actisa.net\/web\/communication\/#breadcrumb"},"inLanguage":"es","potentialAction":[{"@type":"ReadAction","target":["https:\/\/actisa.net\/web\/communication\/"]}]},{"@type":"ImageObject","inLanguage":"es","@id":"https:\/\/actisa.net\/web\/communication\/#primaryimage","url":"https:\/\/actisa.net\/web\/wp-content\/uploads\/2023\/07\/Seal-of-Excellence.webp","contentUrl":"https:\/\/actisa.net\/web\/wp-content\/uploads\/2023\/07\/Seal-of-Excellence.webp","width":1241,"height":1754,"caption":"Seal of Excellence"},{"@type":"BreadcrumbList","@id":"https:\/\/actisa.net\/web\/communication\/#breadcrumb","itemListElement":[{"@type":"ListItem","position":1,"name":"Portada","item":"https:\/\/actisa.net\/web\/"},{"@type":"ListItem","position":2,"name":"Communication"}]},{"@type":"WebSite","@id":"https:\/\/actisa.net\/web\/#website","url":"https:\/\/actisa.net\/web\/","name":"Actisa","description":"Actividades de consultor\u00eda t\u00e9cnica, investigaci\u00f3n y servicios avanzados","publisher":{"@id":"https:\/\/actisa.net\/web\/#organization"},"potentialAction":[{"@type":"SearchAction","target":{"@type":"EntryPoint","urlTemplate":"https:\/\/actisa.net\/web\/?s={search_term_string}"},"query-input":{"@type":"PropertyValueSpecification","valueRequired":true,"valueName":"search_term_string"}}],"inLanguage":"es"},{"@type":"Organization","@id":"https:\/\/actisa.net\/web\/#organization","name":"Actisa","url":"https:\/\/actisa.net\/web\/","logo":{"@type":"ImageObject","inLanguage":"es","@id":"https:\/\/actisa.net\/web\/#\/schema\/logo\/image\/","url":"https:\/\/actisa.net\/web\/wp-content\/uploads\/2023\/06\/actisaLogoFooter.png","contentUrl":"https:\/\/actisa.net\/web\/wp-content\/uploads\/2023\/06\/actisaLogoFooter.png","width":254,"height":75,"caption":"Actisa"},"image":{"@id":"https:\/\/actisa.net\/web\/#\/schema\/logo\/image\/"}}]}},"lang":"en","translations":{"en":1983,"es":356},"pll_sync_post":[],"_links":{"self":[{"href":"https:\/\/actisa.net\/web\/wp-json\/wp\/v2\/pages\/1983","targetHints":{"allow":["GET"]}}],"collection":[{"href":"https:\/\/actisa.net\/web\/wp-json\/wp\/v2\/pages"}],"about":[{"href":"https:\/\/actisa.net\/web\/wp-json\/wp\/v2\/types\/page"}],"author":[{"embeddable":true,"href":"https:\/\/actisa.net\/web\/wp-json\/wp\/v2\/users\/1"}],"replies":[{"embeddable":true,"href":"https:\/\/actisa.net\/web\/wp-json\/wp\/v2\/comments?post=1983"}],"version-history":[{"count":11,"href":"https:\/\/actisa.net\/web\/wp-json\/wp\/v2\/pages\/1983\/revisions"}],"predecessor-version":[{"id":2022,"href":"https:\/\/actisa.net\/web\/wp-json\/wp\/v2\/pages\/1983\/revisions\/2022"}],"wp:attachment":[{"href":"https:\/\/actisa.net\/web\/wp-json\/wp\/v2\/media?parent=1983"}],"curies":[{"name":"wp","href":"https:\/\/api.w.org\/{rel}","templated":true}]}}