{"id":2077,"date":"2023-07-24T12:18:47","date_gmt":"2023-07-24T10:18:47","guid":{"rendered":"https:\/\/actisa.net\/web\/?page_id=2077"},"modified":"2023-07-25T12:03:10","modified_gmt":"2023-07-25T10:03:10","slug":"talent","status":"publish","type":"page","link":"https:\/\/actisa.net\/web\/talent\/","title":{"rendered":"Talent"},"content":{"rendered":"\t\t<div data-elementor-type=\"wp-page\" data-elementor-id=\"2077\" class=\"elementor elementor-2077\" data-elementor-post-type=\"page\">\n\t\t\t\t<div class=\"elementor-element elementor-element-58d1446 e-con-full e-flex e-con e-parent\" data-id=\"58d1446\" data-element_type=\"container\" data-settings=\"{&quot;background_background&quot;:&quot;classic&quot;}\">\n\t\t<div class=\"elementor-element elementor-element-7829d26 e-con-full e-flex e-con e-parent\" data-id=\"7829d26\" data-element_type=\"container\" data-settings=\"{&quot;background_background&quot;:&quot;classic&quot;}\">\n\t\t\t\t<div class=\"elementor-element elementor-element-85e1594 elementor-widget__width-initial elementor-widget elementor-widget-heading\" data-id=\"85e1594\" data-element_type=\"widget\" data-widget_type=\"heading.default\">\n\t\t\t\t<div class=\"elementor-widget-container\">\n\t\t\t\t\t<h1 class=\"elementor-heading-title elementor-size-default\">Talent<\/h1>\t\t\t\t<\/div>\n\t\t\t\t<\/div>\n\t\t\t\t<\/div>\n\t\t\t\t<\/div>\n\t\t<div class=\"elementor-element elementor-element-40bf9f3 e-flex e-con-boxed e-con e-parent\" data-id=\"40bf9f3\" data-element_type=\"container\">\n\t\t\t\t\t<div class=\"e-con-inner\">\n\t\t<div class=\"elementor-element elementor-element-f1bba99 e-flex e-con-boxed e-con e-parent\" data-id=\"f1bba99\" data-element_type=\"container\">\n\t\t\t\t\t<div class=\"e-con-inner\">\n\t\t\t\t<div class=\"elementor-element elementor-element-a89fce3 elementor-position-left elementor-mobile-position-left elementor-view-default elementor-widget elementor-widget-icon-box\" data-id=\"a89fce3\" data-element_type=\"widget\" data-widget_type=\"icon-box.default\">\n\t\t\t\t<div class=\"elementor-widget-container\">\n\t\t\t\t\t\t\t<div class=\"elementor-icon-box-wrapper\">\n\n\t\t\t\t\t\t<div class=\"elementor-icon-box-icon\">\n\t\t\t\t<span  class=\"elementor-icon\">\n\t\t\t\t<svg xmlns=\"http:\/\/www.w3.org\/2000\/svg\" width=\"14.349\" height=\"29.44\" viewBox=\"0 0 14.349 29.44\"><path id=\"Trazado_8\" data-name=\"Trazado 8\" d=\"M1754.88,640.144c.062-.875.114-1.689.178-2.5.072-.924.151-1.847.229-2.77.1-1.177.211-2.351.3-3.529.1-1.251.164-2.5.264-3.753.115-1.431.259-2.859.383-4.29.062-.724.1-1.451.156-2.176q.218-2.827.44-5.654.167-2.147.336-4.294a4.3,4.3,0,0,1,.086-.447h9.583q.607,7.347,1.21,14.665c.4,4.888.791,9.776,1.182,14.633a.512.512,0,0,1-.043.08c-.012.013-.03.029-.045.029q-6.913.018-13.824.033C1755.192,640.168,1755.068,640.155,1754.88,640.144Z\" transform=\"translate(-1754.88 -610.73)\" fill=\"#e52321\"><\/path><\/svg>\t\t\t\t<\/span>\n\t\t\t<\/div>\n\t\t\t\n\t\t\t\t\t\t<div class=\"elementor-icon-box-content\">\n\n\t\t\t\t\t\t\t\t\t<h2 class=\"elementor-icon-box-title\">\n\t\t\t\t\t\t<span  >\n\t\t\t\t\t\t\tATTACH CV\t\t\t\t\t\t<\/span>\n\t\t\t\t\t<\/h2>\n\t\t\t\t\n\t\t\t\t\n\t\t\t<\/div>\n\t\t\t\n\t\t<\/div>\n\t\t\t\t\t\t<\/div>\n\t\t\t\t<\/div>\n\t\t\t\t<div class=\"elementor-element elementor-element-a1ea65f elementor-widget__width-initial elementor-widget elementor-widget-text-editor\" data-id=\"a1ea65f\" data-element_type=\"widget\" data-widget_type=\"text-editor.default\">\n\t\t\t\t<div class=\"elementor-widget-container\">\n\t\t\t\t\t\t\t\t\t<p>At ACTISA, we recognise that the real driving force behind our success is the talented people who are part of our team. We value the diversity, creativity and commitment of our employees.<\/p><p>If you are looking for a dynamic work environment where you can develop your skills and grow professionally, you have come to the right place.<\/p><p>Join us and be part of a passionate team that drives innovation and contributes to the success of our projects.<\/p>\t\t\t\t\t\t\t\t<\/div>\n\t\t\t\t<\/div>\n\t\t\t\t\t<\/div>\n\t\t\t\t<\/div>\n\t\t<div class=\"elementor-element elementor-element-f9449f8 e-flex e-con-boxed e-con e-parent\" data-id=\"f9449f8\" data-element_type=\"container\">\n\t\t\t\t\t<div class=\"e-con-inner\">\n\t\t\t\t<div class=\"elementor-element elementor-element-f10ccb0 elementor-button-align-start elementor-widget__width-initial elementor-widget elementor-widget-form\" data-id=\"f10ccb0\" data-element_type=\"widget\" data-settings=\"{&quot;step_next_label&quot;:&quot;Siguiente&quot;,&quot;step_previous_label&quot;:&quot;Anterior&quot;,&quot;button_width&quot;:&quot;100&quot;,&quot;step_type&quot;:&quot;number_text&quot;,&quot;step_icon_shape&quot;:&quot;circle&quot;}\" data-widget_type=\"form.default\">\n\t\t\t\t<div class=\"elementor-widget-container\">\n\t\t\t\t\t\t\t<form class=\"elementor-form\" method=\"post\" name=\"CV\" aria-label=\"CV\">\n\t\t\t<input type=\"hidden\" name=\"post_id\" value=\"2077\"\/>\n\t\t\t<input type=\"hidden\" name=\"form_id\" value=\"f10ccb0\"\/>\n\t\t\t<input type=\"hidden\" name=\"referer_title\" value=\"Talent - Actisa\" \/>\n\n\t\t\t\t\t\t\t<input type=\"hidden\" name=\"queried_id\" value=\"2077\"\/>\n\t\t\t\n\t\t\t<div class=\"elementor-form-fields-wrapper elementor-labels-above\">\n\t\t\t\t\t\t\t\t<div class=\"elementor-field-type-text elementor-field-group elementor-column elementor-field-group-name elementor-col-100 elementor-field-required elementor-mark-required\">\n\t\t\t\t\t\t\t\t\t\t\t\t<label for=\"form-field-name\" class=\"elementor-field-label\">\n\t\t\t\t\t\t\t\tName and Surname(s)\t\t\t\t\t\t\t<\/label>\n\t\t\t\t\t\t\t\t\t\t\t\t\t\t<input size=\"1\" type=\"text\" name=\"form_fields[name]\" id=\"form-field-name\" class=\"elementor-field elementor-size-md  elementor-field-textual\" placeholder=\"Name and Surname(s)\" required=\"required\">\n\t\t\t\t\t\t\t\t\t\t\t<\/div>\n\t\t\t\t\t\t\t\t<div class=\"elementor-field-type-email elementor-field-group elementor-column elementor-field-group-email elementor-col-100 elementor-field-required elementor-mark-required\">\n\t\t\t\t\t\t\t\t\t\t\t\t<label for=\"form-field-email\" class=\"elementor-field-label\">\n\t\t\t\t\t\t\t\tE-mail address\t\t\t\t\t\t\t<\/label>\n\t\t\t\t\t\t\t\t\t\t\t\t\t\t<input size=\"1\" type=\"email\" name=\"form_fields[email]\" id=\"form-field-email\" class=\"elementor-field elementor-size-md  elementor-field-textual\" placeholder=\"E-mail address\" required=\"required\">\n\t\t\t\t\t\t\t\t\t\t\t<\/div>\n\t\t\t\t\t\t\t\t<div class=\"elementor-field-type-tel elementor-field-group elementor-column elementor-field-group-telefono elementor-col-100 elementor-field-required elementor-mark-required\">\n\t\t\t\t\t\t\t\t\t\t\t\t<label for=\"form-field-telefono\" class=\"elementor-field-label\">\n\t\t\t\t\t\t\t\tTelephone\t\t\t\t\t\t\t<\/label>\n\t\t\t\t\t\t\t\t<input size=\"1\" type=\"tel\" name=\"form_fields[telefono]\" id=\"form-field-telefono\" class=\"elementor-field elementor-size-md  elementor-field-textual\" placeholder=\"Telephone\" required=\"required\" pattern=\"[0-9()#&amp;+*-=.]+\" title=\"Only numbers and phone characters (#, -, *, etc) are accepted.\">\n\n\t\t\t\t\t\t<\/div>\n\t\t\t\t\t\t\t\t<div class=\"elementor-field-type-upload elementor-field-group elementor-column elementor-field-group-adjunto elementor-col-100 elementor-field-required elementor-mark-required\">\n\t\t\t\t\t\t\t\t\t\t\t\t<label for=\"form-field-adjunto\" class=\"elementor-field-label\">\n\t\t\t\t\t\t\t\tAttach CV\t\t\t\t\t\t\t<\/label>\n\t\t\t\t\t\t\t\t<input type=\"file\" name=\"form_fields[adjunto]\" id=\"form-field-adjunto\" class=\"elementor-field elementor-size-md  elementor-upload-field\" required=\"required\" data-maxsize=\"5\" data-maxsize-message=\"This file exceeds the maximum allowed size.\">\n\n\t\t\t\t\t\t<\/div>\n\t\t\t\t\t\t\t\t<div class=\"elementor-field-type-acceptance elementor-field-group elementor-column elementor-field-group-field_663ddf3 elementor-col-100 elementor-field-required elementor-mark-required\">\n\t\t\t\t\t\t\t\t\t\t\t\t<label for=\"form-field-field_663ddf3\" class=\"elementor-field-label\">\n\t\t\t\t\t\t\t\tAcceptance\t\t\t\t\t\t\t<\/label>\n\t\t\t\t\t\t\t\t<div class=\"elementor-field-subgroup\">\n\t\t\t<span class=\"elementor-field-option\">\n\t\t\t\t<input type=\"checkbox\" name=\"form_fields[field_663ddf3]\" id=\"form-field-field_663ddf3\" class=\"elementor-field elementor-size-md  elementor-acceptance-field\" required=\"required\">\n\t\t\t\t<label for=\"form-field-field_663ddf3\">I have read and accept the <a href=\"https:\/\/actisa.net\/web\/en\/legal-notice\/\" target=\"_blank\">terms and conditions<\/a><\/label>\t\t\t<\/span>\n\t\t<\/div>\n\t\t\t\t\t\t<\/div>\n\t\t\t\t\t\t\t\t<div class=\"elementor-field-group elementor-column elementor-field-type-submit elementor-col-100 e-form__buttons\">\n\t\t\t\t\t<button class=\"elementor-button elementor-size-sm\" type=\"submit\">\n\t\t\t\t\t\t<span class=\"elementor-button-content-wrapper\">\n\t\t\t\t\t\t\t\t\t\t\t\t\t\t\t\t\t\t\t\t\t\t<span class=\"elementor-button-text\">Send<\/span>\n\t\t\t\t\t\t\t\t\t\t\t\t\t<\/span>\n\t\t\t\t\t<\/button>\n\t\t\t\t<\/div>\n\t\t\t<\/div>\n\t\t<\/form>\n\t\t\t\t\t\t<\/div>\n\t\t\t\t<\/div>\n\t\t\t\t\t<\/div>\n\t\t\t\t<\/div>\n\t\t\t\t\t<\/div>\n\t\t\t\t<\/div>\n\t\t\t\t<\/div>\n\t\t","protected":false},"excerpt":{"rendered":"<p>Talent ATTACH CV At ACTISA, we recognise that the real driving force behind our success is the talented people who are part of our team. We value the diversity, creativity and commitment of our employees. If you are looking for a dynamic work environment where you can develop your skills and grow professionally, you have [&hellip;]<\/p>\n","protected":false},"author":1,"featured_media":0,"parent":0,"menu_order":0,"comment_status":"closed","ping_status":"closed","template":"elementor_header_footer","meta":{"footnotes":""},"class_list":["post-2077","page","type-page","status-publish","hentry"],"acf":[],"yoast_head":"<!-- This site is optimized with the Yoast SEO plugin v26.2 - https:\/\/yoast.com\/wordpress\/plugins\/seo\/ -->\n<title>Talent - Actisa<\/title>\n<meta name=\"robots\" content=\"index, follow, max-snippet:-1, max-image-preview:large, max-video-preview:-1\" \/>\n<link rel=\"canonical\" href=\"https:\/\/actisa.net\/web\/talent\/\" \/>\n<meta property=\"og:locale\" content=\"es_ES\" \/>\n<meta property=\"og:type\" content=\"article\" \/>\n<meta property=\"og:title\" content=\"Talent - Actisa\" \/>\n<meta property=\"og:description\" content=\"Talent ATTACH CV At ACTISA, we recognise that the real driving force behind our success is the talented people who are part of our team. We value the diversity, creativity and commitment of our employees. If you are looking for a dynamic work environment where you can develop your skills and grow professionally, you have [&hellip;]\" \/>\n<meta property=\"og:url\" content=\"https:\/\/actisa.net\/web\/talent\/\" \/>\n<meta property=\"og:site_name\" content=\"Actisa\" \/>\n<meta property=\"article:modified_time\" content=\"2023-07-25T10:03:10+00:00\" \/>\n<meta name=\"twitter:card\" content=\"summary_large_image\" \/>\n<meta name=\"twitter:label1\" content=\"Tiempo de lectura\" \/>\n\t<meta name=\"twitter:data1\" content=\"1 minuto\" \/>\n<script type=\"application\/ld+json\" class=\"yoast-schema-graph\">{\"@context\":\"https:\/\/schema.org\",\"@graph\":[{\"@type\":\"WebPage\",\"@id\":\"https:\/\/actisa.net\/web\/talent\/\",\"url\":\"https:\/\/actisa.net\/web\/talent\/\",\"name\":\"Talent - Actisa\",\"isPartOf\":{\"@id\":\"https:\/\/actisa.net\/web\/#website\"},\"datePublished\":\"2023-07-24T10:18:47+00:00\",\"dateModified\":\"2023-07-25T10:03:10+00:00\",\"breadcrumb\":{\"@id\":\"https:\/\/actisa.net\/web\/talent\/#breadcrumb\"},\"inLanguage\":\"es\",\"potentialAction\":[{\"@type\":\"ReadAction\",\"target\":[\"https:\/\/actisa.net\/web\/talent\/\"]}]},{\"@type\":\"BreadcrumbList\",\"@id\":\"https:\/\/actisa.net\/web\/talent\/#breadcrumb\",\"itemListElement\":[{\"@type\":\"ListItem\",\"position\":1,\"name\":\"Portada\",\"item\":\"https:\/\/actisa.net\/web\/\"},{\"@type\":\"ListItem\",\"position\":2,\"name\":\"Talent\"}]},{\"@type\":\"WebSite\",\"@id\":\"https:\/\/actisa.net\/web\/#website\",\"url\":\"https:\/\/actisa.net\/web\/\",\"name\":\"Actisa\",\"description\":\"Actividades de consultor\u00eda t\u00e9cnica, investigaci\u00f3n y servicios avanzados\",\"publisher\":{\"@id\":\"https:\/\/actisa.net\/web\/#organization\"},\"potentialAction\":[{\"@type\":\"SearchAction\",\"target\":{\"@type\":\"EntryPoint\",\"urlTemplate\":\"https:\/\/actisa.net\/web\/?s={search_term_string}\"},\"query-input\":{\"@type\":\"PropertyValueSpecification\",\"valueRequired\":true,\"valueName\":\"search_term_string\"}}],\"inLanguage\":\"es\"},{\"@type\":\"Organization\",\"@id\":\"https:\/\/actisa.net\/web\/#organization\",\"name\":\"Actisa\",\"url\":\"https:\/\/actisa.net\/web\/\",\"logo\":{\"@type\":\"ImageObject\",\"inLanguage\":\"es\",\"@id\":\"https:\/\/actisa.net\/web\/#\/schema\/logo\/image\/\",\"url\":\"https:\/\/actisa.net\/web\/wp-content\/uploads\/2023\/06\/actisaLogoFooter.png\",\"contentUrl\":\"https:\/\/actisa.net\/web\/wp-content\/uploads\/2023\/06\/actisaLogoFooter.png\",\"width\":254,\"height\":75,\"caption\":\"Actisa\"},\"image\":{\"@id\":\"https:\/\/actisa.net\/web\/#\/schema\/logo\/image\/\"}}]}<\/script>\n<!-- \/ Yoast SEO plugin. -->","yoast_head_json":{"title":"Talent - Actisa","robots":{"index":"index","follow":"follow","max-snippet":"max-snippet:-1","max-image-preview":"max-image-preview:large","max-video-preview":"max-video-preview:-1"},"canonical":"https:\/\/actisa.net\/web\/talent\/","og_locale":"es_ES","og_type":"article","og_title":"Talent - Actisa","og_description":"Talent ATTACH CV At ACTISA, we recognise that the real driving force behind our success is the talented people who are part of our team. We value the diversity, creativity and commitment of our employees. If you are looking for a dynamic work environment where you can develop your skills and grow professionally, you have [&hellip;]","og_url":"https:\/\/actisa.net\/web\/talent\/","og_site_name":"Actisa","article_modified_time":"2023-07-25T10:03:10+00:00","twitter_card":"summary_large_image","twitter_misc":{"Tiempo de lectura":"1 minuto"},"schema":{"@context":"https:\/\/schema.org","@graph":[{"@type":"WebPage","@id":"https:\/\/actisa.net\/web\/talent\/","url":"https:\/\/actisa.net\/web\/talent\/","name":"Talent - Actisa","isPartOf":{"@id":"https:\/\/actisa.net\/web\/#website"},"datePublished":"2023-07-24T10:18:47+00:00","dateModified":"2023-07-25T10:03:10+00:00","breadcrumb":{"@id":"https:\/\/actisa.net\/web\/talent\/#breadcrumb"},"inLanguage":"es","potentialAction":[{"@type":"ReadAction","target":["https:\/\/actisa.net\/web\/talent\/"]}]},{"@type":"BreadcrumbList","@id":"https:\/\/actisa.net\/web\/talent\/#breadcrumb","itemListElement":[{"@type":"ListItem","position":1,"name":"Portada","item":"https:\/\/actisa.net\/web\/"},{"@type":"ListItem","position":2,"name":"Talent"}]},{"@type":"WebSite","@id":"https:\/\/actisa.net\/web\/#website","url":"https:\/\/actisa.net\/web\/","name":"Actisa","description":"Actividades de consultor\u00eda t\u00e9cnica, investigaci\u00f3n y servicios avanzados","publisher":{"@id":"https:\/\/actisa.net\/web\/#organization"},"potentialAction":[{"@type":"SearchAction","target":{"@type":"EntryPoint","urlTemplate":"https:\/\/actisa.net\/web\/?s={search_term_string}"},"query-input":{"@type":"PropertyValueSpecification","valueRequired":true,"valueName":"search_term_string"}}],"inLanguage":"es"},{"@type":"Organization","@id":"https:\/\/actisa.net\/web\/#organization","name":"Actisa","url":"https:\/\/actisa.net\/web\/","logo":{"@type":"ImageObject","inLanguage":"es","@id":"https:\/\/actisa.net\/web\/#\/schema\/logo\/image\/","url":"https:\/\/actisa.net\/web\/wp-content\/uploads\/2023\/06\/actisaLogoFooter.png","contentUrl":"https:\/\/actisa.net\/web\/wp-content\/uploads\/2023\/06\/actisaLogoFooter.png","width":254,"height":75,"caption":"Actisa"},"image":{"@id":"https:\/\/actisa.net\/web\/#\/schema\/logo\/image\/"}}]}},"lang":"en","translations":{"en":2077,"es":358},"pll_sync_post":[],"_links":{"self":[{"href":"https:\/\/actisa.net\/web\/wp-json\/wp\/v2\/pages\/2077","targetHints":{"allow":["GET"]}}],"collection":[{"href":"https:\/\/actisa.net\/web\/wp-json\/wp\/v2\/pages"}],"about":[{"href":"https:\/\/actisa.net\/web\/wp-json\/wp\/v2\/types\/page"}],"author":[{"embeddable":true,"href":"https:\/\/actisa.net\/web\/wp-json\/wp\/v2\/users\/1"}],"replies":[{"embeddable":true,"href":"https:\/\/actisa.net\/web\/wp-json\/wp\/v2\/comments?post=2077"}],"version-history":[{"count":7,"href":"https:\/\/actisa.net\/web\/wp-json\/wp\/v2\/pages\/2077\/revisions"}],"predecessor-version":[{"id":2271,"href":"https:\/\/actisa.net\/web\/wp-json\/wp\/v2\/pages\/2077\/revisions\/2271"}],"wp:attachment":[{"href":"https:\/\/actisa.net\/web\/wp-json\/wp\/v2\/media?parent=2077"}],"curies":[{"name":"wp","href":"https:\/\/api.w.org\/{rel}","templated":true}]}}