{"id":2306,"date":"2023-11-17T12:36:50","date_gmt":"2023-11-17T11:36:50","guid":{"rendered":"https:\/\/actisa.net\/web\/?page_id=2306"},"modified":"2024-12-02T10:07:59","modified_gmt":"2024-12-02T09:07:59","slug":"proyectocybercop","status":"publish","type":"page","link":"https:\/\/actisa.net\/web\/proyectocybercop\/","title":{"rendered":"Proyecto Cybercop"},"content":{"rendered":"\t\t<div data-elementor-type=\"wp-page\" data-elementor-id=\"2306\" class=\"elementor elementor-2306\" data-elementor-post-type=\"page\">\n\t\t\t\t<div class=\"elementor-element elementor-element-24d263b e-flex e-con-boxed e-con e-parent\" data-id=\"24d263b\" data-element_type=\"container\">\n\t\t\t\t\t<div class=\"e-con-inner\">\n\t\t\t\t<div class=\"elementor-element elementor-element-4b92e16 elementor-widget__width-inherit elementor-widget elementor-widget-video\" data-id=\"4b92e16\" data-element_type=\"widget\" data-settings=\"{&quot;video_type&quot;:&quot;hosted&quot;,&quot;autoplay&quot;:&quot;yes&quot;,&quot;play_on_mobile&quot;:&quot;yes&quot;,&quot;mute&quot;:&quot;yes&quot;,&quot;loop&quot;:&quot;yes&quot;}\" data-widget_type=\"video.default\">\n\t\t\t\t<div class=\"elementor-widget-container\">\n\t\t\t\t\t\t\t<div class=\"e-hosted-video elementor-wrapper elementor-open-inline\">\n\t\t\t\t\t<video class=\"elementor-video\" src=\"https:\/\/actisa.net\/web\/wp-content\/uploads\/2023\/11\/0001-0872.mp4\" autoplay=\"\" loop=\"\" muted=\"muted\" playsinline=\"\" controlsList=\"nodownload\"><\/video>\n\t\t\t\t<\/div>\n\t\t\t\t\t\t<\/div>\n\t\t\t\t<\/div>\n\t\t\t\t\t<\/div>\n\t\t\t\t<\/div>\n\t\t\t\t<section class=\"elementor-section elementor-top-section elementor-element elementor-element-76c4cc3f elementor-section-boxed elementor-section-height-default elementor-section-height-default\" data-id=\"76c4cc3f\" data-element_type=\"section\">\n\t\t\t\t\t\t<div class=\"elementor-container elementor-column-gap-default\">\n\t\t\t\t\t<div class=\"elementor-column elementor-col-100 elementor-top-column elementor-element elementor-element-33ed04fa\" data-id=\"33ed04fa\" data-element_type=\"column\">\n\t\t\t<div class=\"elementor-widget-wrap elementor-element-populated\">\n\t\t\t\t\t\t<div class=\"elementor-element elementor-element-485ecbfb elementor-widget elementor-widget-text-editor\" data-id=\"485ecbfb\" data-element_type=\"widget\" data-widget_type=\"text-editor.default\">\n\t\t\t\t<div class=\"elementor-widget-container\">\n\t\t\t\t\t\t\t\t\t<h1 style=\"text-align: center;\"><strong>PROYECTO 2.12: CYBERCOP. ROBOT AUT\u00d3NOMO DE VIGILANCIA<br \/><\/strong><\/h1><p style=\"text-align: justify;\">El objetivo del proyecto pasa por desarrollar una soluci\u00f3n comercial de <strong>robot aut\u00f3nomo dirigido a la vigilancia en los Puertos del Estado. <\/strong>Es tambi\u00e9n objetivo del proyecto la generaci\u00f3n de aquellas <strong>funciones <\/strong><strong>espec\u00edficas <\/strong>que se requieran para adaptar el comportamiento del robot a los procesos de vigilancia y control de los Puertos del Estado, as\u00ed como para <strong>facilitar la interacci\u00f3n por los <\/strong><strong>centros de control<\/strong>.<\/p><p>\u00a0<\/p><p><img fetchpriority=\"high\" decoding=\"async\" class=\"size-full wp-image-2407 aligncenter\" src=\"https:\/\/actisa.net\/web\/wp-content\/uploads\/2023\/11\/Banner-v2.jpg\" alt=\"\" width=\"1024\" height=\"291\" srcset=\"https:\/\/actisa.net\/web\/wp-content\/uploads\/2023\/11\/Banner-v2.jpg 1024w, https:\/\/actisa.net\/web\/wp-content\/uploads\/2023\/11\/Banner-v2-768x218.jpg 768w\" sizes=\"(max-width: 1024px) 100vw, 1024px\" \/><\/p><div style=\"text-align: center;\">\u00a0<\/div><div style=\"text-align: center;\">\u00a0<\/div>\t\t\t\t\t\t\t\t<\/div>\n\t\t\t\t<\/div>\n\t\t\t\t\t<\/div>\n\t\t<\/div>\n\t\t\t\t\t<\/div>\n\t\t<\/section>\n\t\t<div class=\"elementor-element elementor-element-ede1514 e-flex e-con-boxed e-con e-parent\" data-id=\"ede1514\" data-element_type=\"container\">\n\t\t\t\t\t<div class=\"e-con-inner\">\n\t\t\t\t<div class=\"elementor-element elementor-element-1795601 elementor-widget elementor-widget-heading\" data-id=\"1795601\" data-element_type=\"widget\" data-widget_type=\"heading.default\">\n\t\t\t\t<div class=\"elementor-widget-container\">\n\t\t\t\t\t<h2 class=\"elementor-heading-title elementor-size-default\">Planificaci\u00f3n de Rutas de Vigilancia y Teleoperaci\u00f3n en el Puerto de Alicante<br><br><\/h2>\t\t\t\t<\/div>\n\t\t\t\t<\/div>\n\t\t\t\t\t<\/div>\n\t\t\t\t<\/div>\n\t\t<div class=\"elementor-element elementor-element-00ffe00 e-flex e-con-boxed e-con e-parent\" data-id=\"00ffe00\" data-element_type=\"container\">\n\t\t\t\t\t<div class=\"e-con-inner\">\n\t\t\t\t<div class=\"elementor-element elementor-element-e69735f elementor-widget elementor-widget-video\" data-id=\"e69735f\" data-element_type=\"widget\" data-settings=\"{&quot;video_type&quot;:&quot;hosted&quot;,&quot;controls&quot;:&quot;yes&quot;}\" data-widget_type=\"video.default\">\n\t\t\t\t<div class=\"elementor-widget-container\">\n\t\t\t\t\t\t\t<div class=\"e-hosted-video elementor-wrapper elementor-open-inline\">\n\t\t\t\t\t<video class=\"elementor-video\" src=\"https:\/\/actisa.net\/web\/wp-content\/uploads\/2024\/05\/Robot-\u2010-Prueba-teleoperacion-SaaS-Cybercop.mp4\" controls=\"\" preload=\"metadata\" controlsList=\"nodownload\"><\/video>\n\t\t\t\t<\/div>\n\t\t\t\t\t\t<\/div>\n\t\t\t\t<\/div>\n\t\t\t\t\t<\/div>\n\t\t\t\t<\/div>\n\t\t<div class=\"elementor-element elementor-element-0d28a0c e-flex e-con-boxed e-con e-parent\" data-id=\"0d28a0c\" data-element_type=\"container\">\n\t\t\t\t\t<div class=\"e-con-inner\">\n\t\t\t\t<div class=\"elementor-element elementor-element-62cd8d1 elementor-widget elementor-widget-heading\" data-id=\"62cd8d1\" data-element_type=\"widget\" data-widget_type=\"heading.default\">\n\t\t\t\t<div class=\"elementor-widget-container\">\n\t\t\t\t\t<h2 class=\"elementor-heading-title elementor-size-default\"><br>II congreso IA Granada<br><br><\/h2>\t\t\t\t<\/div>\n\t\t\t\t<\/div>\n\t\t\t\t\t<\/div>\n\t\t\t\t<\/div>\n\t\t<div class=\"elementor-element elementor-element-f9e9d37 e-flex e-con-boxed e-con e-parent\" data-id=\"f9e9d37\" data-element_type=\"container\">\n\t\t\t\t\t<div class=\"e-con-inner\">\n\t\t\t\t<div class=\"elementor-element elementor-element-20910f5 elementor-widget elementor-widget-video\" data-id=\"20910f5\" data-element_type=\"widget\" data-settings=\"{&quot;youtube_url&quot;:&quot;https:\\\/\\\/youtu.be\\\/EhpeaZkdsZ0&quot;,&quot;video_type&quot;:&quot;youtube&quot;,&quot;controls&quot;:&quot;yes&quot;}\" data-widget_type=\"video.default\">\n\t\t\t\t<div class=\"elementor-widget-container\">\n\t\t\t\t\t\t\t<div class=\"elementor-wrapper elementor-open-inline\">\n\t\t\t<div class=\"elementor-video\"><\/div>\t\t<\/div>\n\t\t\t\t\t\t<\/div>\n\t\t\t\t<\/div>\n\t\t\t\t\t<\/div>\n\t\t\t\t<\/div>\n\t\t\t\t<\/div>\n\t\t","protected":false},"excerpt":{"rendered":"<p>https:\/\/actisa.net\/web\/wp-content\/uploads\/2023\/11\/0001-0872.mp4 PROYECTO 2.12: CYBERCOP. ROBOT AUT\u00d3NOMO DE VIGILANCIA El objetivo del proyecto pasa por desarrollar una soluci\u00f3n comercial de robot aut\u00f3nomo dirigido a la vigilancia en los Puertos del Estado. Es tambi\u00e9n objetivo del proyecto la generaci\u00f3n de aquellas funciones espec\u00edficas que se requieran para adaptar el comportamiento del robot a los procesos de vigilancia [&hellip;]<\/p>\n","protected":false},"author":3,"featured_media":0,"parent":0,"menu_order":0,"comment_status":"closed","ping_status":"closed","template":"","meta":{"footnotes":""},"class_list":["post-2306","page","type-page","status-publish","hentry"],"acf":[],"yoast_head":"<!-- This site is optimized with the Yoast SEO plugin v26.2 - https:\/\/yoast.com\/wordpress\/plugins\/seo\/ -->\n<title>Proyecto Cybercop - Actisa<\/title>\n<meta name=\"description\" content=\"El objetivo del proyecto pasa por desarrollar una soluci\u00f3n comercial de robot aut\u00f3nomo dirigido a la vigilancia en los Puertos del Estado. Es tambi\u00e9n objetivo del proyecto la generaci\u00f3n de aquellas funciones espec\u00edficas que se requieran para adaptar el comportamiento del robot a los procesos de vigilancia y control de los Puertos del Estado, as\u00ed como para facilitar la interacci\u00f3n por los centros de control.\" \/>\n<meta name=\"robots\" content=\"index, follow, max-snippet:-1, max-image-preview:large, max-video-preview:-1\" \/>\n<link rel=\"canonical\" href=\"https:\/\/actisa.net\/web\/proyectocybercop\/\" \/>\n<meta property=\"og:locale\" content=\"es_ES\" \/>\n<meta property=\"og:type\" content=\"article\" \/>\n<meta property=\"og:title\" content=\"Proyecto Cybercop - Actisa\" \/>\n<meta property=\"og:description\" content=\"El objetivo del proyecto pasa por desarrollar una soluci\u00f3n comercial de robot aut\u00f3nomo dirigido a la vigilancia en los Puertos del Estado. Es tambi\u00e9n objetivo del proyecto la generaci\u00f3n de aquellas funciones espec\u00edficas que se requieran para adaptar el comportamiento del robot a los procesos de vigilancia y control de los Puertos del Estado, as\u00ed como para facilitar la interacci\u00f3n por los centros de control.\" \/>\n<meta property=\"og:url\" content=\"https:\/\/actisa.net\/web\/proyectocybercop\/\" \/>\n<meta property=\"og:site_name\" content=\"Actisa\" \/>\n<meta property=\"article:modified_time\" content=\"2024-12-02T09:07:59+00:00\" \/>\n<meta property=\"og:image\" content=\"https:\/\/actisa.net\/web\/wp-content\/uploads\/2023\/11\/Banner-v2.jpg\" \/>\n<meta name=\"twitter:card\" content=\"summary_large_image\" \/>\n<meta name=\"twitter:label1\" content=\"Tiempo de lectura\" \/>\n\t<meta name=\"twitter:data1\" content=\"1 minuto\" \/>\n<script type=\"application\/ld+json\" class=\"yoast-schema-graph\">{\"@context\":\"https:\/\/schema.org\",\"@graph\":[{\"@type\":\"WebPage\",\"@id\":\"https:\/\/actisa.net\/web\/proyectocybercop\/\",\"url\":\"https:\/\/actisa.net\/web\/proyectocybercop\/\",\"name\":\"Proyecto Cybercop - Actisa\",\"isPartOf\":{\"@id\":\"https:\/\/actisa.net\/web\/#website\"},\"primaryImageOfPage\":{\"@id\":\"https:\/\/actisa.net\/web\/proyectocybercop\/#primaryimage\"},\"image\":{\"@id\":\"https:\/\/actisa.net\/web\/proyectocybercop\/#primaryimage\"},\"thumbnailUrl\":\"https:\/\/actisa.net\/web\/wp-content\/uploads\/2023\/11\/Banner-v2.jpg\",\"datePublished\":\"2023-11-17T11:36:50+00:00\",\"dateModified\":\"2024-12-02T09:07:59+00:00\",\"description\":\"El objetivo del proyecto pasa por desarrollar una soluci\u00f3n comercial de robot aut\u00f3nomo dirigido a la vigilancia en los Puertos del Estado. Es tambi\u00e9n objetivo del proyecto la generaci\u00f3n de aquellas funciones espec\u00edficas que se requieran para adaptar el comportamiento del robot a los procesos de vigilancia y control de los Puertos del Estado, as\u00ed como para facilitar la interacci\u00f3n por los centros de control.\",\"breadcrumb\":{\"@id\":\"https:\/\/actisa.net\/web\/proyectocybercop\/#breadcrumb\"},\"inLanguage\":\"es\",\"potentialAction\":[{\"@type\":\"ReadAction\",\"target\":[\"https:\/\/actisa.net\/web\/proyectocybercop\/\"]}]},{\"@type\":\"ImageObject\",\"inLanguage\":\"es\",\"@id\":\"https:\/\/actisa.net\/web\/proyectocybercop\/#primaryimage\",\"url\":\"https:\/\/actisa.net\/web\/wp-content\/uploads\/2023\/11\/Banner-v2.jpg\",\"contentUrl\":\"https:\/\/actisa.net\/web\/wp-content\/uploads\/2023\/11\/Banner-v2.jpg\",\"width\":1024,\"height\":291},{\"@type\":\"BreadcrumbList\",\"@id\":\"https:\/\/actisa.net\/web\/proyectocybercop\/#breadcrumb\",\"itemListElement\":[{\"@type\":\"ListItem\",\"position\":1,\"name\":\"Portada\",\"item\":\"https:\/\/actisa.net\/web\/\"},{\"@type\":\"ListItem\",\"position\":2,\"name\":\"Proyecto Cybercop\"}]},{\"@type\":\"WebSite\",\"@id\":\"https:\/\/actisa.net\/web\/#website\",\"url\":\"https:\/\/actisa.net\/web\/\",\"name\":\"Actisa\",\"description\":\"Actividades de consultor\u00eda t\u00e9cnica, investigaci\u00f3n y servicios avanzados\",\"publisher\":{\"@id\":\"https:\/\/actisa.net\/web\/#organization\"},\"potentialAction\":[{\"@type\":\"SearchAction\",\"target\":{\"@type\":\"EntryPoint\",\"urlTemplate\":\"https:\/\/actisa.net\/web\/?s={search_term_string}\"},\"query-input\":{\"@type\":\"PropertyValueSpecification\",\"valueRequired\":true,\"valueName\":\"search_term_string\"}}],\"inLanguage\":\"es\"},{\"@type\":\"Organization\",\"@id\":\"https:\/\/actisa.net\/web\/#organization\",\"name\":\"Actisa\",\"url\":\"https:\/\/actisa.net\/web\/\",\"logo\":{\"@type\":\"ImageObject\",\"inLanguage\":\"es\",\"@id\":\"https:\/\/actisa.net\/web\/#\/schema\/logo\/image\/\",\"url\":\"https:\/\/actisa.net\/web\/wp-content\/uploads\/2023\/06\/actisaLogoFooter.png\",\"contentUrl\":\"https:\/\/actisa.net\/web\/wp-content\/uploads\/2023\/06\/actisaLogoFooter.png\",\"width\":254,\"height\":75,\"caption\":\"Actisa\"},\"image\":{\"@id\":\"https:\/\/actisa.net\/web\/#\/schema\/logo\/image\/\"}}]}<\/script>\n<!-- \/ Yoast SEO plugin. -->","yoast_head_json":{"title":"Proyecto Cybercop - Actisa","description":"El objetivo del proyecto pasa por desarrollar una soluci\u00f3n comercial de robot aut\u00f3nomo dirigido a la vigilancia en los Puertos del Estado. Es tambi\u00e9n objetivo del proyecto la generaci\u00f3n de aquellas funciones espec\u00edficas que se requieran para adaptar el comportamiento del robot a los procesos de vigilancia y control de los Puertos del Estado, as\u00ed como para facilitar la interacci\u00f3n por los centros de control.","robots":{"index":"index","follow":"follow","max-snippet":"max-snippet:-1","max-image-preview":"max-image-preview:large","max-video-preview":"max-video-preview:-1"},"canonical":"https:\/\/actisa.net\/web\/proyectocybercop\/","og_locale":"es_ES","og_type":"article","og_title":"Proyecto Cybercop - Actisa","og_description":"El objetivo del proyecto pasa por desarrollar una soluci\u00f3n comercial de robot aut\u00f3nomo dirigido a la vigilancia en los Puertos del Estado. Es tambi\u00e9n objetivo del proyecto la generaci\u00f3n de aquellas funciones espec\u00edficas que se requieran para adaptar el comportamiento del robot a los procesos de vigilancia y control de los Puertos del Estado, as\u00ed como para facilitar la interacci\u00f3n por los centros de control.","og_url":"https:\/\/actisa.net\/web\/proyectocybercop\/","og_site_name":"Actisa","article_modified_time":"2024-12-02T09:07:59+00:00","og_image":[{"url":"https:\/\/actisa.net\/web\/wp-content\/uploads\/2023\/11\/Banner-v2.jpg","type":"","width":"","height":""}],"twitter_card":"summary_large_image","twitter_misc":{"Tiempo de lectura":"1 minuto"},"schema":{"@context":"https:\/\/schema.org","@graph":[{"@type":"WebPage","@id":"https:\/\/actisa.net\/web\/proyectocybercop\/","url":"https:\/\/actisa.net\/web\/proyectocybercop\/","name":"Proyecto Cybercop - Actisa","isPartOf":{"@id":"https:\/\/actisa.net\/web\/#website"},"primaryImageOfPage":{"@id":"https:\/\/actisa.net\/web\/proyectocybercop\/#primaryimage"},"image":{"@id":"https:\/\/actisa.net\/web\/proyectocybercop\/#primaryimage"},"thumbnailUrl":"https:\/\/actisa.net\/web\/wp-content\/uploads\/2023\/11\/Banner-v2.jpg","datePublished":"2023-11-17T11:36:50+00:00","dateModified":"2024-12-02T09:07:59+00:00","description":"El objetivo del proyecto pasa por desarrollar una soluci\u00f3n comercial de robot aut\u00f3nomo dirigido a la vigilancia en los Puertos del Estado. Es tambi\u00e9n objetivo del proyecto la generaci\u00f3n de aquellas funciones espec\u00edficas que se requieran para adaptar el comportamiento del robot a los procesos de vigilancia y control de los Puertos del Estado, as\u00ed como para facilitar la interacci\u00f3n por los centros de control.","breadcrumb":{"@id":"https:\/\/actisa.net\/web\/proyectocybercop\/#breadcrumb"},"inLanguage":"es","potentialAction":[{"@type":"ReadAction","target":["https:\/\/actisa.net\/web\/proyectocybercop\/"]}]},{"@type":"ImageObject","inLanguage":"es","@id":"https:\/\/actisa.net\/web\/proyectocybercop\/#primaryimage","url":"https:\/\/actisa.net\/web\/wp-content\/uploads\/2023\/11\/Banner-v2.jpg","contentUrl":"https:\/\/actisa.net\/web\/wp-content\/uploads\/2023\/11\/Banner-v2.jpg","width":1024,"height":291},{"@type":"BreadcrumbList","@id":"https:\/\/actisa.net\/web\/proyectocybercop\/#breadcrumb","itemListElement":[{"@type":"ListItem","position":1,"name":"Portada","item":"https:\/\/actisa.net\/web\/"},{"@type":"ListItem","position":2,"name":"Proyecto Cybercop"}]},{"@type":"WebSite","@id":"https:\/\/actisa.net\/web\/#website","url":"https:\/\/actisa.net\/web\/","name":"Actisa","description":"Actividades de consultor\u00eda t\u00e9cnica, investigaci\u00f3n y servicios avanzados","publisher":{"@id":"https:\/\/actisa.net\/web\/#organization"},"potentialAction":[{"@type":"SearchAction","target":{"@type":"EntryPoint","urlTemplate":"https:\/\/actisa.net\/web\/?s={search_term_string}"},"query-input":{"@type":"PropertyValueSpecification","valueRequired":true,"valueName":"search_term_string"}}],"inLanguage":"es"},{"@type":"Organization","@id":"https:\/\/actisa.net\/web\/#organization","name":"Actisa","url":"https:\/\/actisa.net\/web\/","logo":{"@type":"ImageObject","inLanguage":"es","@id":"https:\/\/actisa.net\/web\/#\/schema\/logo\/image\/","url":"https:\/\/actisa.net\/web\/wp-content\/uploads\/2023\/06\/actisaLogoFooter.png","contentUrl":"https:\/\/actisa.net\/web\/wp-content\/uploads\/2023\/06\/actisaLogoFooter.png","width":254,"height":75,"caption":"Actisa"},"image":{"@id":"https:\/\/actisa.net\/web\/#\/schema\/logo\/image\/"}}]}},"lang":"es","translations":{"es":2306,"en":2430},"pll_sync_post":[],"_links":{"self":[{"href":"https:\/\/actisa.net\/web\/wp-json\/wp\/v2\/pages\/2306","targetHints":{"allow":["GET"]}}],"collection":[{"href":"https:\/\/actisa.net\/web\/wp-json\/wp\/v2\/pages"}],"about":[{"href":"https:\/\/actisa.net\/web\/wp-json\/wp\/v2\/types\/page"}],"author":[{"embeddable":true,"href":"https:\/\/actisa.net\/web\/wp-json\/wp\/v2\/users\/3"}],"replies":[{"embeddable":true,"href":"https:\/\/actisa.net\/web\/wp-json\/wp\/v2\/comments?post=2306"}],"version-history":[{"count":76,"href":"https:\/\/actisa.net\/web\/wp-json\/wp\/v2\/pages\/2306\/revisions"}],"predecessor-version":[{"id":2473,"href":"https:\/\/actisa.net\/web\/wp-json\/wp\/v2\/pages\/2306\/revisions\/2473"}],"wp:attachment":[{"href":"https:\/\/actisa.net\/web\/wp-json\/wp\/v2\/media?parent=2306"}],"curies":[{"name":"wp","href":"https:\/\/api.w.org\/{rel}","templated":true}]}}