{"id":356,"date":"2023-07-03T13:58:49","date_gmt":"2023-07-03T11:58:49","guid":{"rendered":"https:\/\/actisa.net\/web\/?page_id=356"},"modified":"2023-10-31T12:41:19","modified_gmt":"2023-10-31T11:41:19","slug":"comunicacion","status":"publish","type":"page","link":"https:\/\/actisa.net\/web\/comunicacion\/","title":{"rendered":"Comunicaci\u00f3n"},"content":{"rendered":"\t\t<div data-elementor-type=\"wp-page\" data-elementor-id=\"356\" class=\"elementor elementor-356\" data-elementor-post-type=\"page\">\n\t\t\t\t<div class=\"elementor-element elementor-element-ea915c0 e-con-full e-flex e-con e-parent\" data-id=\"ea915c0\" data-element_type=\"container\" data-settings=\"{&quot;background_background&quot;:&quot;classic&quot;}\">\n\t\t<div class=\"elementor-element elementor-element-f12f3cb e-con-full e-flex e-con e-parent\" data-id=\"f12f3cb\" data-element_type=\"container\" data-settings=\"{&quot;background_background&quot;:&quot;classic&quot;}\">\n\t\t\t\t<div class=\"elementor-element elementor-element-e06829f elementor-widget__width-initial elementor-widget elementor-widget-heading\" data-id=\"e06829f\" data-element_type=\"widget\" data-widget_type=\"heading.default\">\n\t\t\t\t<div class=\"elementor-widget-container\">\n\t\t\t\t\t<h1 class=\"elementor-heading-title elementor-size-default\">COMUNICACI\u00d3N<\/h1>\t\t\t\t<\/div>\n\t\t\t\t<\/div>\n\t\t\t\t<\/div>\n\t\t\t\t<\/div>\n\t\t<div class=\"elementor-element elementor-element-ba78d97 e-flex e-con-boxed e-con e-parent\" data-id=\"ba78d97\" data-element_type=\"container\">\n\t\t\t\t\t<div class=\"e-con-inner\">\n\t\t\t\t<div class=\"elementor-element elementor-element-cb786aa elementor-position-left elementor-mobile-position-left elementor-view-default elementor-widget elementor-widget-icon-box\" data-id=\"cb786aa\" data-element_type=\"widget\" data-widget_type=\"icon-box.default\">\n\t\t\t\t<div class=\"elementor-widget-container\">\n\t\t\t\t\t\t\t<div class=\"elementor-icon-box-wrapper\">\n\n\t\t\t\t\t\t<div class=\"elementor-icon-box-icon\">\n\t\t\t\t<span  class=\"elementor-icon\">\n\t\t\t\t<svg xmlns=\"http:\/\/www.w3.org\/2000\/svg\" width=\"14.349\" height=\"29.44\" viewBox=\"0 0 14.349 29.44\"><path id=\"Trazado_8\" data-name=\"Trazado 8\" d=\"M1754.88,640.144c.062-.875.114-1.689.178-2.5.072-.924.151-1.847.229-2.77.1-1.177.211-2.351.3-3.529.1-1.251.164-2.5.264-3.753.115-1.431.259-2.859.383-4.29.062-.724.1-1.451.156-2.176q.218-2.827.44-5.654.167-2.147.336-4.294a4.3,4.3,0,0,1,.086-.447h9.583q.607,7.347,1.21,14.665c.4,4.888.791,9.776,1.182,14.633a.512.512,0,0,1-.043.08c-.012.013-.03.029-.045.029q-6.913.018-13.824.033C1755.192,640.168,1755.068,640.155,1754.88,640.144Z\" transform=\"translate(-1754.88 -610.73)\" fill=\"#e52321\"><\/path><\/svg>\t\t\t\t<\/span>\n\t\t\t<\/div>\n\t\t\t\n\t\t\t\t\t\t<div class=\"elementor-icon-box-content\">\n\n\t\t\t\t\t\t\t\t\t<h2 class=\"elementor-icon-box-title\">\n\t\t\t\t\t\t<span  >\n\t\t\t\t\t\t\tPOL\u00cdTICA DE CALIDAD Y MEDIOAMBIENTE\t\t\t\t\t\t<\/span>\n\t\t\t\t\t<\/h2>\n\t\t\t\t\n\t\t\t\t\n\t\t\t<\/div>\n\t\t\t\n\t\t<\/div>\n\t\t\t\t\t\t<\/div>\n\t\t\t\t<\/div>\n\t\t\t\t\t<\/div>\n\t\t\t\t<\/div>\n\t\t<div class=\"elementor-element elementor-element-60e8a72 e-flex e-con-boxed e-con e-parent\" data-id=\"60e8a72\" data-element_type=\"container\">\n\t\t\t\t\t<div class=\"e-con-inner\">\n\t\t<div class=\"elementor-element elementor-element-d60712b e-flex e-con-boxed e-con e-parent\" data-id=\"d60712b\" data-element_type=\"container\">\n\t\t\t\t\t<div class=\"e-con-inner\">\n\t\t\t\t<div class=\"elementor-element elementor-element-4f1c3ff elementor-widget__width-inherit elementor-widget elementor-widget-text-editor\" data-id=\"4f1c3ff\" data-element_type=\"widget\" data-widget_type=\"text-editor.default\">\n\t\t\t\t<div class=\"elementor-widget-container\">\n\t\t\t\t\t\t\t\t\t<p>La filosof\u00eda de ACTIVIDADES DE CONSULTOR\u00cdA T\u00c9CNICA, INVESTIGACI\u00d3N Y SERVICIOS AVANZADOS S.L.\u00a0 (ACTISA) como empresa dedicada al Dise\u00f1o de proyectos de obra civil, direcciones de obras y asistencias t\u00e9cnicas y Desarrollo de proyectos tecnol\u00f3gicos en los campos de la ingenier\u00eda civil, arquitectura y transporte, en el \u00e1mbito de nacional principalmente.<\/p><p>Con este fin, y para dar el mejor servicio a sus clientes, ACTISA decide implantar un Sistema de Gesti\u00f3n ambiental y de la calidad en base a la norma ISO 9001 e ISO 14001, cumpliendo los requerimientos tanto de dichas normas como de la normativa y legislaci\u00f3n vigente.<\/p><p>La Direcci\u00f3n se compromete a establecer y mantener un Sistema de Gesti\u00f3n Integrado efectivo y eficaz, facilitar los recursos necesarios para su funcionamiento y la plena satisfacci\u00f3n del cliente mediante el estricto cumplimiento de sus requisitos y expectativas, al igual que establecer un marco de referencia para el establecimiento de sus objetivos.<\/p><p>La protecci\u00f3n del Medio Ambiente ocupa un lugar destacado dentro de los objetivos de la empresa. Se constituye, m\u00e1s all\u00e1 del propio campo de actividad, en un nuevo objetivo. De este modo, La protecci\u00f3n del medio ambiente exige de todo el personal de ACTISA un comportamiento responsable y un compromiso fiel a la prevenci\u00f3n de la contaminaci\u00f3n.<\/p><p>Nuestros esfuerzos est\u00e1n dirigidos mayormente a la b\u00fasqueda de una mayor compatibilidad ambiental de nuestras pr\u00e1cticas; con lo cual hacemos uso con la mayor moderaci\u00f3n posible de recursos como energ\u00eda, agua o combustible, todo ello desde una nueva perspectiva de ciclo de vida para los aspectos ambientales que nos incumben.\u00a0 Entendemos que la reducci\u00f3n de los impactos ambientales generados por el alto consumo de los recursos y la gesti\u00f3n inadecuada de los residuos es tarea central de nuestra pol\u00edtica.<\/p><p>ACTISA entiende que la protecci\u00f3n del medio ambiente es una importante responsabilidad de la direcci\u00f3n y velamos para que \u00e9sta se lleve a cabo a trav\u00e9s de metas y directrices concretas de comportamiento en todas nuestras funciones y \u00e1reas de actividad. Los aspectos ambientales significativos ser\u00e1n tratados, y comunicados a toda parte interesada que nos lo solicite.<\/p><p>Asumimos la mejora continua en nuestro trabajo diario, tanto en las actividades ligadas directamente a la prestaci\u00f3n de servicios, como en las actividades de gesti\u00f3n interna, por lo tanto, es importante implicar, formar, entrenar y sensibilizar al personal para crear una atm\u00f3sfera favorable al progreso del Sistema.<\/p><p>ACTISA tendr\u00e1 en cuenta tanto su prop\u00f3sito como el contexto que le rodea, as\u00ed como la naturaleza, magnitud de sus actividades y los servicios prestados.<\/p><p>En Granada, a 12\/09\/2023<\/p>\t\t\t\t\t\t\t\t<\/div>\n\t\t\t\t<\/div>\n\t\t\t\t\t<\/div>\n\t\t\t\t<\/div>\n\t\t\t\t\t<\/div>\n\t\t\t\t<\/div>\n\t\t<div class=\"elementor-element elementor-element-c97c992 e-flex e-con-boxed e-con e-parent\" data-id=\"c97c992\" data-element_type=\"container\">\n\t\t\t\t\t<div class=\"e-con-inner\">\n\t\t\t\t<div class=\"elementor-element elementor-element-d4404f6 elementor-position-left elementor-mobile-position-left elementor-view-default elementor-widget elementor-widget-icon-box\" data-id=\"d4404f6\" data-element_type=\"widget\" data-widget_type=\"icon-box.default\">\n\t\t\t\t<div class=\"elementor-widget-container\">\n\t\t\t\t\t\t\t<div class=\"elementor-icon-box-wrapper\">\n\n\t\t\t\t\t\t<div class=\"elementor-icon-box-icon\">\n\t\t\t\t<span  class=\"elementor-icon\">\n\t\t\t\t<svg xmlns=\"http:\/\/www.w3.org\/2000\/svg\" width=\"14.349\" height=\"29.44\" viewBox=\"0 0 14.349 29.44\"><path id=\"Trazado_8\" data-name=\"Trazado 8\" d=\"M1754.88,640.144c.062-.875.114-1.689.178-2.5.072-.924.151-1.847.229-2.77.1-1.177.211-2.351.3-3.529.1-1.251.164-2.5.264-3.753.115-1.431.259-2.859.383-4.29.062-.724.1-1.451.156-2.176q.218-2.827.44-5.654.167-2.147.336-4.294a4.3,4.3,0,0,1,.086-.447h9.583q.607,7.347,1.21,14.665c.4,4.888.791,9.776,1.182,14.633a.512.512,0,0,1-.043.08c-.012.013-.03.029-.045.029q-6.913.018-13.824.033C1755.192,640.168,1755.068,640.155,1754.88,640.144Z\" transform=\"translate(-1754.88 -610.73)\" fill=\"#e52321\"><\/path><\/svg>\t\t\t\t<\/span>\n\t\t\t<\/div>\n\t\t\t\n\t\t\t\t\t\t<div class=\"elementor-icon-box-content\">\n\n\t\t\t\t\t\t\t\t\t<h2 class=\"elementor-icon-box-title\">\n\t\t\t\t\t\t<span  >\n\t\t\t\t\t\t\tNOS DIRIGIMOS A NUESTROS PROVEEDORES\t\t\t\t\t\t<\/span>\n\t\t\t\t\t<\/h2>\n\t\t\t\t\n\t\t\t\t\n\t\t\t<\/div>\n\t\t\t\n\t\t<\/div>\n\t\t\t\t\t\t<\/div>\n\t\t\t\t<\/div>\n\t\t\t\t<div class=\"elementor-element elementor-element-8ebe59d elementor-widget__width-inherit elementor-widget elementor-widget-text-editor\" data-id=\"8ebe59d\" data-element_type=\"widget\" data-widget_type=\"text-editor.default\">\n\t\t\t\t<div class=\"elementor-widget-container\">\n\t\t\t\t\t\t\t\t\t<p>Uno de los objetivos que Actisa S.L. se plantea como reto diario es la mejora continua de su capacidad para proporcionar a sus clientes un mejor servicio y atenci\u00f3n, con un compromiso fiel a la prevenci\u00f3n de la contaminaci\u00f3n y la mejora en la gesti\u00f3n ambiental; esto se establece como un requisito fundamental de nuestro sistema de gesti\u00f3n. La capacidad de los proveedores es vital para cumplir con este requisito; por ello informamos de la necesidad de evaluar y seleccionar a los mismos en funci\u00f3n de su capacidad para cumplir con nuestras necesidades y expectativas.<\/p><p>Para poder seguir incluy\u00e9ndose como proveedor aceptado de Actisa S.L. se le evaluar\u00e1 peri\u00f3dicamente en base a criterios tanto ambientales como de seguridad y salud en el trabajo.<\/p><p>\u25cf Calidad: Incidencias ocurridas<br \/>\u25cf Medio Ambiente: informaci\u00f3n sobre la gesti\u00f3n ambiental que desempe\u00f1a (pol\u00edtica ambiental, tratamiento de aspectos ambientales, buenas pr\u00e1cticas implantadas, certificaciones).<\/p><p>Las relaciones comerciales que se establezcan en un futuro implicar\u00e1n por su parte que asume los requisitos especificados en nuestros pedidos, o en las condiciones particulares que se pudieran establecer.<\/p><p>\u00a0<\/p><p><em>Sin m\u00e1s, reciban un Cordial Saludo.<\/em><\/p><p><em>Fdo. Direcci\u00f3n de Actisa S.L.<\/em><\/p><p><em>25 de octubre de 2021<\/em><\/p><p style=\"text-align: justify; margin: 0cm 0cm 18.0pt 0cm;\">\u00a0<\/p>\t\t\t\t\t\t\t\t<\/div>\n\t\t\t\t<\/div>\n\t\t\t\t\t<\/div>\n\t\t\t\t<\/div>\n\t\t<div class=\"elementor-element elementor-element-38f8d7f e-flex e-con-boxed e-con e-parent\" data-id=\"38f8d7f\" data-element_type=\"container\">\n\t\t\t\t\t<div class=\"e-con-inner\">\n\t\t\t\t<div class=\"elementor-element elementor-element-52988e8 elementor-position-left elementor-mobile-position-left elementor-view-default elementor-widget elementor-widget-icon-box\" data-id=\"52988e8\" data-element_type=\"widget\" data-widget_type=\"icon-box.default\">\n\t\t\t\t<div class=\"elementor-widget-container\">\n\t\t\t\t\t\t\t<div class=\"elementor-icon-box-wrapper\">\n\n\t\t\t\t\t\t<div class=\"elementor-icon-box-icon\">\n\t\t\t\t<span  class=\"elementor-icon\">\n\t\t\t\t<svg xmlns=\"http:\/\/www.w3.org\/2000\/svg\" width=\"14.349\" height=\"29.44\" viewBox=\"0 0 14.349 29.44\"><path id=\"Trazado_8\" data-name=\"Trazado 8\" d=\"M1754.88,640.144c.062-.875.114-1.689.178-2.5.072-.924.151-1.847.229-2.77.1-1.177.211-2.351.3-3.529.1-1.251.164-2.5.264-3.753.115-1.431.259-2.859.383-4.29.062-.724.1-1.451.156-2.176q.218-2.827.44-5.654.167-2.147.336-4.294a4.3,4.3,0,0,1,.086-.447h9.583q.607,7.347,1.21,14.665c.4,4.888.791,9.776,1.182,14.633a.512.512,0,0,1-.043.08c-.012.013-.03.029-.045.029q-6.913.018-13.824.033C1755.192,640.168,1755.068,640.155,1754.88,640.144Z\" transform=\"translate(-1754.88 -610.73)\" fill=\"#e52321\"><\/path><\/svg>\t\t\t\t<\/span>\n\t\t\t<\/div>\n\t\t\t\n\t\t\t\t\t\t<div class=\"elementor-icon-box-content\">\n\n\t\t\t\t\t\t\t\t\t<h2 class=\"elementor-icon-box-title\">\n\t\t\t\t\t\t<span  >\n\t\t\t\t\t\t\tPREMIOS\t\t\t\t\t\t<\/span>\n\t\t\t\t\t<\/h2>\n\t\t\t\t\n\t\t\t\t\n\t\t\t<\/div>\n\t\t\t\n\t\t<\/div>\n\t\t\t\t\t\t<\/div>\n\t\t\t\t<\/div>\n\t\t\t\t<div class=\"elementor-element elementor-element-625213c elementor-widget elementor-widget-ucaddon_uc_tiles_columns_image\" data-id=\"625213c\" data-element_type=\"widget\" data-widget_type=\"ucaddon_uc_tiles_columns_image.default\">\n\t\t\t\t<div class=\"elementor-widget-container\">\n\t\t\t\t\t\n<!-- start Masonry Gallery -->\n\t\t<link id='unitegallery-css' href='https:\/\/actisa.net\/web\/wp-content\/plugins\/unlimited-elements-for-elementor-premium\/assets_libraries\/unitegallery\/css\/unite-gallery.css' type='text\/css' rel='stylesheet' >\n\t\t<link id='uc_ac_assets_file_uc_columns_unite_gallery_css_37416-css' href='https:\/\/actisa.net\/web\/wp-content\/uploads\/ac_assets\/uc_tiles_columns_image\/uc-columns-unite-gallery.css' type='text\/css' rel='stylesheet' >\n\n\n<div id=\"uc_uc_tiles_columns_image_elementor_625213c\" style=\"display:none;\" class=\"uc-items-wrapper\" data-custom-sethtml=\"true\" >\n\n\n<img fetchpriority=\"high\" decoding=\"async\" src=\"https:\/\/actisa.net\/web\/wp-content\/uploads\/2023\/07\/Seal-of-Excellence.webp\" alt=\"Seal of Excellence\" title=\"Seal of Excellence\" width=\"1241\" height=\"1754\" \/>\n\n<img decoding=\"async\" src=\"https:\/\/actisa.net\/web\/wp-content\/uploads\/2023\/07\/premio-SACYR-2016.webp\" alt=\"Premio SACYR 2016\" title=\"Premio SACYR 2016\" width=\"320\" height=\"377\" \/>\n\n<img decoding=\"async\" src=\"https:\/\/actisa.net\/web\/wp-content\/uploads\/2023\/07\/premio-progreso-2014.webp\" alt=\"Premio progreso 2014\" title=\"Premio progreso 2014\" width=\"295\" height=\"222\" \/>\n\n<img loading=\"lazy\" decoding=\"async\" src=\"https:\/\/actisa.net\/web\/wp-content\/uploads\/2023\/07\/PREMIO-EUROPEO-A-LA-GESTION-E-INNOVACION-EMPRESARIAL.webp\" alt=\"PREMIO EUROPEO A LA GESTI\u00d3N E INNOVACI\u00d3N EMPRESARIAL\" title=\"PREMIO EUROPEO A LA GESTI\u00d3N E INNOVACI\u00d3N EMPRESARIAL\" width=\"511\" height=\"367\" \/>\n\n<img loading=\"lazy\" decoding=\"async\" src=\"https:\/\/actisa.net\/web\/wp-content\/uploads\/2023\/07\/Premio-Andalucia-Emprende-scaled.webp\" alt=\"I Edici\u00f3n Premios Andalucia Emprende\" title=\"I Edici\u00f3n Premios Andalucia Emprende\" width=\"2560\" height=\"1437\" \/>\n\n  \n<\/div>\n<!-- end Masonry Gallery -->\t\t\t\t<\/div>\n\t\t\t\t<\/div>\n\t\t\t\t\t<\/div>\n\t\t\t\t<\/div>\n\t\t\t\t<\/div>\n\t\t","protected":false},"excerpt":{"rendered":"<p>COMUNICACI\u00d3N POL\u00cdTICA DE CALIDAD Y MEDIOAMBIENTE La filosof\u00eda de ACTIVIDADES DE CONSULTOR\u00cdA T\u00c9CNICA, INVESTIGACI\u00d3N Y SERVICIOS AVANZADOS S.L.\u00a0 (ACTISA) como empresa dedicada al Dise\u00f1o de proyectos de obra civil, direcciones de obras y asistencias t\u00e9cnicas y Desarrollo de proyectos tecnol\u00f3gicos en los campos de la ingenier\u00eda civil, arquitectura y transporte, en el \u00e1mbito de nacional [&hellip;]<\/p>\n","protected":false},"author":1,"featured_media":0,"parent":0,"menu_order":0,"comment_status":"closed","ping_status":"closed","template":"elementor_header_footer","meta":{"footnotes":""},"class_list":["post-356","page","type-page","status-publish","hentry"],"acf":[],"yoast_head":"<!-- This site is optimized with the Yoast SEO plugin v26.2 - https:\/\/yoast.com\/wordpress\/plugins\/seo\/ -->\n<title>Comunicaci\u00f3n - Actisa<\/title>\n<meta name=\"robots\" content=\"index, follow, max-snippet:-1, max-image-preview:large, max-video-preview:-1\" \/>\n<link rel=\"canonical\" href=\"https:\/\/actisa.net\/web\/comunicacion\/\" \/>\n<meta property=\"og:locale\" content=\"es_ES\" \/>\n<meta property=\"og:type\" content=\"article\" \/>\n<meta property=\"og:title\" content=\"Comunicaci\u00f3n - Actisa\" \/>\n<meta property=\"og:description\" content=\"COMUNICACI\u00d3N POL\u00cdTICA DE CALIDAD Y MEDIOAMBIENTE La filosof\u00eda de ACTIVIDADES DE CONSULTOR\u00cdA T\u00c9CNICA, INVESTIGACI\u00d3N Y SERVICIOS AVANZADOS S.L.\u00a0 (ACTISA) como empresa dedicada al Dise\u00f1o de proyectos de obra civil, direcciones de obras y asistencias t\u00e9cnicas y Desarrollo de proyectos tecnol\u00f3gicos en los campos de la ingenier\u00eda civil, arquitectura y transporte, en el \u00e1mbito de nacional [&hellip;]\" \/>\n<meta property=\"og:url\" content=\"https:\/\/actisa.net\/web\/comunicacion\/\" \/>\n<meta property=\"og:site_name\" content=\"Actisa\" \/>\n<meta property=\"article:modified_time\" content=\"2023-10-31T11:41:19+00:00\" \/>\n<meta property=\"og:image\" content=\"https:\/\/actisa.net\/web\/wp-content\/uploads\/2023\/07\/Seal-of-Excellence.webp\" \/>\n<meta name=\"twitter:card\" content=\"summary_large_image\" \/>\n<meta name=\"twitter:label1\" content=\"Tiempo de lectura\" \/>\n\t<meta name=\"twitter:data1\" content=\"5 minutos\" \/>\n<script type=\"application\/ld+json\" class=\"yoast-schema-graph\">{\"@context\":\"https:\/\/schema.org\",\"@graph\":[{\"@type\":\"WebPage\",\"@id\":\"https:\/\/actisa.net\/web\/comunicacion\/\",\"url\":\"https:\/\/actisa.net\/web\/comunicacion\/\",\"name\":\"Comunicaci\u00f3n - Actisa\",\"isPartOf\":{\"@id\":\"https:\/\/actisa.net\/web\/#website\"},\"primaryImageOfPage\":{\"@id\":\"https:\/\/actisa.net\/web\/comunicacion\/#primaryimage\"},\"image\":{\"@id\":\"https:\/\/actisa.net\/web\/comunicacion\/#primaryimage\"},\"thumbnailUrl\":\"https:\/\/actisa.net\/web\/wp-content\/uploads\/2023\/07\/Seal-of-Excellence.webp\",\"datePublished\":\"2023-07-03T11:58:49+00:00\",\"dateModified\":\"2023-10-31T11:41:19+00:00\",\"breadcrumb\":{\"@id\":\"https:\/\/actisa.net\/web\/comunicacion\/#breadcrumb\"},\"inLanguage\":\"es\",\"potentialAction\":[{\"@type\":\"ReadAction\",\"target\":[\"https:\/\/actisa.net\/web\/comunicacion\/\"]}]},{\"@type\":\"ImageObject\",\"inLanguage\":\"es\",\"@id\":\"https:\/\/actisa.net\/web\/comunicacion\/#primaryimage\",\"url\":\"https:\/\/actisa.net\/web\/wp-content\/uploads\/2023\/07\/Seal-of-Excellence.webp\",\"contentUrl\":\"https:\/\/actisa.net\/web\/wp-content\/uploads\/2023\/07\/Seal-of-Excellence.webp\",\"width\":1241,\"height\":1754,\"caption\":\"Seal of Excellence\"},{\"@type\":\"BreadcrumbList\",\"@id\":\"https:\/\/actisa.net\/web\/comunicacion\/#breadcrumb\",\"itemListElement\":[{\"@type\":\"ListItem\",\"position\":1,\"name\":\"Portada\",\"item\":\"https:\/\/actisa.net\/web\/\"},{\"@type\":\"ListItem\",\"position\":2,\"name\":\"Comunicaci\u00f3n\"}]},{\"@type\":\"WebSite\",\"@id\":\"https:\/\/actisa.net\/web\/#website\",\"url\":\"https:\/\/actisa.net\/web\/\",\"name\":\"Actisa\",\"description\":\"Actividades de consultor\u00eda t\u00e9cnica, investigaci\u00f3n y servicios avanzados\",\"publisher\":{\"@id\":\"https:\/\/actisa.net\/web\/#organization\"},\"potentialAction\":[{\"@type\":\"SearchAction\",\"target\":{\"@type\":\"EntryPoint\",\"urlTemplate\":\"https:\/\/actisa.net\/web\/?s={search_term_string}\"},\"query-input\":{\"@type\":\"PropertyValueSpecification\",\"valueRequired\":true,\"valueName\":\"search_term_string\"}}],\"inLanguage\":\"es\"},{\"@type\":\"Organization\",\"@id\":\"https:\/\/actisa.net\/web\/#organization\",\"name\":\"Actisa\",\"url\":\"https:\/\/actisa.net\/web\/\",\"logo\":{\"@type\":\"ImageObject\",\"inLanguage\":\"es\",\"@id\":\"https:\/\/actisa.net\/web\/#\/schema\/logo\/image\/\",\"url\":\"https:\/\/actisa.net\/web\/wp-content\/uploads\/2023\/06\/actisaLogoFooter.png\",\"contentUrl\":\"https:\/\/actisa.net\/web\/wp-content\/uploads\/2023\/06\/actisaLogoFooter.png\",\"width\":254,\"height\":75,\"caption\":\"Actisa\"},\"image\":{\"@id\":\"https:\/\/actisa.net\/web\/#\/schema\/logo\/image\/\"}}]}<\/script>\n<!-- \/ Yoast SEO plugin. -->","yoast_head_json":{"title":"Comunicaci\u00f3n - Actisa","robots":{"index":"index","follow":"follow","max-snippet":"max-snippet:-1","max-image-preview":"max-image-preview:large","max-video-preview":"max-video-preview:-1"},"canonical":"https:\/\/actisa.net\/web\/comunicacion\/","og_locale":"es_ES","og_type":"article","og_title":"Comunicaci\u00f3n - Actisa","og_description":"COMUNICACI\u00d3N POL\u00cdTICA DE CALIDAD Y MEDIOAMBIENTE La filosof\u00eda de ACTIVIDADES DE CONSULTOR\u00cdA T\u00c9CNICA, INVESTIGACI\u00d3N Y SERVICIOS AVANZADOS S.L.\u00a0 (ACTISA) como empresa dedicada al Dise\u00f1o de proyectos de obra civil, direcciones de obras y asistencias t\u00e9cnicas y Desarrollo de proyectos tecnol\u00f3gicos en los campos de la ingenier\u00eda civil, arquitectura y transporte, en el \u00e1mbito de nacional [&hellip;]","og_url":"https:\/\/actisa.net\/web\/comunicacion\/","og_site_name":"Actisa","article_modified_time":"2023-10-31T11:41:19+00:00","og_image":[{"url":"https:\/\/actisa.net\/web\/wp-content\/uploads\/2023\/07\/Seal-of-Excellence.webp","type":"","width":"","height":""}],"twitter_card":"summary_large_image","twitter_misc":{"Tiempo de lectura":"5 minutos"},"schema":{"@context":"https:\/\/schema.org","@graph":[{"@type":"WebPage","@id":"https:\/\/actisa.net\/web\/comunicacion\/","url":"https:\/\/actisa.net\/web\/comunicacion\/","name":"Comunicaci\u00f3n - Actisa","isPartOf":{"@id":"https:\/\/actisa.net\/web\/#website"},"primaryImageOfPage":{"@id":"https:\/\/actisa.net\/web\/comunicacion\/#primaryimage"},"image":{"@id":"https:\/\/actisa.net\/web\/comunicacion\/#primaryimage"},"thumbnailUrl":"https:\/\/actisa.net\/web\/wp-content\/uploads\/2023\/07\/Seal-of-Excellence.webp","datePublished":"2023-07-03T11:58:49+00:00","dateModified":"2023-10-31T11:41:19+00:00","breadcrumb":{"@id":"https:\/\/actisa.net\/web\/comunicacion\/#breadcrumb"},"inLanguage":"es","potentialAction":[{"@type":"ReadAction","target":["https:\/\/actisa.net\/web\/comunicacion\/"]}]},{"@type":"ImageObject","inLanguage":"es","@id":"https:\/\/actisa.net\/web\/comunicacion\/#primaryimage","url":"https:\/\/actisa.net\/web\/wp-content\/uploads\/2023\/07\/Seal-of-Excellence.webp","contentUrl":"https:\/\/actisa.net\/web\/wp-content\/uploads\/2023\/07\/Seal-of-Excellence.webp","width":1241,"height":1754,"caption":"Seal of Excellence"},{"@type":"BreadcrumbList","@id":"https:\/\/actisa.net\/web\/comunicacion\/#breadcrumb","itemListElement":[{"@type":"ListItem","position":1,"name":"Portada","item":"https:\/\/actisa.net\/web\/"},{"@type":"ListItem","position":2,"name":"Comunicaci\u00f3n"}]},{"@type":"WebSite","@id":"https:\/\/actisa.net\/web\/#website","url":"https:\/\/actisa.net\/web\/","name":"Actisa","description":"Actividades de consultor\u00eda t\u00e9cnica, investigaci\u00f3n y servicios avanzados","publisher":{"@id":"https:\/\/actisa.net\/web\/#organization"},"potentialAction":[{"@type":"SearchAction","target":{"@type":"EntryPoint","urlTemplate":"https:\/\/actisa.net\/web\/?s={search_term_string}"},"query-input":{"@type":"PropertyValueSpecification","valueRequired":true,"valueName":"search_term_string"}}],"inLanguage":"es"},{"@type":"Organization","@id":"https:\/\/actisa.net\/web\/#organization","name":"Actisa","url":"https:\/\/actisa.net\/web\/","logo":{"@type":"ImageObject","inLanguage":"es","@id":"https:\/\/actisa.net\/web\/#\/schema\/logo\/image\/","url":"https:\/\/actisa.net\/web\/wp-content\/uploads\/2023\/06\/actisaLogoFooter.png","contentUrl":"https:\/\/actisa.net\/web\/wp-content\/uploads\/2023\/06\/actisaLogoFooter.png","width":254,"height":75,"caption":"Actisa"},"image":{"@id":"https:\/\/actisa.net\/web\/#\/schema\/logo\/image\/"}}]}},"lang":"es","translations":{"es":356,"en":1983},"pll_sync_post":[],"_links":{"self":[{"href":"https:\/\/actisa.net\/web\/wp-json\/wp\/v2\/pages\/356","targetHints":{"allow":["GET"]}}],"collection":[{"href":"https:\/\/actisa.net\/web\/wp-json\/wp\/v2\/pages"}],"about":[{"href":"https:\/\/actisa.net\/web\/wp-json\/wp\/v2\/types\/page"}],"author":[{"embeddable":true,"href":"https:\/\/actisa.net\/web\/wp-json\/wp\/v2\/users\/1"}],"replies":[{"embeddable":true,"href":"https:\/\/actisa.net\/web\/wp-json\/wp\/v2\/comments?post=356"}],"version-history":[{"count":76,"href":"https:\/\/actisa.net\/web\/wp-json\/wp\/v2\/pages\/356\/revisions"}],"predecessor-version":[{"id":2302,"href":"https:\/\/actisa.net\/web\/wp-json\/wp\/v2\/pages\/356\/revisions\/2302"}],"wp:attachment":[{"href":"https:\/\/actisa.net\/web\/wp-json\/wp\/v2\/media?parent=356"}],"curies":[{"name":"wp","href":"https:\/\/api.w.org\/{rel}","templated":true}]}}